{"id":379615,"date":"2025-05-18T21:07:05","date_gmt":"2025-05-18T21:07:05","guid":{"rendered":"https:\/\/staging2.stylingagenten.com\/no\/produkt\/paul-mitchell-awapuhi-wild-ginger-cream-rinse-250ml\/"},"modified":"2026-04-08T15:29:18","modified_gmt":"2026-04-08T15:29:18","slug":"paul-mitchell-awapuhi-wild-ginger-cream-rinse-250ml","status":"publish","type":"product","link":"https:\/\/stylingagenten.com\/no\/produkt\/paul-mitchell-awapuhi-wild-ginger-cream-rinse-250ml\/","title":{"rendered":"Paul Mitchell Awapuhi Wild Ginger Cream Rinse 250ml"},"content":{"rendered":"<p>Gi h\u00e5ret ditt umiddelbart den fuktighetsgivende kraften fra awapuhi med Paul Mitchell Awapuhi Wild Ginger Cream Rinse. Dette milde, fargebevarende balsamet l\u00f8ser opp floker og fyller p\u00e5 t\u00f8rt, t\u00f8rst h\u00e5r, noe som resulterer i silkeaktige og friske lokker.<\/p>\n<p>Den proteinberikede formelen styrker urolige lokker med KeraTriplex\u00ae keratinproteinteknologi. Den hjelper til med \u00e5 reparere hver enkelt h\u00e5rstr\u00e5 og beskytter mot skader, samtidig som h\u00e5ndplukket awapuhi-ekstrakt fra Hawaii mykgj\u00f8r og gir en str\u00e5lende glans.<\/p>\n<p>250ml<\/p>\n","protected":false},"excerpt":{"rendered":"<p>Gi h\u00e5ret ditt umiddelbart den fuktighetsgivende kraften fra awapuhi med Paul Mitchell Awapuhi Wild Ginger Cream Rinse. Dette milde, fargebevarende balsamet l\u00f8ser opp floker og fyller p\u00e5 t\u00f8rt, t\u00f8rst h\u00e5r, noe som resulterer i silkeaktige og friske lokker. Den proteinberikede formelen styrker urolige lokker med KeraTriplex\u00ae keratinproteinteknologi. Den hjelper til med \u00e5 reparere hver enkelt [&hellip;]<\/p>\n","protected":false},"featured_media":379609,"comment_status":"open","ping_status":"closed","template":"","meta":{"_trash_the_other_posts":false},"product_brand":[],"product_cat":[587,620],"product_tag":[3744],"berocket_brand":[1053],"class_list":{"0":"post-379615","1":"product","2":"type-product","3":"status-publish","4":"has-post-thumbnail","6":"product_cat-balsam","7":"product_cat-harmaske","8":"product_tag-paul-mitchell-awapuhi-wild-ginger-cream-rinse","9":"pa_brand-paul-mitchell","10":"pa_variant-250ml","11":"berocket_brand-paul-mitchell","13":"first","14":"instock","15":"sale","16":"taxable","17":"shipping-taxable","18":"purchasable","19":"product-type-simple"},"_links":{"self":[{"href":"https:\/\/stylingagenten.com\/no\/wp-json\/wp\/v2\/product\/379615","targetHints":{"allow":["GET"]}}],"collection":[{"href":"https:\/\/stylingagenten.com\/no\/wp-json\/wp\/v2\/product"}],"about":[{"href":"https:\/\/stylingagenten.com\/no\/wp-json\/wp\/v2\/types\/product"}],"replies":[{"embeddable":true,"href":"https:\/\/stylingagenten.com\/no\/wp-json\/wp\/v2\/comments?post=379615"}],"version-history":[{"count":0,"href":"https:\/\/stylingagenten.com\/no\/wp-json\/wp\/v2\/product\/379615\/revisions"}],"wp:featuredmedia":[{"embeddable":true,"href":"https:\/\/stylingagenten.com\/no\/wp-json\/wp\/v2\/media\/379609"}],"wp:attachment":[{"href":"https:\/\/stylingagenten.com\/no\/wp-json\/wp\/v2\/media?parent=379615"}],"wp:term":[{"taxonomy":"product_brand","embeddable":true,"href":"https:\/\/stylingagenten.com\/no\/wp-json\/wp\/v2\/product_brand?post=379615"},{"taxonomy":"product_cat","embeddable":true,"href":"https:\/\/stylingagenten.com\/no\/wp-json\/wp\/v2\/product_cat?post=379615"},{"taxonomy":"product_tag","embeddable":true,"href":"https:\/\/stylingagenten.com\/no\/wp-json\/wp\/v2\/product_tag?post=379615"},{"taxonomy":"berocket_brand","embeddable":true,"href":"https:\/\/stylingagenten.com\/no\/wp-json\/wp\/v2\/berocket_brand?post=379615"}],"curies":[{"name":"wp","href":"https:\/\/api.w.org\/{rel}","templated":true}]}}