{"id":379597,"date":"2025-05-18T21:07:00","date_gmt":"2025-05-18T21:07:00","guid":{"rendered":"https:\/\/staging2.stylingagenten.com\/no\/produkt\/paul-mitchell-awapuhi-wild-ginger-hydrasoft-conditioner-1000ml\/"},"modified":"2026-04-08T15:29:37","modified_gmt":"2026-04-08T15:29:37","slug":"paul-mitchell-awapuhi-wild-ginger-hydrasoft-conditioner-1000ml","status":"publish","type":"product","link":"https:\/\/stylingagenten.com\/no\/produkt\/paul-mitchell-awapuhi-wild-ginger-hydrasoft-conditioner-1000ml\/","title":{"rendered":"Paul Mitchell Awapuhi Wild Ginger HydraSoft Conditioner 1000ml"},"content":{"rendered":"<p>Opplev den ultimate pleien for h\u00e5ret ditt med Paul Mitchell Awapuhi Wild Ginger HydraSoft Conditioner. Denne balsamen er designet for \u00e5 gjenopprette h\u00e5rets naturlige skj\u00f8nnhet og styrke, samtidig som den gir en intens fuktighetsboost uten \u00e5 tynge ned.<\/p>\n<p>HydraSoft Conditioner pleier og fyller p\u00e5 h\u00e5ret ditt med den revolusjonerende HydraTriplex\u2122-blandingen. Denne unike miksen av aminosyrer, vegetabilsk protein og n\u00e6rende oljer trenger dypt inn i h\u00e5rstr\u00e5et for \u00e5 fukte, binde og forsegle fuktigheten for langvarige resultater.<\/p>\n<p>Beriket med hyaluronsyre, vegansk kollagen og planteekstrakter, tilbyr HydraSoft Conditioner en overlegen fuktighetsniv\u00e5 som gj\u00f8r h\u00e5ret ditt silkeaktig og glansfullt uten \u00e5 f\u00f8les tungt. Hver bruk styrker og beskytter hvert h\u00e5rstr\u00e5, noe som resulterer i sunt, livfullt og lettstelt h\u00e5r.<\/p>\n<p>1000ml<\/p>\n","protected":false},"excerpt":{"rendered":"<p>Opplev den ultimate pleien for h\u00e5ret ditt med Paul Mitchell Awapuhi Wild Ginger HydraSoft Conditioner. Denne balsamen er designet for \u00e5 gjenopprette h\u00e5rets naturlige skj\u00f8nnhet og styrke, samtidig som den gir en intens fuktighetsboost uten \u00e5 tynge ned. HydraSoft Conditioner pleier og fyller p\u00e5 h\u00e5ret ditt med den revolusjonerende HydraTriplex\u2122-blandingen. Denne unike miksen av aminosyrer, [&hellip;]<\/p>\n","protected":false},"featured_media":379588,"comment_status":"open","ping_status":"closed","template":"","meta":{"_trash_the_other_posts":false},"product_brand":[],"product_cat":[587],"product_tag":[3746],"berocket_brand":[1053],"class_list":{"0":"post-379597","1":"product","2":"type-product","3":"status-publish","4":"has-post-thumbnail","6":"product_cat-balsam","7":"product_tag-paul-mitchell-awapuhi-wild-ginger-hydrasoft-conditioner","8":"pa_brand-paul-mitchell","9":"pa_variant-1000ml","10":"berocket_brand-paul-mitchell","12":"first","13":"instock","14":"sale","15":"taxable","16":"shipping-taxable","17":"purchasable","18":"product-type-simple"},"_links":{"self":[{"href":"https:\/\/stylingagenten.com\/no\/wp-json\/wp\/v2\/product\/379597","targetHints":{"allow":["GET"]}}],"collection":[{"href":"https:\/\/stylingagenten.com\/no\/wp-json\/wp\/v2\/product"}],"about":[{"href":"https:\/\/stylingagenten.com\/no\/wp-json\/wp\/v2\/types\/product"}],"replies":[{"embeddable":true,"href":"https:\/\/stylingagenten.com\/no\/wp-json\/wp\/v2\/comments?post=379597"}],"version-history":[{"count":0,"href":"https:\/\/stylingagenten.com\/no\/wp-json\/wp\/v2\/product\/379597\/revisions"}],"wp:featuredmedia":[{"embeddable":true,"href":"https:\/\/stylingagenten.com\/no\/wp-json\/wp\/v2\/media\/379588"}],"wp:attachment":[{"href":"https:\/\/stylingagenten.com\/no\/wp-json\/wp\/v2\/media?parent=379597"}],"wp:term":[{"taxonomy":"product_brand","embeddable":true,"href":"https:\/\/stylingagenten.com\/no\/wp-json\/wp\/v2\/product_brand?post=379597"},{"taxonomy":"product_cat","embeddable":true,"href":"https:\/\/stylingagenten.com\/no\/wp-json\/wp\/v2\/product_cat?post=379597"},{"taxonomy":"product_tag","embeddable":true,"href":"https:\/\/stylingagenten.com\/no\/wp-json\/wp\/v2\/product_tag?post=379597"},{"taxonomy":"berocket_brand","embeddable":true,"href":"https:\/\/stylingagenten.com\/no\/wp-json\/wp\/v2\/berocket_brand?post=379597"}],"curies":[{"name":"wp","href":"https:\/\/api.w.org\/{rel}","templated":true}]}}