{"id":379585,"date":"2025-05-18T21:06:57","date_gmt":"2025-05-18T21:06:57","guid":{"rendered":"https:\/\/staging2.stylingagenten.com\/no\/produkt\/eleven-australia-keep-my-colour-blonde-conditioner-300ml\/"},"modified":"2026-03-24T20:07:48","modified_gmt":"2026-03-24T20:07:48","slug":"eleven-australia-keep-my-colour-blonde-conditioner-300ml","status":"publish","type":"product","link":"https:\/\/stylingagenten.com\/no\/produkt\/eleven-australia-keep-my-colour-blonde-conditioner-300ml\/","title":{"rendered":"Eleven Australia Keep My Colour Blonde Conditioner 300ml"},"content":{"rendered":"<p>KEEP MY COLOR BLONDE CONDITIONER er en toning conditioner for farget og naturlig blondt h\u00e5r. Booster blonde kalde toner i h\u00e5ret og motvirker u\u00f8nskede varme toner. Inneholder ekstrakt av gr\u00f8nn te, som er rik p\u00e5 antioksidanter og gir h\u00e5ret glans. Ekstrakt av sitrongress som er en rik kilde til vitaminer som bidrar til \u00e5 styrke h\u00e5rsekkene. Hydrolysert quinoa som reparerer, beskytter og gir n\u00e6ring til h\u00e5ret.<\/p>\n","protected":false},"excerpt":{"rendered":"<p>KEEP MY COLOR BLONDE CONDITIONER er en toning conditioner for farget og naturlig blondt h\u00e5r. Booster blonde kalde toner i h\u00e5ret og motvirker u\u00f8nskede varme toner. Inneholder ekstrakt av gr\u00f8nn te, som er rik p\u00e5 antioksidanter og gir h\u00e5ret glans. Ekstrakt av sitrongress som er en rik kilde til vitaminer som bidrar til \u00e5 styrke [&hellip;]<\/p>\n","protected":false},"featured_media":379582,"comment_status":"open","ping_status":"closed","template":"","meta":{"_trash_the_other_posts":false},"product_brand":[],"product_cat":[587],"product_tag":[],"berocket_brand":[1386],"class_list":{"0":"post-379585","1":"product","2":"type-product","3":"status-publish","4":"has-post-thumbnail","6":"product_cat-balsam","7":"pa_brand-eleven-australia","8":"berocket_brand-eleven-australia","10":"first","11":"instock","12":"sale","13":"taxable","14":"shipping-taxable","15":"purchasable","16":"product-type-simple"},"_links":{"self":[{"href":"https:\/\/stylingagenten.com\/no\/wp-json\/wp\/v2\/product\/379585","targetHints":{"allow":["GET"]}}],"collection":[{"href":"https:\/\/stylingagenten.com\/no\/wp-json\/wp\/v2\/product"}],"about":[{"href":"https:\/\/stylingagenten.com\/no\/wp-json\/wp\/v2\/types\/product"}],"replies":[{"embeddable":true,"href":"https:\/\/stylingagenten.com\/no\/wp-json\/wp\/v2\/comments?post=379585"}],"version-history":[{"count":0,"href":"https:\/\/stylingagenten.com\/no\/wp-json\/wp\/v2\/product\/379585\/revisions"}],"wp:featuredmedia":[{"embeddable":true,"href":"https:\/\/stylingagenten.com\/no\/wp-json\/wp\/v2\/media\/379582"}],"wp:attachment":[{"href":"https:\/\/stylingagenten.com\/no\/wp-json\/wp\/v2\/media?parent=379585"}],"wp:term":[{"taxonomy":"product_brand","embeddable":true,"href":"https:\/\/stylingagenten.com\/no\/wp-json\/wp\/v2\/product_brand?post=379585"},{"taxonomy":"product_cat","embeddable":true,"href":"https:\/\/stylingagenten.com\/no\/wp-json\/wp\/v2\/product_cat?post=379585"},{"taxonomy":"product_tag","embeddable":true,"href":"https:\/\/stylingagenten.com\/no\/wp-json\/wp\/v2\/product_tag?post=379585"},{"taxonomy":"berocket_brand","embeddable":true,"href":"https:\/\/stylingagenten.com\/no\/wp-json\/wp\/v2\/berocket_brand?post=379585"}],"curies":[{"name":"wp","href":"https:\/\/api.w.org\/{rel}","templated":true}]}}