{"id":379547,"date":"2025-05-18T21:06:44","date_gmt":"2025-05-18T21:06:44","guid":{"rendered":"https:\/\/staging2.stylingagenten.com\/no\/produkt\/olaplex-no-5p-blonde-enhancer-toning-conditioner-1000ml\/"},"modified":"2026-04-08T15:30:17","modified_gmt":"2026-04-08T15:30:17","slug":"olaplex-no-5p-blonde-enhancer-toning-conditioner-1000ml","status":"publish","type":"product","link":"https:\/\/stylingagenten.com\/no\/produkt\/olaplex-no-5p-blonde-enhancer-toning-conditioner-1000ml\/","title":{"rendered":"Olaplex No.5P Blonde Enhancer Toning Conditioner 1000ml"},"content":{"rendered":"<p>Matte, t\u00f8rre og gule toner h\u00f8rer fortiden til. Fremtiden for blondt h\u00e5r er lys og myk, en skinnende og fuktig manke. No.5P Blonde Enhancer\u2122 Toning Conditioner er ikke bare en s\u00f8lvbalsam. Det er en n\u00e6rende balsam som bevarer fargen og n\u00f8ytraliserer u\u00f8nskede gule og oransje toner fra rot til tupp, samt mykgj\u00f8r, l\u00f8ser opp floker og styrker h\u00e5ret. H\u00e5ret f\u00e5r en klar og skinnende nyanse ved hver bruk. OLAPLEX Bond Building Technology\u2122 bidrar til \u00e5 holde blondt og gr\u00e5tt h\u00e5r sterkt og sunt, noen av de mest delikate h\u00e5rfargene og ofte mer utsatt for skader.<\/p>\n<p>Bruk:<br \/>\n<br \/>No.5P er en del av en tilpassbar h\u00e5rpleierutine. Bruk etter No.4P Toning Shampoo for en mer intens tone eller alene for mer subtil toning og ved hyppigere bruk. P\u00e5f\u00f8r en sjener\u00f8s mengde i rent, fuktig h\u00e5r. La virke i 3 minutter. Skyll grundig. Bruk hver uke eller etter behov.<\/p>\n<p>1000ml<\/p>\n","protected":false},"excerpt":{"rendered":"<p>Matte, t\u00f8rre og gule toner h\u00f8rer fortiden til. Fremtiden for blondt h\u00e5r er lys og myk, en skinnende og fuktig manke. No.5P Blonde Enhancer\u2122 Toning Conditioner er ikke bare en s\u00f8lvbalsam. Det er en n\u00e6rende balsam som bevarer fargen og n\u00f8ytraliserer u\u00f8nskede gule og oransje toner fra rot til tupp, samt mykgj\u00f8r, l\u00f8ser opp floker [&hellip;]<\/p>\n","protected":false},"featured_media":379543,"comment_status":"open","ping_status":"closed","template":"","meta":{"_trash_the_other_posts":false},"product_brand":[],"product_cat":[587],"product_tag":[3719],"berocket_brand":[1023],"class_list":{"0":"post-379547","1":"product","2":"type-product","3":"status-publish","4":"has-post-thumbnail","6":"product_cat-balsam","7":"product_tag-olaplex-no-5p-blonde-enhancer-toning-conditioner","8":"pa_brand-olaplex","9":"pa_variant-1000ml","10":"berocket_brand-olaplex","12":"first","13":"instock","14":"sale","15":"taxable","16":"shipping-taxable","17":"purchasable","18":"product-type-simple"},"_links":{"self":[{"href":"https:\/\/stylingagenten.com\/no\/wp-json\/wp\/v2\/product\/379547","targetHints":{"allow":["GET"]}}],"collection":[{"href":"https:\/\/stylingagenten.com\/no\/wp-json\/wp\/v2\/product"}],"about":[{"href":"https:\/\/stylingagenten.com\/no\/wp-json\/wp\/v2\/types\/product"}],"replies":[{"embeddable":true,"href":"https:\/\/stylingagenten.com\/no\/wp-json\/wp\/v2\/comments?post=379547"}],"version-history":[{"count":0,"href":"https:\/\/stylingagenten.com\/no\/wp-json\/wp\/v2\/product\/379547\/revisions"}],"wp:featuredmedia":[{"embeddable":true,"href":"https:\/\/stylingagenten.com\/no\/wp-json\/wp\/v2\/media\/379543"}],"wp:attachment":[{"href":"https:\/\/stylingagenten.com\/no\/wp-json\/wp\/v2\/media?parent=379547"}],"wp:term":[{"taxonomy":"product_brand","embeddable":true,"href":"https:\/\/stylingagenten.com\/no\/wp-json\/wp\/v2\/product_brand?post=379547"},{"taxonomy":"product_cat","embeddable":true,"href":"https:\/\/stylingagenten.com\/no\/wp-json\/wp\/v2\/product_cat?post=379547"},{"taxonomy":"product_tag","embeddable":true,"href":"https:\/\/stylingagenten.com\/no\/wp-json\/wp\/v2\/product_tag?post=379547"},{"taxonomy":"berocket_brand","embeddable":true,"href":"https:\/\/stylingagenten.com\/no\/wp-json\/wp\/v2\/berocket_brand?post=379547"}],"curies":[{"name":"wp","href":"https:\/\/api.w.org\/{rel}","templated":true}]}}