{"id":379509,"date":"2025-05-18T21:06:27","date_gmt":"2025-05-18T21:06:27","guid":{"rendered":"https:\/\/staging2.stylingagenten.com\/no\/produkt\/loreal-professionnel-serie-expert-blondifier-conditioner-200ml\/"},"modified":"2026-03-18T17:48:03","modified_gmt":"2026-03-18T17:48:03","slug":"loreal-professionnel-serie-expert-blondifier-conditioner-200ml","status":"publish","type":"product","link":"https:\/\/stylingagenten.com\/no\/produkt\/loreal-professionnel-serie-expert-blondifier-conditioner-200ml\/","title":{"rendered":"L&#8217;Or\u00e9al Professionnel S\u00e9rie Expert Blondifier Conditioner 200ml"},"content":{"rendered":"<p>L&#8217;Or\u00e9al Professionnel Blondifier Conditioner er en reparerende og lysreflekterende* balsam for stripet eller blondt h\u00e5r. Den inneholder acai-b\u00e6rekstrakt som er rik p\u00e5 polyfenoler. Fremhever det blonde h\u00e5rets multidimensjonale glans.* H\u00e5ret blir umiddelbart glansigere.<\/p>\n<p>*Instrumentell test, Blondifier Gloss Shampoo + maske. S\u00e9rie Expert jobber for \u00e5 redusere produktenes milj\u00f8p\u00e5virkning. Redesignet flaske laget av 100 prosent resirkulerbar plast og med lettere emballasje.<\/p>\n<p>200ml<\/p>\n","protected":false},"excerpt":{"rendered":"<p>L&#8217;Or\u00e9al Professionnel Blondifier Conditioner er en reparerende og lysreflekterende* balsam for stripet eller blondt h\u00e5r. Den inneholder acai-b\u00e6rekstrakt som er rik p\u00e5 polyfenoler. Fremhever det blonde h\u00e5rets multidimensjonale glans.* H\u00e5ret blir umiddelbart glansigere. *Instrumentell test, Blondifier Gloss Shampoo + maske. S\u00e9rie Expert jobber for \u00e5 redusere produktenes milj\u00f8p\u00e5virkning. Redesignet flaske laget av 100 prosent resirkulerbar [&hellip;]<\/p>\n","protected":false},"featured_media":379506,"comment_status":"open","ping_status":"closed","template":"","meta":{"_trash_the_other_posts":false},"product_brand":[],"product_cat":[587],"product_tag":[],"berocket_brand":[2001],"class_list":{"0":"post-379509","1":"product","2":"type-product","3":"status-publish","4":"has-post-thumbnail","6":"product_cat-balsam","7":"pa_brand-loreal-paris","8":"berocket_brand-loreal-paris","10":"first","11":"instock","12":"sale","13":"taxable","14":"shipping-taxable","15":"purchasable","16":"product-type-simple"},"_links":{"self":[{"href":"https:\/\/stylingagenten.com\/no\/wp-json\/wp\/v2\/product\/379509","targetHints":{"allow":["GET"]}}],"collection":[{"href":"https:\/\/stylingagenten.com\/no\/wp-json\/wp\/v2\/product"}],"about":[{"href":"https:\/\/stylingagenten.com\/no\/wp-json\/wp\/v2\/types\/product"}],"replies":[{"embeddable":true,"href":"https:\/\/stylingagenten.com\/no\/wp-json\/wp\/v2\/comments?post=379509"}],"version-history":[{"count":0,"href":"https:\/\/stylingagenten.com\/no\/wp-json\/wp\/v2\/product\/379509\/revisions"}],"wp:featuredmedia":[{"embeddable":true,"href":"https:\/\/stylingagenten.com\/no\/wp-json\/wp\/v2\/media\/379506"}],"wp:attachment":[{"href":"https:\/\/stylingagenten.com\/no\/wp-json\/wp\/v2\/media?parent=379509"}],"wp:term":[{"taxonomy":"product_brand","embeddable":true,"href":"https:\/\/stylingagenten.com\/no\/wp-json\/wp\/v2\/product_brand?post=379509"},{"taxonomy":"product_cat","embeddable":true,"href":"https:\/\/stylingagenten.com\/no\/wp-json\/wp\/v2\/product_cat?post=379509"},{"taxonomy":"product_tag","embeddable":true,"href":"https:\/\/stylingagenten.com\/no\/wp-json\/wp\/v2\/product_tag?post=379509"},{"taxonomy":"berocket_brand","embeddable":true,"href":"https:\/\/stylingagenten.com\/no\/wp-json\/wp\/v2\/berocket_brand?post=379509"}],"curies":[{"name":"wp","href":"https:\/\/api.w.org\/{rel}","templated":true}]}}