{"id":379489,"date":"2025-05-18T21:06:16","date_gmt":"2025-05-18T21:06:16","guid":{"rendered":"https:\/\/staging2.stylingagenten.com\/no\/produkt\/ref-illuminate-colour-conditioner-750ml\/"},"modified":"2025-11-19T09:47:17","modified_gmt":"2025-11-19T09:47:17","slug":"ref-illuminate-colour-conditioner-750ml","status":"publish","type":"product","link":"https:\/\/stylingagenten.com\/no\/produkt\/ref-illuminate-colour-conditioner-750ml\/","title":{"rendered":"REF Illuminate Colour Conditioner 750ml"},"content":{"rendered":"<p>REF Illuminate Color Conditioner er en balsam med botaniske ekstrakter som er spesielt utvalgt for \u00e5 beskytte, styrke, n\u00e6re og l\u00f8sne h\u00e5ret. Balsamen gir en vektl\u00f8s glans med en vakker glans til b\u00e5de naturlig og farget h\u00e5r. Forbedrer fargerefleksjon og h\u00e5ndterbarhet. + FARGEBEHOLDER<\/p>\n<p>+ STYRKENDE KINOA-PROTEIN<\/p>\n<p>+ \u00d8KOLOGISK ACAI-OLJE<\/p>\n<p>Gravhetsfri<\/p>\n<p>100 % vegansk<\/p>\n","protected":false},"excerpt":{"rendered":"<p>REF Illuminate Color Conditioner er en balsam med botaniske ekstrakter som er spesielt utvalgt for \u00e5 beskytte, styrke, n\u00e6re og l\u00f8sne h\u00e5ret. Balsamen gir en vektl\u00f8s glans med en vakker glans til b\u00e5de naturlig og farget h\u00e5r. Forbedrer fargerefleksjon og h\u00e5ndterbarhet. + FARGEBEHOLDER + STYRKENDE KINOA-PROTEIN + \u00d8KOLOGISK ACAI-OLJE Gravhetsfri 100 % vegansk<\/p>\n","protected":false},"featured_media":379488,"comment_status":"open","ping_status":"closed","template":"","meta":{"_trash_the_other_posts":false},"product_brand":[],"product_cat":[587],"product_tag":[3867],"berocket_brand":[1209],"class_list":{"0":"post-379489","1":"product","2":"type-product","3":"status-publish","4":"has-post-thumbnail","6":"product_cat-balsam","7":"product_tag-ref-illuminate-colour-conditioner","8":"pa_brand-ref","9":"pa_variant-750ml","10":"berocket_brand-ref","12":"first","13":"outofstock","14":"sale","15":"taxable","16":"shipping-taxable","17":"purchasable","18":"product-type-simple"},"_links":{"self":[{"href":"https:\/\/stylingagenten.com\/no\/wp-json\/wp\/v2\/product\/379489","targetHints":{"allow":["GET"]}}],"collection":[{"href":"https:\/\/stylingagenten.com\/no\/wp-json\/wp\/v2\/product"}],"about":[{"href":"https:\/\/stylingagenten.com\/no\/wp-json\/wp\/v2\/types\/product"}],"replies":[{"embeddable":true,"href":"https:\/\/stylingagenten.com\/no\/wp-json\/wp\/v2\/comments?post=379489"}],"version-history":[{"count":0,"href":"https:\/\/stylingagenten.com\/no\/wp-json\/wp\/v2\/product\/379489\/revisions"}],"wp:featuredmedia":[{"embeddable":true,"href":"https:\/\/stylingagenten.com\/no\/wp-json\/wp\/v2\/media\/379488"}],"wp:attachment":[{"href":"https:\/\/stylingagenten.com\/no\/wp-json\/wp\/v2\/media?parent=379489"}],"wp:term":[{"taxonomy":"product_brand","embeddable":true,"href":"https:\/\/stylingagenten.com\/no\/wp-json\/wp\/v2\/product_brand?post=379489"},{"taxonomy":"product_cat","embeddable":true,"href":"https:\/\/stylingagenten.com\/no\/wp-json\/wp\/v2\/product_cat?post=379489"},{"taxonomy":"product_tag","embeddable":true,"href":"https:\/\/stylingagenten.com\/no\/wp-json\/wp\/v2\/product_tag?post=379489"},{"taxonomy":"berocket_brand","embeddable":true,"href":"https:\/\/stylingagenten.com\/no\/wp-json\/wp\/v2\/berocket_brand?post=379489"}],"curies":[{"name":"wp","href":"https:\/\/api.w.org\/{rel}","templated":true}]}}