{"id":379485,"date":"2025-05-18T21:06:14","date_gmt":"2025-05-18T21:06:14","guid":{"rendered":"https:\/\/staging2.stylingagenten.com\/no\/produkt\/system-professional-color-save-conditioner-200ml\/"},"modified":"2026-03-11T21:54:26","modified_gmt":"2026-03-11T21:54:26","slug":"system-professional-color-save-conditioner-200ml","status":"publish","type":"product","link":"https:\/\/stylingagenten.com\/no\/produkt\/system-professional-color-save-conditioner-200ml\/","title":{"rendered":"System Professional Color Save Conditioner 200ml"},"content":{"rendered":"<p>System Professional Color Save Balsam er en fargeforsterkende balsam for farget h\u00e5r. Denne utglattende balsamen beskytter fargens glans, motvirker at fargen falmer og gj\u00f8r h\u00e5ret lettere \u00e5 gre. Color Save balsam passer for alle fargetyper og beskytter mot UV-str\u00e5ling.<\/p>\n<p>Color Save-serien er utviklet for \u00e5 reparere og fremheve farget h\u00e5r, gi det langvarig glans og samtidig bevare en sunn og str\u00e5lende gl\u00f8d.<\/p>\n<p>200ml<\/p>\n","protected":false},"excerpt":{"rendered":"<p>System Professional Color Save Balsam er en fargeforsterkende balsam for farget h\u00e5r. Denne utglattende balsamen beskytter fargens glans, motvirker at fargen falmer og gj\u00f8r h\u00e5ret lettere \u00e5 gre. Color Save balsam passer for alle fargetyper og beskytter mot UV-str\u00e5ling. Color Save-serien er utviklet for \u00e5 reparere og fremheve farget h\u00e5r, gi det langvarig glans og [&hellip;]<\/p>\n","protected":false},"featured_media":379479,"comment_status":"open","ping_status":"closed","template":"","meta":{"_trash_the_other_posts":false},"product_brand":[],"product_cat":[587],"product_tag":[],"berocket_brand":[1995],"class_list":{"0":"post-379485","1":"product","2":"type-product","3":"status-publish","4":"has-post-thumbnail","6":"product_cat-balsam","7":"pa_brand-system-professional","8":"berocket_brand-system-professional","10":"first","11":"instock","12":"sale","13":"taxable","14":"shipping-taxable","15":"purchasable","16":"product-type-simple"},"_links":{"self":[{"href":"https:\/\/stylingagenten.com\/no\/wp-json\/wp\/v2\/product\/379485","targetHints":{"allow":["GET"]}}],"collection":[{"href":"https:\/\/stylingagenten.com\/no\/wp-json\/wp\/v2\/product"}],"about":[{"href":"https:\/\/stylingagenten.com\/no\/wp-json\/wp\/v2\/types\/product"}],"replies":[{"embeddable":true,"href":"https:\/\/stylingagenten.com\/no\/wp-json\/wp\/v2\/comments?post=379485"}],"version-history":[{"count":0,"href":"https:\/\/stylingagenten.com\/no\/wp-json\/wp\/v2\/product\/379485\/revisions"}],"wp:featuredmedia":[{"embeddable":true,"href":"https:\/\/stylingagenten.com\/no\/wp-json\/wp\/v2\/media\/379479"}],"wp:attachment":[{"href":"https:\/\/stylingagenten.com\/no\/wp-json\/wp\/v2\/media?parent=379485"}],"wp:term":[{"taxonomy":"product_brand","embeddable":true,"href":"https:\/\/stylingagenten.com\/no\/wp-json\/wp\/v2\/product_brand?post=379485"},{"taxonomy":"product_cat","embeddable":true,"href":"https:\/\/stylingagenten.com\/no\/wp-json\/wp\/v2\/product_cat?post=379485"},{"taxonomy":"product_tag","embeddable":true,"href":"https:\/\/stylingagenten.com\/no\/wp-json\/wp\/v2\/product_tag?post=379485"},{"taxonomy":"berocket_brand","embeddable":true,"href":"https:\/\/stylingagenten.com\/no\/wp-json\/wp\/v2\/berocket_brand?post=379485"}],"curies":[{"name":"wp","href":"https:\/\/api.w.org\/{rel}","templated":true}]}}