{"id":379478,"date":"2025-05-18T21:06:09","date_gmt":"2025-05-18T21:06:09","guid":{"rendered":"https:\/\/staging2.stylingagenten.com\/no\/produkt\/balmain-volume-conditioner-300ml\/"},"modified":"2026-04-14T09:07:38","modified_gmt":"2026-04-14T09:07:38","slug":"balmain-volume-conditioner-300ml","status":"publish","type":"product","link":"https:\/\/stylingagenten.com\/no\/produkt\/balmain-volume-conditioner-300ml\/","title":{"rendered":"Balmain Volume Conditioner 300ml"},"content":{"rendered":"<p>Balmain Volume Conditioner er en volumbalsam som gir et lett, fyldig og glansfullt resultat uten \u00e5 tynge h\u00e5ret. Lett \u00e5 gre ut, denne pleiende volumbalsamen inneholder ikke un\u00f8dvendige ingredienser.<\/p>\n<p>300 ml<\/p>\n","protected":false},"excerpt":{"rendered":"<p>Balmain Volume Conditioner er en volumbalsam som gir et lett, fyldig og glansfullt resultat uten \u00e5 tynge h\u00e5ret. Lett \u00e5 gre ut, denne pleiende volumbalsamen inneholder ikke un\u00f8dvendige ingredienser. 300 ml<\/p>\n","protected":false},"featured_media":379472,"comment_status":"open","ping_status":"closed","template":"","meta":{"_trash_the_other_posts":false},"product_brand":[],"product_cat":[587],"product_tag":[],"berocket_brand":[1144],"class_list":{"0":"post-379478","1":"product","2":"type-product","3":"status-publish","4":"has-post-thumbnail","6":"product_cat-balsam","7":"pa_brand-balmain","8":"berocket_brand-balmain","10":"first","11":"instock","12":"sale","13":"taxable","14":"shipping-taxable","15":"purchasable","16":"product-type-simple"},"_links":{"self":[{"href":"https:\/\/stylingagenten.com\/no\/wp-json\/wp\/v2\/product\/379478","targetHints":{"allow":["GET"]}}],"collection":[{"href":"https:\/\/stylingagenten.com\/no\/wp-json\/wp\/v2\/product"}],"about":[{"href":"https:\/\/stylingagenten.com\/no\/wp-json\/wp\/v2\/types\/product"}],"replies":[{"embeddable":true,"href":"https:\/\/stylingagenten.com\/no\/wp-json\/wp\/v2\/comments?post=379478"}],"version-history":[{"count":0,"href":"https:\/\/stylingagenten.com\/no\/wp-json\/wp\/v2\/product\/379478\/revisions"}],"wp:featuredmedia":[{"embeddable":true,"href":"https:\/\/stylingagenten.com\/no\/wp-json\/wp\/v2\/media\/379472"}],"wp:attachment":[{"href":"https:\/\/stylingagenten.com\/no\/wp-json\/wp\/v2\/media?parent=379478"}],"wp:term":[{"taxonomy":"product_brand","embeddable":true,"href":"https:\/\/stylingagenten.com\/no\/wp-json\/wp\/v2\/product_brand?post=379478"},{"taxonomy":"product_cat","embeddable":true,"href":"https:\/\/stylingagenten.com\/no\/wp-json\/wp\/v2\/product_cat?post=379478"},{"taxonomy":"product_tag","embeddable":true,"href":"https:\/\/stylingagenten.com\/no\/wp-json\/wp\/v2\/product_tag?post=379478"},{"taxonomy":"berocket_brand","embeddable":true,"href":"https:\/\/stylingagenten.com\/no\/wp-json\/wp\/v2\/berocket_brand?post=379478"}],"curies":[{"name":"wp","href":"https:\/\/api.w.org\/{rel}","templated":true}]}}