{"id":379456,"date":"2025-05-18T21:06:00","date_gmt":"2025-05-18T21:06:00","guid":{"rendered":"https:\/\/staging2.stylingagenten.com\/no\/produkt\/system-professional-repair-conditioner-200ml\/"},"modified":"2026-03-11T21:54:21","modified_gmt":"2026-03-11T21:54:21","slug":"system-professional-repair-conditioner-200ml","status":"publish","type":"product","link":"https:\/\/stylingagenten.com\/no\/produkt\/system-professional-repair-conditioner-200ml\/","title":{"rendered":"System Professional Repair Conditioner 200ml"},"content":{"rendered":"<p>System Professional Repair Conditioner er en n\u00e6rende balsam for farget eller skadet h\u00e5r. Denne utglattende balsamen gj\u00f8r h\u00e5ret mer h\u00e5ndterbart, glatt og lettere \u00e5 kamme, og gir det mykt og silkeaktig.<\/p>\n<p>System Professional Repair-serien er utviklet for \u00e5 reparere og styrke skadet og skj\u00f8r h\u00e5r. Den unike formelen inneholder avanserte FibraBuild-molekyler som reparerer, gir n\u00e6ring og fornyer skadde omr\u00e5der, og beskytter h\u00e5ret mot ytterligere stress.<\/p>\n<p>200ml<\/p>\n","protected":false},"excerpt":{"rendered":"<p>System Professional Repair Conditioner er en n\u00e6rende balsam for farget eller skadet h\u00e5r. Denne utglattende balsamen gj\u00f8r h\u00e5ret mer h\u00e5ndterbart, glatt og lettere \u00e5 kamme, og gir det mykt og silkeaktig. System Professional Repair-serien er utviklet for \u00e5 reparere og styrke skadet og skj\u00f8r h\u00e5r. Den unike formelen inneholder avanserte FibraBuild-molekyler som reparerer, gir n\u00e6ring [&hellip;]<\/p>\n","protected":false},"featured_media":379450,"comment_status":"open","ping_status":"closed","template":"","meta":{"_trash_the_other_posts":false},"product_brand":[],"product_cat":[587],"product_tag":[],"berocket_brand":[1995],"class_list":{"0":"post-379456","1":"product","2":"type-product","3":"status-publish","4":"has-post-thumbnail","6":"product_cat-balsam","7":"pa_brand-system-professional","8":"berocket_brand-system-professional","10":"first","11":"instock","12":"sale","13":"taxable","14":"shipping-taxable","15":"purchasable","16":"product-type-simple"},"_links":{"self":[{"href":"https:\/\/stylingagenten.com\/no\/wp-json\/wp\/v2\/product\/379456","targetHints":{"allow":["GET"]}}],"collection":[{"href":"https:\/\/stylingagenten.com\/no\/wp-json\/wp\/v2\/product"}],"about":[{"href":"https:\/\/stylingagenten.com\/no\/wp-json\/wp\/v2\/types\/product"}],"replies":[{"embeddable":true,"href":"https:\/\/stylingagenten.com\/no\/wp-json\/wp\/v2\/comments?post=379456"}],"version-history":[{"count":0,"href":"https:\/\/stylingagenten.com\/no\/wp-json\/wp\/v2\/product\/379456\/revisions"}],"wp:featuredmedia":[{"embeddable":true,"href":"https:\/\/stylingagenten.com\/no\/wp-json\/wp\/v2\/media\/379450"}],"wp:attachment":[{"href":"https:\/\/stylingagenten.com\/no\/wp-json\/wp\/v2\/media?parent=379456"}],"wp:term":[{"taxonomy":"product_brand","embeddable":true,"href":"https:\/\/stylingagenten.com\/no\/wp-json\/wp\/v2\/product_brand?post=379456"},{"taxonomy":"product_cat","embeddable":true,"href":"https:\/\/stylingagenten.com\/no\/wp-json\/wp\/v2\/product_cat?post=379456"},{"taxonomy":"product_tag","embeddable":true,"href":"https:\/\/stylingagenten.com\/no\/wp-json\/wp\/v2\/product_tag?post=379456"},{"taxonomy":"berocket_brand","embeddable":true,"href":"https:\/\/stylingagenten.com\/no\/wp-json\/wp\/v2\/berocket_brand?post=379456"}],"curies":[{"name":"wp","href":"https:\/\/api.w.org\/{rel}","templated":true}]}}