{"id":379415,"date":"2025-05-18T21:05:42","date_gmt":"2025-05-18T21:05:42","guid":{"rendered":"https:\/\/staging2.stylingagenten.com\/no\/produkt\/system-professional-smoothen-conditioner-200ml\/"},"modified":"2026-03-11T21:54:21","modified_gmt":"2026-03-11T21:54:21","slug":"system-professional-smoothen-conditioner-200ml","status":"publish","type":"product","link":"https:\/\/stylingagenten.com\/no\/produkt\/system-professional-smoothen-conditioner-200ml\/","title":{"rendered":"System Professional Smoothen Conditioner 200ml"},"content":{"rendered":"<p>System Professional Smoothen Conditioner er en utredende og mykgj\u00f8rende balsam for ustyrlig h\u00e5r. Den temmer frizzy og fuktskadet h\u00e5r, roer ned h\u00e5rstrukturen og gj\u00f8r det lettere \u00e5 gre. Passer perfekt for rebellisk, grovt, kr\u00f8llete eller vanskelig h\u00e5r.<\/p>\n<p>Smoothen-serien gir aktiv n\u00e6ring til h\u00e5ret, balanserer dets hydrolipidprofil og beskytter mot videre utt\u00f8rking.<\/p>\n<p>200ml<\/p>\n","protected":false},"excerpt":{"rendered":"<p>System Professional Smoothen Conditioner er en utredende og mykgj\u00f8rende balsam for ustyrlig h\u00e5r. Den temmer frizzy og fuktskadet h\u00e5r, roer ned h\u00e5rstrukturen og gj\u00f8r det lettere \u00e5 gre. Passer perfekt for rebellisk, grovt, kr\u00f8llete eller vanskelig h\u00e5r. Smoothen-serien gir aktiv n\u00e6ring til h\u00e5ret, balanserer dets hydrolipidprofil og beskytter mot videre utt\u00f8rking. 200ml<\/p>\n","protected":false},"featured_media":379402,"comment_status":"open","ping_status":"closed","template":"","meta":{"_trash_the_other_posts":false},"product_brand":[],"product_cat":[587],"product_tag":[],"berocket_brand":[1995],"class_list":{"0":"post-379415","1":"product","2":"type-product","3":"status-publish","4":"has-post-thumbnail","6":"product_cat-balsam","7":"pa_brand-system-professional","8":"berocket_brand-system-professional","10":"first","11":"instock","12":"sale","13":"taxable","14":"shipping-taxable","15":"purchasable","16":"product-type-simple"},"_links":{"self":[{"href":"https:\/\/stylingagenten.com\/no\/wp-json\/wp\/v2\/product\/379415","targetHints":{"allow":["GET"]}}],"collection":[{"href":"https:\/\/stylingagenten.com\/no\/wp-json\/wp\/v2\/product"}],"about":[{"href":"https:\/\/stylingagenten.com\/no\/wp-json\/wp\/v2\/types\/product"}],"replies":[{"embeddable":true,"href":"https:\/\/stylingagenten.com\/no\/wp-json\/wp\/v2\/comments?post=379415"}],"version-history":[{"count":0,"href":"https:\/\/stylingagenten.com\/no\/wp-json\/wp\/v2\/product\/379415\/revisions"}],"wp:featuredmedia":[{"embeddable":true,"href":"https:\/\/stylingagenten.com\/no\/wp-json\/wp\/v2\/media\/379402"}],"wp:attachment":[{"href":"https:\/\/stylingagenten.com\/no\/wp-json\/wp\/v2\/media?parent=379415"}],"wp:term":[{"taxonomy":"product_brand","embeddable":true,"href":"https:\/\/stylingagenten.com\/no\/wp-json\/wp\/v2\/product_brand?post=379415"},{"taxonomy":"product_cat","embeddable":true,"href":"https:\/\/stylingagenten.com\/no\/wp-json\/wp\/v2\/product_cat?post=379415"},{"taxonomy":"product_tag","embeddable":true,"href":"https:\/\/stylingagenten.com\/no\/wp-json\/wp\/v2\/product_tag?post=379415"},{"taxonomy":"berocket_brand","embeddable":true,"href":"https:\/\/stylingagenten.com\/no\/wp-json\/wp\/v2\/berocket_brand?post=379415"}],"curies":[{"name":"wp","href":"https:\/\/api.w.org\/{rel}","templated":true}]}}