{"id":379386,"date":"2025-05-18T21:05:29","date_gmt":"2025-05-18T21:05:29","guid":{"rendered":"https:\/\/staging2.stylingagenten.com\/no\/produkt\/wella-professionals-oil-reflections-luminous-instant-conditioner-200ml\/"},"modified":"2026-03-13T14:42:36","modified_gmt":"2026-03-13T14:42:36","slug":"wella-professionals-oil-reflections-luminous-instant-conditioner-200ml","status":"publish","type":"product","link":"https:\/\/stylingagenten.com\/no\/produkt\/wella-professionals-oil-reflections-luminous-instant-conditioner-200ml\/","title":{"rendered":"Wella Professionals Oil Reflections Luminous Instant Conditioner 200ml"},"content":{"rendered":"<p>Wella Professionals Oil Reflections Luminous Instant Conditioner er en utglattende og fuktighetsgivende balsam for alle h\u00e5rtyper. Denne profesjonelle balsamen gir umiddelbar fuktighet og n\u00e6ring til h\u00e5ret og hodebunnen, noe som resulterer i et glattere, mer pleiet h\u00e5r. Denne fuktighetsgivende balsamen inneholder kameliaolje og ekstrakt av hvit te som umiddelbart fukter, pleier og utglatter h\u00e5ret. Oil Reflections er v\u00e5r eksklusive oljesamling for glansfullt h\u00e5r. Din rutine for \u00e5 glatte ut t\u00f8rt og livl\u00f8st h\u00e5r.<\/p>\n<p>200ml<\/p>\n","protected":false},"excerpt":{"rendered":"<p>Wella Professionals Oil Reflections Luminous Instant Conditioner er en utglattende og fuktighetsgivende balsam for alle h\u00e5rtyper. Denne profesjonelle balsamen gir umiddelbar fuktighet og n\u00e6ring til h\u00e5ret og hodebunnen, noe som resulterer i et glattere, mer pleiet h\u00e5r. Denne fuktighetsgivende balsamen inneholder kameliaolje og ekstrakt av hvit te som umiddelbart fukter, pleier og utglatter h\u00e5ret. Oil [&hellip;]<\/p>\n","protected":false},"featured_media":379361,"comment_status":"open","ping_status":"closed","template":"","meta":{"_trash_the_other_posts":false},"product_brand":[],"product_cat":[587],"product_tag":[],"berocket_brand":[1030],"class_list":{"0":"post-379386","1":"product","2":"type-product","3":"status-publish","4":"has-post-thumbnail","6":"product_cat-balsam","7":"pa_brand-wella","8":"berocket_brand-wella","10":"first","11":"instock","12":"sale","13":"taxable","14":"shipping-taxable","15":"purchasable","16":"product-type-simple"},"_links":{"self":[{"href":"https:\/\/stylingagenten.com\/no\/wp-json\/wp\/v2\/product\/379386","targetHints":{"allow":["GET"]}}],"collection":[{"href":"https:\/\/stylingagenten.com\/no\/wp-json\/wp\/v2\/product"}],"about":[{"href":"https:\/\/stylingagenten.com\/no\/wp-json\/wp\/v2\/types\/product"}],"replies":[{"embeddable":true,"href":"https:\/\/stylingagenten.com\/no\/wp-json\/wp\/v2\/comments?post=379386"}],"version-history":[{"count":0,"href":"https:\/\/stylingagenten.com\/no\/wp-json\/wp\/v2\/product\/379386\/revisions"}],"wp:featuredmedia":[{"embeddable":true,"href":"https:\/\/stylingagenten.com\/no\/wp-json\/wp\/v2\/media\/379361"}],"wp:attachment":[{"href":"https:\/\/stylingagenten.com\/no\/wp-json\/wp\/v2\/media?parent=379386"}],"wp:term":[{"taxonomy":"product_brand","embeddable":true,"href":"https:\/\/stylingagenten.com\/no\/wp-json\/wp\/v2\/product_brand?post=379386"},{"taxonomy":"product_cat","embeddable":true,"href":"https:\/\/stylingagenten.com\/no\/wp-json\/wp\/v2\/product_cat?post=379386"},{"taxonomy":"product_tag","embeddable":true,"href":"https:\/\/stylingagenten.com\/no\/wp-json\/wp\/v2\/product_tag?post=379386"},{"taxonomy":"berocket_brand","embeddable":true,"href":"https:\/\/stylingagenten.com\/no\/wp-json\/wp\/v2\/berocket_brand?post=379386"}],"curies":[{"name":"wp","href":"https:\/\/api.w.org\/{rel}","templated":true}]}}