{"id":379367,"date":"2025-05-18T21:05:26","date_gmt":"2025-05-18T21:05:26","guid":{"rendered":"https:\/\/staging2.stylingagenten.com\/no\/produkt\/wella-professionals-fusion-intense-repair-conditioner-200ml\/"},"modified":"2026-04-04T13:18:50","modified_gmt":"2026-04-04T13:18:50","slug":"wella-professionals-fusion-intense-repair-conditioner-200ml","status":"publish","type":"product","link":"https:\/\/stylingagenten.com\/no\/produkt\/wella-professionals-fusion-intense-repair-conditioner-200ml\/","title":{"rendered":"Wella Professionals Fusion Intense Repair Conditioner 200ml"},"content":{"rendered":"<p>Wella Professionals Fusion Intense Repair Conditioner er en profesjonell balsam spesielt utviklet for skadet h\u00e5r. Wella Fusion Conditioner inneholder silkeaminosyrer som beskytter h\u00e5ret mot mekaniske skader og gj\u00f8r det mer motstandsdyktig. Balsamen er ogs\u00e5 perfekt for bleket h\u00e5r eller h\u00e5r som har blitt kjemisk behandlet. Din rutine for \u00e5 umiddelbart reparere skadet h\u00e5r.<\/p>\n<p>200ml<\/p>\n","protected":false},"excerpt":{"rendered":"<p>Wella Professionals Fusion Intense Repair Conditioner er en profesjonell balsam spesielt utviklet for skadet h\u00e5r. Wella Fusion Conditioner inneholder silkeaminosyrer som beskytter h\u00e5ret mot mekaniske skader og gj\u00f8r det mer motstandsdyktig. Balsamen er ogs\u00e5 perfekt for bleket h\u00e5r eller h\u00e5r som har blitt kjemisk behandlet. Din rutine for \u00e5 umiddelbart reparere skadet h\u00e5r. 200ml<\/p>\n","protected":false},"featured_media":379348,"comment_status":"open","ping_status":"closed","template":"","meta":{"_trash_the_other_posts":false},"product_brand":[],"product_cat":[587],"product_tag":[],"berocket_brand":[1030],"class_list":{"0":"post-379367","1":"product","2":"type-product","3":"status-publish","4":"has-post-thumbnail","6":"product_cat-balsam","7":"pa_brand-wella","8":"berocket_brand-wella","10":"first","11":"instock","12":"sale","13":"taxable","14":"shipping-taxable","15":"purchasable","16":"product-type-simple"},"_links":{"self":[{"href":"https:\/\/stylingagenten.com\/no\/wp-json\/wp\/v2\/product\/379367","targetHints":{"allow":["GET"]}}],"collection":[{"href":"https:\/\/stylingagenten.com\/no\/wp-json\/wp\/v2\/product"}],"about":[{"href":"https:\/\/stylingagenten.com\/no\/wp-json\/wp\/v2\/types\/product"}],"replies":[{"embeddable":true,"href":"https:\/\/stylingagenten.com\/no\/wp-json\/wp\/v2\/comments?post=379367"}],"version-history":[{"count":0,"href":"https:\/\/stylingagenten.com\/no\/wp-json\/wp\/v2\/product\/379367\/revisions"}],"wp:featuredmedia":[{"embeddable":true,"href":"https:\/\/stylingagenten.com\/no\/wp-json\/wp\/v2\/media\/379348"}],"wp:attachment":[{"href":"https:\/\/stylingagenten.com\/no\/wp-json\/wp\/v2\/media?parent=379367"}],"wp:term":[{"taxonomy":"product_brand","embeddable":true,"href":"https:\/\/stylingagenten.com\/no\/wp-json\/wp\/v2\/product_brand?post=379367"},{"taxonomy":"product_cat","embeddable":true,"href":"https:\/\/stylingagenten.com\/no\/wp-json\/wp\/v2\/product_cat?post=379367"},{"taxonomy":"product_tag","embeddable":true,"href":"https:\/\/stylingagenten.com\/no\/wp-json\/wp\/v2\/product_tag?post=379367"},{"taxonomy":"berocket_brand","embeddable":true,"href":"https:\/\/stylingagenten.com\/no\/wp-json\/wp\/v2\/berocket_brand?post=379367"}],"curies":[{"name":"wp","href":"https:\/\/api.w.org\/{rel}","templated":true}]}}