{"id":379286,"date":"2025-05-18T21:05:12","date_gmt":"2025-05-18T21:05:12","guid":{"rendered":"https:\/\/staging2.stylingagenten.com\/no\/produkt\/purito-wonder-releaf-centella-toner-unscented-200ml\/"},"modified":"2025-12-18T21:57:08","modified_gmt":"2025-12-18T21:57:08","slug":"purito-wonder-releaf-centella-toner-unscented-200ml","status":"publish","type":"product","link":"https:\/\/stylingagenten.com\/no\/produkt\/purito-wonder-releaf-centella-toner-unscented-200ml\/","title":{"rendered":"Purito Wonder Releaf Centella Toner Unscented 200ml"},"content":{"rendered":"<p>Purito Wonder Releaf Centella Toner Unscented \u2013 den perfekte l\u00f8sningen for sensitiv og irritert hud som trenger fuktighet og beroligende ingredienser. Denne milde og sk\u00e5nsomme toneren er designet for \u00e5 gi huden din den ekstra omsorgen den trenger, uansett hvilken hudpleierutine du f\u00f8lger. Bruk den ved eksfoliering, med vitamin A-produkter, eller rett og slett for \u00e5 tilf\u00f8re ekstra fuktighet.<\/p>\n<p>Purito Wonder Releaf Centella Toner Unscented gir en ekstra fuktighetsboost som forbedrer hudens evne til \u00e5 absorbere etterf\u00f8lgende produkter, noe som gj\u00f8r hudpleierutinen din enda mer effektiv. Alkoholfri, duftfri og uten essensielle oljer.<\/p>\n<p>Perfekt for aktive akneutbrudd, fet og irritert hud.<\/p>\n<p>200ml<\/p>\n","protected":false},"excerpt":{"rendered":"<p>Purito Wonder Releaf Centella Toner Unscented \u2013 den perfekte l\u00f8sningen for sensitiv og irritert hud som trenger fuktighet og beroligende ingredienser. Denne milde og sk\u00e5nsomme toneren er designet for \u00e5 gi huden din den ekstra omsorgen den trenger, uansett hvilken hudpleierutine du f\u00f8lger. Bruk den ved eksfoliering, med vitamin A-produkter, eller rett og slett for [&hellip;]<\/p>\n","protected":false},"featured_media":379257,"comment_status":"open","ping_status":"closed","template":"","meta":{"_trash_the_other_posts":false},"product_brand":[],"product_cat":[571,1001],"product_tag":[],"berocket_brand":[1412],"class_list":{"0":"post-379286","1":"product","2":"type-product","3":"status-publish","4":"has-post-thumbnail","6":"product_cat-ansiktsvann","7":"product_cat-k-beauty","8":"pa_brand-purito","9":"berocket_brand-purito","11":"first","12":"instock","13":"sale","14":"taxable","15":"shipping-taxable","16":"purchasable","17":"product-type-simple"},"_links":{"self":[{"href":"https:\/\/stylingagenten.com\/no\/wp-json\/wp\/v2\/product\/379286","targetHints":{"allow":["GET"]}}],"collection":[{"href":"https:\/\/stylingagenten.com\/no\/wp-json\/wp\/v2\/product"}],"about":[{"href":"https:\/\/stylingagenten.com\/no\/wp-json\/wp\/v2\/types\/product"}],"replies":[{"embeddable":true,"href":"https:\/\/stylingagenten.com\/no\/wp-json\/wp\/v2\/comments?post=379286"}],"version-history":[{"count":0,"href":"https:\/\/stylingagenten.com\/no\/wp-json\/wp\/v2\/product\/379286\/revisions"}],"wp:featuredmedia":[{"embeddable":true,"href":"https:\/\/stylingagenten.com\/no\/wp-json\/wp\/v2\/media\/379257"}],"wp:attachment":[{"href":"https:\/\/stylingagenten.com\/no\/wp-json\/wp\/v2\/media?parent=379286"}],"wp:term":[{"taxonomy":"product_brand","embeddable":true,"href":"https:\/\/stylingagenten.com\/no\/wp-json\/wp\/v2\/product_brand?post=379286"},{"taxonomy":"product_cat","embeddable":true,"href":"https:\/\/stylingagenten.com\/no\/wp-json\/wp\/v2\/product_cat?post=379286"},{"taxonomy":"product_tag","embeddable":true,"href":"https:\/\/stylingagenten.com\/no\/wp-json\/wp\/v2\/product_tag?post=379286"},{"taxonomy":"berocket_brand","embeddable":true,"href":"https:\/\/stylingagenten.com\/no\/wp-json\/wp\/v2\/berocket_brand?post=379286"}],"curies":[{"name":"wp","href":"https:\/\/api.w.org\/{rel}","templated":true}]}}