{"id":379282,"date":"2025-05-18T21:05:11","date_gmt":"2025-05-18T21:05:11","guid":{"rendered":"https:\/\/staging2.stylingagenten.com\/no\/produkt\/round-lab-soybean-nourishing-toner-300ml\/"},"modified":"2025-12-18T21:57:35","modified_gmt":"2025-12-18T21:57:35","slug":"round-lab-soybean-nourishing-toner-300ml","status":"publish","type":"product","link":"https:\/\/stylingagenten.com\/no\/produkt\/round-lab-soybean-nourishing-toner-300ml\/","title":{"rendered":"Round Lab Soybean Nourishing Toner 300ml"},"content":{"rendered":"<p>Round Lab Soybean Nourishing Toner er en kremet, melkaktig toner fylt med hudvennlige ingredienser som beroliger irritert hud og r\u00f8dhet, perfekt for alle hudtyper.<\/p>\n<p>Basen av denne toneren er den n\u00e6ringsrike og antioksidantrike soyab\u00f8nnen. Soyab\u00f8nner er kjent for sine isoflavoner, et skjold mot aldring som stimulerer produksjonen av kollagen og beskytter huden mot tidlige aldringstegn. Dermed er Soybean Nourishing Toner en utmerket anti-aging l\u00f8sning for huden din.<\/p>\n<p>For \u00e5 ytterligere st\u00f8tte hudens helse inneholder den ogs\u00e5 ceramider, som er viktige for \u00e5 opprettholde hudens barri\u00e6refunksjon. Naturlig reduseres ceramidniv\u00e5ene i huden med alderen, noe som kan f\u00f8re til tap av fasthet og elastisitet. Ved \u00e5 tilf\u00f8re ceramider hjelper denne toneren til \u00e5 bevare hudens ungdommelige utseende og styrke dens motstandskraft.<\/p>\n<p>300 ml<\/p>\n","protected":false},"excerpt":{"rendered":"<p>Round Lab Soybean Nourishing Toner er en kremet, melkaktig toner fylt med hudvennlige ingredienser som beroliger irritert hud og r\u00f8dhet, perfekt for alle hudtyper. Basen av denne toneren er den n\u00e6ringsrike og antioksidantrike soyab\u00f8nnen. Soyab\u00f8nner er kjent for sine isoflavoner, et skjold mot aldring som stimulerer produksjonen av kollagen og beskytter huden mot tidlige aldringstegn. [&hellip;]<\/p>\n","protected":false},"featured_media":379262,"comment_status":"open","ping_status":"closed","template":"","meta":{"_trash_the_other_posts":false},"product_brand":[],"product_cat":[571,1001],"product_tag":[],"berocket_brand":[1415],"class_list":{"0":"post-379282","1":"product","2":"type-product","3":"status-publish","4":"has-post-thumbnail","6":"product_cat-ansiktsvann","7":"product_cat-k-beauty","8":"pa_brand-round-lab","9":"berocket_brand-round-lab","11":"first","12":"instock","13":"sale","14":"taxable","15":"shipping-taxable","16":"purchasable","17":"product-type-simple"},"_links":{"self":[{"href":"https:\/\/stylingagenten.com\/no\/wp-json\/wp\/v2\/product\/379282","targetHints":{"allow":["GET"]}}],"collection":[{"href":"https:\/\/stylingagenten.com\/no\/wp-json\/wp\/v2\/product"}],"about":[{"href":"https:\/\/stylingagenten.com\/no\/wp-json\/wp\/v2\/types\/product"}],"replies":[{"embeddable":true,"href":"https:\/\/stylingagenten.com\/no\/wp-json\/wp\/v2\/comments?post=379282"}],"version-history":[{"count":0,"href":"https:\/\/stylingagenten.com\/no\/wp-json\/wp\/v2\/product\/379282\/revisions"}],"wp:featuredmedia":[{"embeddable":true,"href":"https:\/\/stylingagenten.com\/no\/wp-json\/wp\/v2\/media\/379262"}],"wp:attachment":[{"href":"https:\/\/stylingagenten.com\/no\/wp-json\/wp\/v2\/media?parent=379282"}],"wp:term":[{"taxonomy":"product_brand","embeddable":true,"href":"https:\/\/stylingagenten.com\/no\/wp-json\/wp\/v2\/product_brand?post=379282"},{"taxonomy":"product_cat","embeddable":true,"href":"https:\/\/stylingagenten.com\/no\/wp-json\/wp\/v2\/product_cat?post=379282"},{"taxonomy":"product_tag","embeddable":true,"href":"https:\/\/stylingagenten.com\/no\/wp-json\/wp\/v2\/product_tag?post=379282"},{"taxonomy":"berocket_brand","embeddable":true,"href":"https:\/\/stylingagenten.com\/no\/wp-json\/wp\/v2\/berocket_brand?post=379282"}],"curies":[{"name":"wp","href":"https:\/\/api.w.org\/{rel}","templated":true}]}}