{"id":379260,"date":"2025-05-18T21:05:09","date_gmt":"2025-05-18T21:05:09","guid":{"rendered":"https:\/\/staging2.stylingagenten.com\/no\/produkt\/nuxe-aquabella-beauty-revealing-essence-lotion-200ml\/"},"modified":"2026-04-12T18:58:40","modified_gmt":"2026-04-12T18:58:40","slug":"nuxe-aquabella-beauty-revealing-essence-lotion-200ml","status":"publish","type":"product","link":"https:\/\/stylingagenten.com\/no\/produkt\/nuxe-aquabella-beauty-revealing-essence-lotion-200ml\/","title":{"rendered":"Nuxe Aquabella Beauty Revealing Essence Lotion 200ml"},"content":{"rendered":"<p>Nuxe Aquabella Beauty-Revealing Essence-Lotion er et eksklusivt ansiktsvann spesielt utviklet for deg med kombinasjonshud. Denne toneren gj\u00f8r mer enn bare \u00e5 friske opp huden \u2013 den forbedrer hudstrukturen og strammer opp porene, noe som resulterer i et jevnere og mer str\u00e5lende utseende.<\/p>\n<p>Aquabella ansiktsvann gir en balansert, str\u00e5lende gl\u00f8d som varer hele dagen. Enten du sliter med oljete eller t\u00f8rre omr\u00e5der, vil denne lotionen gi deg en jevn og sunn hud.<\/p>\n<p>200ml<\/p>\n","protected":false},"excerpt":{"rendered":"<p>Nuxe Aquabella Beauty-Revealing Essence-Lotion er et eksklusivt ansiktsvann spesielt utviklet for deg med kombinasjonshud. Denne toneren gj\u00f8r mer enn bare \u00e5 friske opp huden \u2013 den forbedrer hudstrukturen og strammer opp porene, noe som resulterer i et jevnere og mer str\u00e5lende utseende. Aquabella ansiktsvann gir en balansert, str\u00e5lende gl\u00f8d som varer hele dagen. Enten du [&hellip;]<\/p>\n","protected":false},"featured_media":379251,"comment_status":"open","ping_status":"closed","template":"","meta":{"_trash_the_other_posts":false},"product_brand":[],"product_cat":[571],"product_tag":[],"berocket_brand":[1024],"class_list":{"0":"post-379260","1":"product","2":"type-product","3":"status-publish","4":"has-post-thumbnail","6":"product_cat-ansiktsvann","7":"pa_brand-nuxe","8":"berocket_brand-nuxe","10":"first","11":"instock","12":"sale","13":"taxable","14":"shipping-taxable","15":"purchasable","16":"product-type-simple"},"_links":{"self":[{"href":"https:\/\/stylingagenten.com\/no\/wp-json\/wp\/v2\/product\/379260","targetHints":{"allow":["GET"]}}],"collection":[{"href":"https:\/\/stylingagenten.com\/no\/wp-json\/wp\/v2\/product"}],"about":[{"href":"https:\/\/stylingagenten.com\/no\/wp-json\/wp\/v2\/types\/product"}],"replies":[{"embeddable":true,"href":"https:\/\/stylingagenten.com\/no\/wp-json\/wp\/v2\/comments?post=379260"}],"version-history":[{"count":0,"href":"https:\/\/stylingagenten.com\/no\/wp-json\/wp\/v2\/product\/379260\/revisions"}],"wp:featuredmedia":[{"embeddable":true,"href":"https:\/\/stylingagenten.com\/no\/wp-json\/wp\/v2\/media\/379251"}],"wp:attachment":[{"href":"https:\/\/stylingagenten.com\/no\/wp-json\/wp\/v2\/media?parent=379260"}],"wp:term":[{"taxonomy":"product_brand","embeddable":true,"href":"https:\/\/stylingagenten.com\/no\/wp-json\/wp\/v2\/product_brand?post=379260"},{"taxonomy":"product_cat","embeddable":true,"href":"https:\/\/stylingagenten.com\/no\/wp-json\/wp\/v2\/product_cat?post=379260"},{"taxonomy":"product_tag","embeddable":true,"href":"https:\/\/stylingagenten.com\/no\/wp-json\/wp\/v2\/product_tag?post=379260"},{"taxonomy":"berocket_brand","embeddable":true,"href":"https:\/\/stylingagenten.com\/no\/wp-json\/wp\/v2\/berocket_brand?post=379260"}],"curies":[{"name":"wp","href":"https:\/\/api.w.org\/{rel}","templated":true}]}}