{"id":379249,"date":"2025-05-18T21:05:06","date_gmt":"2025-05-18T21:05:06","guid":{"rendered":"https:\/\/staging2.stylingagenten.com\/no\/produkt\/dermalogica-ultracalming-mist-177ml\/"},"modified":"2026-04-08T15:30:10","modified_gmt":"2026-04-08T15:30:10","slug":"dermalogica-ultracalming-mist-177ml","status":"publish","type":"product","link":"https:\/\/stylingagenten.com\/no\/produkt\/dermalogica-ultracalming-mist-177ml\/","title":{"rendered":"Dermalogica UltraCalming Mist 177ml"},"content":{"rendered":"<p>Dermalogica UltraCalming Mist er en beroligende fuktspray som umiddelbart demper hudirritasjon og f\u00f8lelsen av stramhet. Kan brukes n\u00e5r som helst i l\u00f8pet av dagen \u2013 rett etter rens, f\u00f8r fuktighetskrem, og ogs\u00e5 over makeup. For sensitiv eller sensitivisert hud.<\/p>\n<p>N\u00f8kkelingredienser:<\/p>\n<p>UltraCalming Complex (punarnava, havre, ingef\u00e6r, kamille): Reduserer r\u00f8dhet, hudirritasjon og betennelse.<br \/>\n<br \/>Avenantramider (Hydroxyphenylpropamidobenzoinsyre): Syntetisk fremstilt havrekonsentrat med ekstra h\u00f8y evne til \u00e5 berolige huden.<br \/>\n<br \/>Aloe Vera: Beroliger og binder fukt.<br \/>\n<br \/>177 ml<\/p>\n","protected":false},"excerpt":{"rendered":"<p>Dermalogica UltraCalming Mist er en beroligende fuktspray som umiddelbart demper hudirritasjon og f\u00f8lelsen av stramhet. Kan brukes n\u00e5r som helst i l\u00f8pet av dagen \u2013 rett etter rens, f\u00f8r fuktighetskrem, og ogs\u00e5 over makeup. For sensitiv eller sensitivisert hud. N\u00f8kkelingredienser: UltraCalming Complex (punarnava, havre, ingef\u00e6r, kamille): Reduserer r\u00f8dhet, hudirritasjon og betennelse. Avenantramider (Hydroxyphenylpropamidobenzoinsyre): Syntetisk fremstilt [&hellip;]<\/p>\n","protected":false},"featured_media":379225,"comment_status":"open","ping_status":"closed","template":"","meta":{"_trash_the_other_posts":false},"product_brand":[],"product_cat":[571],"product_tag":[],"berocket_brand":[1420],"class_list":{"0":"post-379249","1":"product","2":"type-product","3":"status-publish","4":"has-post-thumbnail","6":"product_cat-ansiktsvann","7":"pa_brand-dermalogica","8":"berocket_brand-dermalogica","10":"first","11":"instock","12":"sale","13":"taxable","14":"shipping-taxable","15":"purchasable","16":"product-type-simple"},"_links":{"self":[{"href":"https:\/\/stylingagenten.com\/no\/wp-json\/wp\/v2\/product\/379249","targetHints":{"allow":["GET"]}}],"collection":[{"href":"https:\/\/stylingagenten.com\/no\/wp-json\/wp\/v2\/product"}],"about":[{"href":"https:\/\/stylingagenten.com\/no\/wp-json\/wp\/v2\/types\/product"}],"replies":[{"embeddable":true,"href":"https:\/\/stylingagenten.com\/no\/wp-json\/wp\/v2\/comments?post=379249"}],"version-history":[{"count":0,"href":"https:\/\/stylingagenten.com\/no\/wp-json\/wp\/v2\/product\/379249\/revisions"}],"wp:featuredmedia":[{"embeddable":true,"href":"https:\/\/stylingagenten.com\/no\/wp-json\/wp\/v2\/media\/379225"}],"wp:attachment":[{"href":"https:\/\/stylingagenten.com\/no\/wp-json\/wp\/v2\/media?parent=379249"}],"wp:term":[{"taxonomy":"product_brand","embeddable":true,"href":"https:\/\/stylingagenten.com\/no\/wp-json\/wp\/v2\/product_brand?post=379249"},{"taxonomy":"product_cat","embeddable":true,"href":"https:\/\/stylingagenten.com\/no\/wp-json\/wp\/v2\/product_cat?post=379249"},{"taxonomy":"product_tag","embeddable":true,"href":"https:\/\/stylingagenten.com\/no\/wp-json\/wp\/v2\/product_tag?post=379249"},{"taxonomy":"berocket_brand","embeddable":true,"href":"https:\/\/stylingagenten.com\/no\/wp-json\/wp\/v2\/berocket_brand?post=379249"}],"curies":[{"name":"wp","href":"https:\/\/api.w.org\/{rel}","templated":true}]}}