{"id":379240,"date":"2025-05-18T21:05:06","date_gmt":"2025-05-18T21:05:06","guid":{"rendered":"https:\/\/staging2.stylingagenten.com\/no\/produkt\/round-lab-birch-juice-moisturizing-toner-300ml\/"},"modified":"2026-02-16T07:45:32","modified_gmt":"2026-02-16T07:45:32","slug":"round-lab-birch-juice-moisturizing-toner-300ml","status":"publish","type":"product","link":"https:\/\/stylingagenten.com\/no\/produkt\/round-lab-birch-juice-moisturizing-toner-300ml\/","title":{"rendered":"Round Lab Birch Juice Moisturizing Toner 300ml"},"content":{"rendered":"<p>Round Lab Birch Juice Moisturizing Toner er beriket med kraftfulle ingredienser som Birch Extract og Vitamin Hyaluronic Acid, som trenger dypt inn i huden for \u00e5 levere n\u00e6ring og fuktighet p\u00e5 et helt nytt niv\u00e5. Bj\u00f8rketresap reduserer betennelse og skaper en beskyttende barriere som l\u00e5ser inn fuktighet, mens Betula Platyphylla Japonica Juice gir huden 17 aminosyrer, mineraler, antioksidanter og vitaminer for en enest\u00e5ende gl\u00f8d.<\/p>\n<p>Den unike kombinasjonen av Hyaluronic Acid og Sodium Hyaluronate arbeider i harmoni for \u00e5 intensivt fukte huden p\u00e5 flere niv\u00e5er, noe som resulterer i en jevn og str\u00e5lende finish som varer hele dagen. Takket v\u00e6re tilsetninger som R\u00f8d Alge (Chondrus Crispus Extract) og Saccharum Officinarum (Sugarcane) Extract, oppn\u00e5r du ikke bare optimal fuktighetsbalanse, men ogs\u00e5 klarere og renere hud.<\/p>\n<p>300 ml<\/p>\n","protected":false},"excerpt":{"rendered":"<p>Round Lab Birch Juice Moisturizing Toner er beriket med kraftfulle ingredienser som Birch Extract og Vitamin Hyaluronic Acid, som trenger dypt inn i huden for \u00e5 levere n\u00e6ring og fuktighet p\u00e5 et helt nytt niv\u00e5. Bj\u00f8rketresap reduserer betennelse og skaper en beskyttende barriere som l\u00e5ser inn fuktighet, mens Betula Platyphylla Japonica Juice gir huden 17 [&hellip;]<\/p>\n","protected":false},"featured_media":379211,"comment_status":"open","ping_status":"closed","template":"","meta":{"_trash_the_other_posts":false},"product_brand":[],"product_cat":[571,1001],"product_tag":[],"berocket_brand":[1415],"class_list":{"0":"post-379240","1":"product","2":"type-product","3":"status-publish","4":"has-post-thumbnail","6":"product_cat-ansiktsvann","7":"product_cat-k-beauty","8":"pa_brand-round-lab","9":"berocket_brand-round-lab","11":"first","12":"instock","13":"sale","14":"taxable","15":"shipping-taxable","16":"purchasable","17":"product-type-simple"},"_links":{"self":[{"href":"https:\/\/stylingagenten.com\/no\/wp-json\/wp\/v2\/product\/379240","targetHints":{"allow":["GET"]}}],"collection":[{"href":"https:\/\/stylingagenten.com\/no\/wp-json\/wp\/v2\/product"}],"about":[{"href":"https:\/\/stylingagenten.com\/no\/wp-json\/wp\/v2\/types\/product"}],"replies":[{"embeddable":true,"href":"https:\/\/stylingagenten.com\/no\/wp-json\/wp\/v2\/comments?post=379240"}],"version-history":[{"count":0,"href":"https:\/\/stylingagenten.com\/no\/wp-json\/wp\/v2\/product\/379240\/revisions"}],"wp:featuredmedia":[{"embeddable":true,"href":"https:\/\/stylingagenten.com\/no\/wp-json\/wp\/v2\/media\/379211"}],"wp:attachment":[{"href":"https:\/\/stylingagenten.com\/no\/wp-json\/wp\/v2\/media?parent=379240"}],"wp:term":[{"taxonomy":"product_brand","embeddable":true,"href":"https:\/\/stylingagenten.com\/no\/wp-json\/wp\/v2\/product_brand?post=379240"},{"taxonomy":"product_cat","embeddable":true,"href":"https:\/\/stylingagenten.com\/no\/wp-json\/wp\/v2\/product_cat?post=379240"},{"taxonomy":"product_tag","embeddable":true,"href":"https:\/\/stylingagenten.com\/no\/wp-json\/wp\/v2\/product_tag?post=379240"},{"taxonomy":"berocket_brand","embeddable":true,"href":"https:\/\/stylingagenten.com\/no\/wp-json\/wp\/v2\/berocket_brand?post=379240"}],"curies":[{"name":"wp","href":"https:\/\/api.w.org\/{rel}","templated":true}]}}