{"id":379235,"date":"2025-05-18T21:05:05","date_gmt":"2025-05-18T21:05:05","guid":{"rendered":"https:\/\/staging2.stylingagenten.com\/no\/produkt\/dermalogica-multi-active-toner-250ml\/"},"modified":"2026-04-08T15:30:10","modified_gmt":"2026-04-08T15:30:10","slug":"dermalogica-multi-active-toner-250ml","status":"publish","type":"product","link":"https:\/\/stylingagenten.com\/no\/produkt\/dermalogica-multi-active-toner-250ml\/","title":{"rendered":"Dermalogica Multi-Active Toner 250ml"},"content":{"rendered":"<p>Dermalogica Multi-Active Toner er en livredder n\u00e5r huden f\u00f8les som en utt\u00f8rket rosin! Blandingen av fuktgivende aloe vera og beroligende lavendel f\u00f8les utrolig frisk.<\/p>\n<p>Lavendel: Beroligende og rensende.<br \/>\n<br \/>Sitronmelisse og aloe vera: Avkj\u00f8lende og fuktighetsbindende.<br \/>\n<br \/>Ekstrakter av arnica og agurk: Virker oppfriskende og pleiende p\u00e5 huden.<br \/>\n<br \/>150 ml<\/p>\n","protected":false},"excerpt":{"rendered":"<p>Dermalogica Multi-Active Toner er en livredder n\u00e5r huden f\u00f8les som en utt\u00f8rket rosin! Blandingen av fuktgivende aloe vera og beroligende lavendel f\u00f8les utrolig frisk. Lavendel: Beroligende og rensende. Sitronmelisse og aloe vera: Avkj\u00f8lende og fuktighetsbindende. Ekstrakter av arnica og agurk: Virker oppfriskende og pleiende p\u00e5 huden. 150 ml<\/p>\n","protected":false},"featured_media":379214,"comment_status":"open","ping_status":"closed","template":"","meta":{"_trash_the_other_posts":false},"product_brand":[],"product_cat":[571],"product_tag":[],"berocket_brand":[1420],"class_list":{"0":"post-379235","1":"product","2":"type-product","3":"status-publish","4":"has-post-thumbnail","6":"product_cat-ansiktsvann","7":"pa_brand-dermalogica","8":"berocket_brand-dermalogica","10":"first","11":"instock","12":"sale","13":"taxable","14":"shipping-taxable","15":"purchasable","16":"product-type-simple"},"_links":{"self":[{"href":"https:\/\/stylingagenten.com\/no\/wp-json\/wp\/v2\/product\/379235","targetHints":{"allow":["GET"]}}],"collection":[{"href":"https:\/\/stylingagenten.com\/no\/wp-json\/wp\/v2\/product"}],"about":[{"href":"https:\/\/stylingagenten.com\/no\/wp-json\/wp\/v2\/types\/product"}],"replies":[{"embeddable":true,"href":"https:\/\/stylingagenten.com\/no\/wp-json\/wp\/v2\/comments?post=379235"}],"version-history":[{"count":0,"href":"https:\/\/stylingagenten.com\/no\/wp-json\/wp\/v2\/product\/379235\/revisions"}],"wp:featuredmedia":[{"embeddable":true,"href":"https:\/\/stylingagenten.com\/no\/wp-json\/wp\/v2\/media\/379214"}],"wp:attachment":[{"href":"https:\/\/stylingagenten.com\/no\/wp-json\/wp\/v2\/media?parent=379235"}],"wp:term":[{"taxonomy":"product_brand","embeddable":true,"href":"https:\/\/stylingagenten.com\/no\/wp-json\/wp\/v2\/product_brand?post=379235"},{"taxonomy":"product_cat","embeddable":true,"href":"https:\/\/stylingagenten.com\/no\/wp-json\/wp\/v2\/product_cat?post=379235"},{"taxonomy":"product_tag","embeddable":true,"href":"https:\/\/stylingagenten.com\/no\/wp-json\/wp\/v2\/product_tag?post=379235"},{"taxonomy":"berocket_brand","embeddable":true,"href":"https:\/\/stylingagenten.com\/no\/wp-json\/wp\/v2\/berocket_brand?post=379235"}],"curies":[{"name":"wp","href":"https:\/\/api.w.org\/{rel}","templated":true}]}}