{"id":379204,"date":"2025-05-18T21:05:01","date_gmt":"2025-05-18T21:05:01","guid":{"rendered":"https:\/\/staging2.stylingagenten.com\/no\/produkt\/cosrx-aha-bha-clarifying-treatment-face-toner-150ml\/"},"modified":"2026-03-21T16:17:43","modified_gmt":"2026-03-21T16:17:43","slug":"cosrx-aha-bha-clarifying-treatment-face-toner-150ml","status":"publish","type":"product","link":"https:\/\/stylingagenten.com\/no\/produkt\/cosrx-aha-bha-clarifying-treatment-face-toner-150ml\/","title":{"rendered":"COSRX AHA\/BHA Clarifying Treatment Face Toner 150ml"},"content":{"rendered":"<p>Rens og frisk opp huden med AHA\/BHA Clarifying Treatment Toner fra COSRX, et innovativt og fuktighetsgivende ansiktsvann som forbedrer hudtonen og teksturen. Med hjelp av hvit pilebark og eplevann (en ingrediens som inneholder naturlige alfahydroksysyrer) fjernes d\u00f8de hudceller og urenheter, samtidig som utseendet av kviser og hudormer reduseres. Intensivt fuktighetsgivende allantoin kombineres med mineralvann fra Jeju-\u00f8ya i S\u00f8r-Korea, kjent for sitt naturlige innhold av BHA (betahydroksysyre), som bidrar til \u00e5 gjenopprette en fuktig og revitalisert hud.<\/p>\n<p>Hva er AHA? Alfa-hydroksysyrer, i dette tilfellet glykolsyre, som sk\u00e5nsomt eksfolierer hudens overflate og fjerner d\u00f8de hudceller. Et mildt produkt som ikke t\u00f8rker ut huden.<\/p>\n<p>Hva er BHA? Beta-hydroksysyrer, i dette tilfellet betain-salisylat, som sk\u00e5nsomt eksfolierer hudoverflaten, renser dypt og l\u00f8ser opp tilstoppede porer. Minimerer kviser, hudormer og whiteheads og har antiinflammatoriske og antibakterielle egenskaper.<\/p>\n<p>150ml<\/p>\n","protected":false},"excerpt":{"rendered":"<p>Rens og frisk opp huden med AHA\/BHA Clarifying Treatment Toner fra COSRX, et innovativt og fuktighetsgivende ansiktsvann som forbedrer hudtonen og teksturen. Med hjelp av hvit pilebark og eplevann (en ingrediens som inneholder naturlige alfahydroksysyrer) fjernes d\u00f8de hudceller og urenheter, samtidig som utseendet av kviser og hudormer reduseres. Intensivt fuktighetsgivende allantoin kombineres med mineralvann fra [&hellip;]<\/p>\n","protected":false},"featured_media":379199,"comment_status":"open","ping_status":"closed","template":"","meta":{"_trash_the_other_posts":false},"product_brand":[],"product_cat":[571],"product_tag":[],"berocket_brand":[1396],"class_list":{"0":"post-379204","1":"product","2":"type-product","3":"status-publish","4":"has-post-thumbnail","6":"product_cat-ansiktsvann","7":"pa_brand-cosrx","8":"berocket_brand-cosrx","10":"first","11":"instock","12":"sale","13":"taxable","14":"shipping-taxable","15":"purchasable","16":"product-type-simple"},"_links":{"self":[{"href":"https:\/\/stylingagenten.com\/no\/wp-json\/wp\/v2\/product\/379204","targetHints":{"allow":["GET"]}}],"collection":[{"href":"https:\/\/stylingagenten.com\/no\/wp-json\/wp\/v2\/product"}],"about":[{"href":"https:\/\/stylingagenten.com\/no\/wp-json\/wp\/v2\/types\/product"}],"replies":[{"embeddable":true,"href":"https:\/\/stylingagenten.com\/no\/wp-json\/wp\/v2\/comments?post=379204"}],"version-history":[{"count":0,"href":"https:\/\/stylingagenten.com\/no\/wp-json\/wp\/v2\/product\/379204\/revisions"}],"wp:featuredmedia":[{"embeddable":true,"href":"https:\/\/stylingagenten.com\/no\/wp-json\/wp\/v2\/media\/379199"}],"wp:attachment":[{"href":"https:\/\/stylingagenten.com\/no\/wp-json\/wp\/v2\/media?parent=379204"}],"wp:term":[{"taxonomy":"product_brand","embeddable":true,"href":"https:\/\/stylingagenten.com\/no\/wp-json\/wp\/v2\/product_brand?post=379204"},{"taxonomy":"product_cat","embeddable":true,"href":"https:\/\/stylingagenten.com\/no\/wp-json\/wp\/v2\/product_cat?post=379204"},{"taxonomy":"product_tag","embeddable":true,"href":"https:\/\/stylingagenten.com\/no\/wp-json\/wp\/v2\/product_tag?post=379204"},{"taxonomy":"berocket_brand","embeddable":true,"href":"https:\/\/stylingagenten.com\/no\/wp-json\/wp\/v2\/berocket_brand?post=379204"}],"curies":[{"name":"wp","href":"https:\/\/api.w.org\/{rel}","templated":true}]}}