{"id":379153,"date":"2025-05-18T21:04:56","date_gmt":"2025-05-18T21:04:56","guid":{"rendered":"https:\/\/staging2.stylingagenten.com\/no\/produkt\/skin1004-madagascar-centella-toning-toner-210ml\/"},"modified":"2026-01-20T23:25:37","modified_gmt":"2026-01-20T23:25:37","slug":"skin1004-madagascar-centella-toning-toner-210ml","status":"publish","type":"product","link":"https:\/\/stylingagenten.com\/no\/produkt\/skin1004-madagascar-centella-toning-toner-210ml\/","title":{"rendered":"SKIN1004 Madagascar Centella Toning Toner 210ml"},"content":{"rendered":"<p>SKIN1004 Madagascar Centella Toning Toner er en mildt eksfolierende toner med en lett, vannaktig konsistens.<br \/>\n<br \/>\u2013 Daglig toner tilsatt 84 % Centella Asiatica-ekstrakt og PHA, en mild eksfoliator.<br \/>\n<br \/>\u2013 PHA, en sk\u00e5nsom eksfolierende formel, aktiveres gradvis p\u00e5 huden for forsiktig \u00e5 fjerne talg og d\u00f8de hudceller.<br \/>\n<br \/>\u2013 Sertifiserte opplysende og anti-aldringsfordeler for klar og elastisk hud.<br \/>\n<br \/>\u2013 Ikke-komedogen test utf\u00f8rt, trygg for uren hud og alle andre hudtyper.<\/p>\n<p>210ml<\/p>\n","protected":false},"excerpt":{"rendered":"<p>SKIN1004 Madagascar Centella Toning Toner er en mildt eksfolierende toner med en lett, vannaktig konsistens. \u2013 Daglig toner tilsatt 84 % Centella Asiatica-ekstrakt og PHA, en mild eksfoliator. \u2013 PHA, en sk\u00e5nsom eksfolierende formel, aktiveres gradvis p\u00e5 huden for forsiktig \u00e5 fjerne talg og d\u00f8de hudceller. \u2013 Sertifiserte opplysende og anti-aldringsfordeler for klar og elastisk [&hellip;]<\/p>\n","protected":false},"featured_media":379133,"comment_status":"open","ping_status":"closed","template":"","meta":{"_trash_the_other_posts":false},"product_brand":[],"product_cat":[571],"product_tag":[],"berocket_brand":[2002],"class_list":{"0":"post-379153","1":"product","2":"type-product","3":"status-publish","4":"has-post-thumbnail","6":"product_cat-ansiktsvann","7":"pa_brand-skin1006","8":"berocket_brand-skin1006","10":"first","11":"instock","12":"sale","13":"taxable","14":"shipping-taxable","15":"purchasable","16":"product-type-simple"},"_links":{"self":[{"href":"https:\/\/stylingagenten.com\/no\/wp-json\/wp\/v2\/product\/379153","targetHints":{"allow":["GET"]}}],"collection":[{"href":"https:\/\/stylingagenten.com\/no\/wp-json\/wp\/v2\/product"}],"about":[{"href":"https:\/\/stylingagenten.com\/no\/wp-json\/wp\/v2\/types\/product"}],"replies":[{"embeddable":true,"href":"https:\/\/stylingagenten.com\/no\/wp-json\/wp\/v2\/comments?post=379153"}],"version-history":[{"count":0,"href":"https:\/\/stylingagenten.com\/no\/wp-json\/wp\/v2\/product\/379153\/revisions"}],"wp:featuredmedia":[{"embeddable":true,"href":"https:\/\/stylingagenten.com\/no\/wp-json\/wp\/v2\/media\/379133"}],"wp:attachment":[{"href":"https:\/\/stylingagenten.com\/no\/wp-json\/wp\/v2\/media?parent=379153"}],"wp:term":[{"taxonomy":"product_brand","embeddable":true,"href":"https:\/\/stylingagenten.com\/no\/wp-json\/wp\/v2\/product_brand?post=379153"},{"taxonomy":"product_cat","embeddable":true,"href":"https:\/\/stylingagenten.com\/no\/wp-json\/wp\/v2\/product_cat?post=379153"},{"taxonomy":"product_tag","embeddable":true,"href":"https:\/\/stylingagenten.com\/no\/wp-json\/wp\/v2\/product_tag?post=379153"},{"taxonomy":"berocket_brand","embeddable":true,"href":"https:\/\/stylingagenten.com\/no\/wp-json\/wp\/v2\/berocket_brand?post=379153"}],"curies":[{"name":"wp","href":"https:\/\/api.w.org\/{rel}","templated":true}]}}