{"id":379148,"date":"2025-05-18T21:04:55","date_gmt":"2025-05-18T21:04:55","guid":{"rendered":"https:\/\/staging2.stylingagenten.com\/no\/produkt\/elizabeth-arden-ceramide-replenishing-cleansing-oil-195ml\/"},"modified":"2026-02-17T20:36:47","modified_gmt":"2026-02-17T20:36:47","slug":"elizabeth-arden-ceramide-replenishing-cleansing-oil-195ml","status":"publish","type":"product","link":"https:\/\/stylingagenten.com\/no\/produkt\/elizabeth-arden-ceramide-replenishing-cleansing-oil-195ml\/","title":{"rendered":"Elizabeth Arden Ceramide Replenishing Cleansing Oil 195ml"},"content":{"rendered":"<p>En fantastisk rens som effektivt fjerner urenheter og sminkerester fra huden, samtidig som den gir huden n\u00e6ring og viktige ingredienser som omega 3, 6 og 9 og vitamin E.<\/p>\n<p>Den luksuri\u00f8se oljen forvandles til et mykt, kremet skum som fjerner urenheter og etterlater huden silkemyk og smidig, uten \u00e5 gj\u00f8re den fet.<\/p>\n","protected":false},"excerpt":{"rendered":"<p>En fantastisk rens som effektivt fjerner urenheter og sminkerester fra huden, samtidig som den gir huden n\u00e6ring og viktige ingredienser som omega 3, 6 og 9 og vitamin E. Den luksuri\u00f8se oljen forvandles til et mykt, kremet skum som fjerner urenheter og etterlater huden silkemyk og smidig, uten \u00e5 gj\u00f8re den fet.<\/p>\n","protected":false},"featured_media":379138,"comment_status":"open","ping_status":"closed","template":"","meta":{"_trash_the_other_posts":false},"product_brand":[],"product_cat":[609],"product_tag":[],"berocket_brand":[1303],"class_list":{"0":"post-379148","1":"product","2":"type-product","3":"status-publish","4":"has-post-thumbnail","6":"product_cat-ansiktsrens","7":"pa_brand-elizabeth-arden","8":"berocket_brand-elizabeth-arden","10":"first","11":"instock","12":"sale","13":"taxable","14":"shipping-taxable","15":"purchasable","16":"product-type-simple"},"_links":{"self":[{"href":"https:\/\/stylingagenten.com\/no\/wp-json\/wp\/v2\/product\/379148","targetHints":{"allow":["GET"]}}],"collection":[{"href":"https:\/\/stylingagenten.com\/no\/wp-json\/wp\/v2\/product"}],"about":[{"href":"https:\/\/stylingagenten.com\/no\/wp-json\/wp\/v2\/types\/product"}],"replies":[{"embeddable":true,"href":"https:\/\/stylingagenten.com\/no\/wp-json\/wp\/v2\/comments?post=379148"}],"version-history":[{"count":0,"href":"https:\/\/stylingagenten.com\/no\/wp-json\/wp\/v2\/product\/379148\/revisions"}],"wp:featuredmedia":[{"embeddable":true,"href":"https:\/\/stylingagenten.com\/no\/wp-json\/wp\/v2\/media\/379138"}],"wp:attachment":[{"href":"https:\/\/stylingagenten.com\/no\/wp-json\/wp\/v2\/media?parent=379148"}],"wp:term":[{"taxonomy":"product_brand","embeddable":true,"href":"https:\/\/stylingagenten.com\/no\/wp-json\/wp\/v2\/product_brand?post=379148"},{"taxonomy":"product_cat","embeddable":true,"href":"https:\/\/stylingagenten.com\/no\/wp-json\/wp\/v2\/product_cat?post=379148"},{"taxonomy":"product_tag","embeddable":true,"href":"https:\/\/stylingagenten.com\/no\/wp-json\/wp\/v2\/product_tag?post=379148"},{"taxonomy":"berocket_brand","embeddable":true,"href":"https:\/\/stylingagenten.com\/no\/wp-json\/wp\/v2\/berocket_brand?post=379148"}],"curies":[{"name":"wp","href":"https:\/\/api.w.org\/{rel}","templated":true}]}}