{"id":379099,"date":"2025-05-18T21:04:49","date_gmt":"2025-05-18T21:04:49","guid":{"rendered":"https:\/\/staging2.stylingagenten.com\/no\/produkt\/shiseido-future-solution-lx-extra-rich-cleansing-foam-125ml\/"},"modified":"2026-03-21T07:17:32","modified_gmt":"2026-03-21T07:17:32","slug":"shiseido-future-solution-lx-extra-rich-cleansing-foam-125ml","status":"publish","type":"product","link":"https:\/\/stylingagenten.com\/no\/produkt\/shiseido-future-solution-lx-extra-rich-cleansing-foam-125ml\/","title":{"rendered":"Shiseido Future Solution LX Extra Rich Cleansing Foam 125ml"},"content":{"rendered":"<p>En luksuri\u00f8s, rik kremet, skummende rengj\u00f8ringsmiddel med antialdringsingredienser som effektivt fjerner urenheter samtidig som den beholder hudens essensielle fuktighet for et friskt, smidig utseende. Forbereder huden til bedre \u00e5 absorbere fordelene ved f\u00f8lgende behandlinger.<\/p>\n<p>&nbsp;<\/p>\n<p>Alle hudtyper. Dermatologisk testet. Fjerner urenheter samtidig som den hjelper huden \u00e5 tiltrekke seg fuktighet under det mykgj\u00f8rende trinnet i hudpleierutinen. Gir huden et mykt, glatt, lyst utseende.<\/p>\n","protected":false},"excerpt":{"rendered":"<p>En luksuri\u00f8s, rik kremet, skummende rengj\u00f8ringsmiddel med antialdringsingredienser som effektivt fjerner urenheter samtidig som den beholder hudens essensielle fuktighet for et friskt, smidig utseende. Forbereder huden til bedre \u00e5 absorbere fordelene ved f\u00f8lgende behandlinger. &nbsp; Alle hudtyper. Dermatologisk testet. Fjerner urenheter samtidig som den hjelper huden \u00e5 tiltrekke seg fuktighet under det mykgj\u00f8rende trinnet i [&hellip;]<\/p>\n","protected":false},"featured_media":379096,"comment_status":"open","ping_status":"closed","template":"","meta":{"_trash_the_other_posts":false},"product_brand":[],"product_cat":[609],"product_tag":[],"berocket_brand":[1193],"class_list":{"0":"post-379099","1":"product","2":"type-product","3":"status-publish","4":"has-post-thumbnail","6":"product_cat-ansiktsrens","7":"pa_brand-shiseido","8":"berocket_brand-shiseido","10":"first","11":"instock","12":"sale","13":"taxable","14":"shipping-taxable","15":"purchasable","16":"product-type-simple"},"_links":{"self":[{"href":"https:\/\/stylingagenten.com\/no\/wp-json\/wp\/v2\/product\/379099","targetHints":{"allow":["GET"]}}],"collection":[{"href":"https:\/\/stylingagenten.com\/no\/wp-json\/wp\/v2\/product"}],"about":[{"href":"https:\/\/stylingagenten.com\/no\/wp-json\/wp\/v2\/types\/product"}],"replies":[{"embeddable":true,"href":"https:\/\/stylingagenten.com\/no\/wp-json\/wp\/v2\/comments?post=379099"}],"version-history":[{"count":0,"href":"https:\/\/stylingagenten.com\/no\/wp-json\/wp\/v2\/product\/379099\/revisions"}],"wp:featuredmedia":[{"embeddable":true,"href":"https:\/\/stylingagenten.com\/no\/wp-json\/wp\/v2\/media\/379096"}],"wp:attachment":[{"href":"https:\/\/stylingagenten.com\/no\/wp-json\/wp\/v2\/media?parent=379099"}],"wp:term":[{"taxonomy":"product_brand","embeddable":true,"href":"https:\/\/stylingagenten.com\/no\/wp-json\/wp\/v2\/product_brand?post=379099"},{"taxonomy":"product_cat","embeddable":true,"href":"https:\/\/stylingagenten.com\/no\/wp-json\/wp\/v2\/product_cat?post=379099"},{"taxonomy":"product_tag","embeddable":true,"href":"https:\/\/stylingagenten.com\/no\/wp-json\/wp\/v2\/product_tag?post=379099"},{"taxonomy":"berocket_brand","embeddable":true,"href":"https:\/\/stylingagenten.com\/no\/wp-json\/wp\/v2\/berocket_brand?post=379099"}],"curies":[{"name":"wp","href":"https:\/\/api.w.org\/{rel}","templated":true}]}}