{"id":379009,"date":"2025-05-18T21:04:37","date_gmt":"2025-05-18T21:04:37","guid":{"rendered":"https:\/\/staging2.stylingagenten.com\/no\/produkt\/shiseido-waso-shikulime-gel-to-oil-cleanser-125ml\/"},"modified":"2026-04-12T13:08:37","modified_gmt":"2026-04-12T13:08:37","slug":"shiseido-waso-shikulime-gel-to-oil-cleanser-125ml","status":"publish","type":"product","link":"https:\/\/stylingagenten.com\/no\/produkt\/shiseido-waso-shikulime-gel-to-oil-cleanser-125ml\/","title":{"rendered":"Shiseido Waso Shikulime Gel-To-Oil Cleanser 125ml"},"content":{"rendered":"<p><span data-contrast=\"none\" lang=\"SV-SE\">SHIKULIME GEL-TO-OIL CLEANSER fra Shiseidos hudpleieserie laget for yngre hud, WASO, for et 2-i-1-produkt med sminkefjerner og&amp;nbsp ;rensemiddel&nbsp;i ett. Fjerner enkelt vannfast sminke samtidig som den renser, fjerner smuss og, ved hjelp av den japanske frukten shikuwasa, balanserer hudens pH-niv\u00e5. s&aring; at dens naturlige fuktighetsbalanse opprettholdes. WASO SHIKULIME GEL-TO-OIL CLEANSER er perfekt som et f\u00f8rste hudpleieprodukt for en ung person, har en vegansk formel og passer for alle hudtyper.<\/span>&nbsp;<br \/>&nbsp;<br \/> <span lang=\"NO\">B\u00d8NDENE TIL DITT ANSIKT Ved \u00e5 jobbe direkte med b\u00f8nder fra forskjellige regioner i Japan i stedet for med konvensjonelle storskalaleverand\u00f8rer kan vi sikre sporbarheten, ferskheten og styrken til ingrediensene v\u00e5re samtidig som vi st\u00f8tter lokale \u00f8konomier.<\/span>&nbsp;<br \/><span data-contrast=\"auto\" lang=\" EN\">Kraften til hver av disse lokalproduserte ingrediensene blir deretter utnyttet av forskere for \u00e5 lage n\u00e6ringsrik hudpleie med bevist klinisk effekt.<\/span>&nbsp;<br \/><span data-contrast=\"auto\" lang=\"SV\">&nbsp;<\/span>&nbsp;<br \/><span data-contrast=\"auto\" lang=\"SV\">&amp;nbsp ;<\/span>&nbsp;<br \/><span lang=\"EN\">Laget med ingredienser av h\u00f8y kvalitet som er bevisst valgt ut for deres hudfordeler.<\/span>&nbsp;<br \/><span lang=\"EN\">Vegansk&nbsp;formel<\/span>&nbsp;<br \/><span data-contrast=\"auto\" lang=\"EN\">Formelen&nbsp;inneholder vann hentet fra de bortkastede eplene.<\/span>&nbsp;<br \/><span data-contrast=\"auto\" lang=\"SV\">Hvert materiale som brukes i emballasjen v\u00e5r er med vilje valgt.<\/span>&nbsp;<br \/> <span data-contrast=\"auto \" lang=\"NO\">For \u00e5 redusere bruken av plast bruker vi 30 % resirkulert risskall til ytterlokket.<\/span><span data-ccp->&nbsp;<\/span> <\/p>\n","protected":false},"excerpt":{"rendered":"<p>SHIKULIME GEL-TO-OIL CLEANSER fra Shiseidos hudpleieserie laget for yngre hud, WASO, for et 2-i-1-produkt med sminkefjerner og&amp;nbsp ;rensemiddel&nbsp;i ett. Fjerner enkelt vannfast sminke samtidig som den renser, fjerner smuss og, ved hjelp av den japanske frukten shikuwasa, balanserer hudens pH-niv\u00e5. s&aring; at dens naturlige fuktighetsbalanse opprettholdes. WASO SHIKULIME GEL-TO-OIL CLEANSER er perfekt som et f\u00f8rste [&hellip;]<\/p>\n","protected":false},"featured_media":378999,"comment_status":"open","ping_status":"closed","template":"","meta":{"_trash_the_other_posts":false},"product_brand":[],"product_cat":[609],"product_tag":[],"berocket_brand":[1193],"class_list":{"0":"post-379009","1":"product","2":"type-product","3":"status-publish","4":"has-post-thumbnail","6":"product_cat-ansiktsrens","7":"pa_brand-shiseido","8":"berocket_brand-shiseido","10":"first","11":"instock","12":"sale","13":"taxable","14":"shipping-taxable","15":"purchasable","16":"product-type-simple"},"_links":{"self":[{"href":"https:\/\/stylingagenten.com\/no\/wp-json\/wp\/v2\/product\/379009","targetHints":{"allow":["GET"]}}],"collection":[{"href":"https:\/\/stylingagenten.com\/no\/wp-json\/wp\/v2\/product"}],"about":[{"href":"https:\/\/stylingagenten.com\/no\/wp-json\/wp\/v2\/types\/product"}],"replies":[{"embeddable":true,"href":"https:\/\/stylingagenten.com\/no\/wp-json\/wp\/v2\/comments?post=379009"}],"version-history":[{"count":0,"href":"https:\/\/stylingagenten.com\/no\/wp-json\/wp\/v2\/product\/379009\/revisions"}],"wp:featuredmedia":[{"embeddable":true,"href":"https:\/\/stylingagenten.com\/no\/wp-json\/wp\/v2\/media\/378999"}],"wp:attachment":[{"href":"https:\/\/stylingagenten.com\/no\/wp-json\/wp\/v2\/media?parent=379009"}],"wp:term":[{"taxonomy":"product_brand","embeddable":true,"href":"https:\/\/stylingagenten.com\/no\/wp-json\/wp\/v2\/product_brand?post=379009"},{"taxonomy":"product_cat","embeddable":true,"href":"https:\/\/stylingagenten.com\/no\/wp-json\/wp\/v2\/product_cat?post=379009"},{"taxonomy":"product_tag","embeddable":true,"href":"https:\/\/stylingagenten.com\/no\/wp-json\/wp\/v2\/product_tag?post=379009"},{"taxonomy":"berocket_brand","embeddable":true,"href":"https:\/\/stylingagenten.com\/no\/wp-json\/wp\/v2\/berocket_brand?post=379009"}],"curies":[{"name":"wp","href":"https:\/\/api.w.org\/{rel}","templated":true}]}}