{"id":378980,"date":"2025-05-18T21:04:33","date_gmt":"2025-05-18T21:04:33","guid":{"rendered":"https:\/\/staging2.stylingagenten.com\/no\/produkt\/filorga-age-purify-clean-150ml\/"},"modified":"2026-04-10T15:08:45","modified_gmt":"2026-04-10T15:08:45","slug":"filorga-age-purify-clean-150ml","status":"publish","type":"product","link":"https:\/\/stylingagenten.com\/no\/produkt\/filorga-age-purify-clean-150ml\/","title":{"rendered":"Filorga Age-Purify Clean 150ml"},"content":{"rendered":"<p>Utjevnende og rensende rensegel for en ny hudeffekt etter 7 dagers bruk!<br \/>Ansiktsrens med en unik formel fra FILORGA som er utviklet av eksperter innen estetisk medisin og dermatologi. Beriket med utjevnende og rensende aktive ingredienser for jevnere og klarere hud. <br \/>En gel som forvandles til et fint skum og passer til kombinert eller fet hud som er ubalansert.<\/p>\n<p>Utjevnende effekt og fyller ut rynker<br \/>Muterer huden<br \/>Opstramming av porene<br \/>Reduserer kviser og blemishes<br \/>Dyp rens<\/p>\n<p>HYALURO-YOUTH CX en kombinasjon av tre anti-rynke ingredienser som har en plumpende og glattende effekt for korrigering av rynker og fine linjer. Utjevnende effekt etter 7 dager.<br \/>DERMO-RESCUE CX [5 mikro-peeling-syrer + sink + vegetabilsk ekstrakt] gir korrigering mot urenheter og ubalansert hud. Synlig effekt etter 7 dager.<br \/>Tre rensende polysakkarider gir en direkte dyprens og fjerner partikler for\u00e5rsaket av ansiktsrens.<\/p>\n<p>Skj\u00f8nnhetstips!<br \/>Unng\u00e5 \u00e5 ber\u00f8re ansiktet f\u00f8r r at huden ikke skal komme i ubalanse . Kombiner daglig med AGE-PURIFY for dobbel korrigering av rynker og ufullkommenheter.<\/p>\n","protected":false},"excerpt":{"rendered":"<p>Utjevnende og rensende rensegel for en ny hudeffekt etter 7 dagers bruk!Ansiktsrens med en unik formel fra FILORGA som er utviklet av eksperter innen estetisk medisin og dermatologi. Beriket med utjevnende og rensende aktive ingredienser for jevnere og klarere hud. En gel som forvandles til et fint skum og passer til kombinert eller fet hud [&hellip;]<\/p>\n","protected":false},"featured_media":378968,"comment_status":"open","ping_status":"closed","template":"","meta":{"_trash_the_other_posts":false},"product_brand":[],"product_cat":[609],"product_tag":[2907],"berocket_brand":[1317],"class_list":{"0":"post-378980","1":"product","2":"type-product","3":"status-publish","4":"has-post-thumbnail","6":"product_cat-ansiktsrens","7":"product_tag-filorga-age-purify-clean","8":"pa_brand-filorga","9":"pa_variant-150ml","10":"berocket_brand-filorga","12":"first","13":"instock","14":"sale","15":"taxable","16":"shipping-taxable","17":"purchasable","18":"product-type-simple"},"_links":{"self":[{"href":"https:\/\/stylingagenten.com\/no\/wp-json\/wp\/v2\/product\/378980","targetHints":{"allow":["GET"]}}],"collection":[{"href":"https:\/\/stylingagenten.com\/no\/wp-json\/wp\/v2\/product"}],"about":[{"href":"https:\/\/stylingagenten.com\/no\/wp-json\/wp\/v2\/types\/product"}],"replies":[{"embeddable":true,"href":"https:\/\/stylingagenten.com\/no\/wp-json\/wp\/v2\/comments?post=378980"}],"version-history":[{"count":0,"href":"https:\/\/stylingagenten.com\/no\/wp-json\/wp\/v2\/product\/378980\/revisions"}],"wp:featuredmedia":[{"embeddable":true,"href":"https:\/\/stylingagenten.com\/no\/wp-json\/wp\/v2\/media\/378968"}],"wp:attachment":[{"href":"https:\/\/stylingagenten.com\/no\/wp-json\/wp\/v2\/media?parent=378980"}],"wp:term":[{"taxonomy":"product_brand","embeddable":true,"href":"https:\/\/stylingagenten.com\/no\/wp-json\/wp\/v2\/product_brand?post=378980"},{"taxonomy":"product_cat","embeddable":true,"href":"https:\/\/stylingagenten.com\/no\/wp-json\/wp\/v2\/product_cat?post=378980"},{"taxonomy":"product_tag","embeddable":true,"href":"https:\/\/stylingagenten.com\/no\/wp-json\/wp\/v2\/product_tag?post=378980"},{"taxonomy":"berocket_brand","embeddable":true,"href":"https:\/\/stylingagenten.com\/no\/wp-json\/wp\/v2\/berocket_brand?post=378980"}],"curies":[{"name":"wp","href":"https:\/\/api.w.org\/{rel}","templated":true}]}}