{"id":378897,"date":"2025-05-18T21:04:21","date_gmt":"2025-05-18T21:04:21","guid":{"rendered":"https:\/\/staging2.stylingagenten.com\/no\/produkt\/shiseido-men-face-cleanser-125ml\/"},"modified":"2026-02-15T20:15:34","modified_gmt":"2026-02-15T20:15:34","slug":"shiseido-men-face-cleanser-125ml","status":"publish","type":"product","link":"https:\/\/stylingagenten.com\/no\/produkt\/shiseido-men-face-cleanser-125ml\/","title":{"rendered":"Shiseido Men Face Cleanser 125ml"},"content":{"rendered":"<p>Shiseido Men Face Cleanser er en n\u00e6rende og fuktighetsgivende rensemousse tilpasset mannlig hud. Den inneholder antioksidanter, fjerner sk\u00e5nsomt urenheter og overfl\u00f8dig talg samtidig som den lar huden beholde fuktigheten. Ansiktsrensen fungerer som et 2-i-1 multiprodukt da den ogs\u00e5 med fordel kan brukes som barberskum, for en mer sk\u00e5nsom og pleiende barberingsopplevelse.<br \/>Passer alle hudtyper.<\/p>\n<p>Take en liten mengde i h\u00e5nden og skum opp sammen med vann til et skum og masser skummet over ansiktet, skyll grundig med vann.<\/p>\n","protected":false},"excerpt":{"rendered":"<p>Shiseido Men Face Cleanser er en n\u00e6rende og fuktighetsgivende rensemousse tilpasset mannlig hud. Den inneholder antioksidanter, fjerner sk\u00e5nsomt urenheter og overfl\u00f8dig talg samtidig som den lar huden beholde fuktigheten. Ansiktsrensen fungerer som et 2-i-1 multiprodukt da den ogs\u00e5 med fordel kan brukes som barberskum, for en mer sk\u00e5nsom og pleiende barberingsopplevelse.Passer alle hudtyper. Take en [&hellip;]<\/p>\n","protected":false},"featured_media":378894,"comment_status":"open","ping_status":"closed","template":"","meta":{"_trash_the_other_posts":false},"product_brand":[],"product_cat":[609],"product_tag":[],"berocket_brand":[1193],"class_list":{"0":"post-378897","1":"product","2":"type-product","3":"status-publish","4":"has-post-thumbnail","6":"product_cat-ansiktsrens","7":"pa_brand-shiseido","8":"berocket_brand-shiseido","10":"first","11":"instock","12":"sale","13":"taxable","14":"shipping-taxable","15":"purchasable","16":"product-type-simple"},"_links":{"self":[{"href":"https:\/\/stylingagenten.com\/no\/wp-json\/wp\/v2\/product\/378897","targetHints":{"allow":["GET"]}}],"collection":[{"href":"https:\/\/stylingagenten.com\/no\/wp-json\/wp\/v2\/product"}],"about":[{"href":"https:\/\/stylingagenten.com\/no\/wp-json\/wp\/v2\/types\/product"}],"replies":[{"embeddable":true,"href":"https:\/\/stylingagenten.com\/no\/wp-json\/wp\/v2\/comments?post=378897"}],"version-history":[{"count":0,"href":"https:\/\/stylingagenten.com\/no\/wp-json\/wp\/v2\/product\/378897\/revisions"}],"wp:featuredmedia":[{"embeddable":true,"href":"https:\/\/stylingagenten.com\/no\/wp-json\/wp\/v2\/media\/378894"}],"wp:attachment":[{"href":"https:\/\/stylingagenten.com\/no\/wp-json\/wp\/v2\/media?parent=378897"}],"wp:term":[{"taxonomy":"product_brand","embeddable":true,"href":"https:\/\/stylingagenten.com\/no\/wp-json\/wp\/v2\/product_brand?post=378897"},{"taxonomy":"product_cat","embeddable":true,"href":"https:\/\/stylingagenten.com\/no\/wp-json\/wp\/v2\/product_cat?post=378897"},{"taxonomy":"product_tag","embeddable":true,"href":"https:\/\/stylingagenten.com\/no\/wp-json\/wp\/v2\/product_tag?post=378897"},{"taxonomy":"berocket_brand","embeddable":true,"href":"https:\/\/stylingagenten.com\/no\/wp-json\/wp\/v2\/berocket_brand?post=378897"}],"curies":[{"name":"wp","href":"https:\/\/api.w.org\/{rel}","templated":true}]}}