{"id":378865,"date":"2025-05-18T21:04:16","date_gmt":"2025-05-18T21:04:16","guid":{"rendered":"https:\/\/staging2.stylingagenten.com\/no\/produkt\/banila-co-clean-it-zero-cleansing-balm-original-25ml\/"},"modified":"2026-02-12T13:07:11","modified_gmt":"2026-02-12T13:07:11","slug":"banila-co-clean-it-zero-cleansing-balm-original-25ml","status":"publish","type":"product","link":"https:\/\/stylingagenten.com\/no\/produkt\/banila-co-clean-it-zero-cleansing-balm-original-25ml\/","title":{"rendered":"Banila Co Clean it Zero Cleansing Balm Original 25ml"},"content":{"rendered":"<p>Banila Co Clean it Zero Cleansing Balm Original 25ml<br \/>Clean It Zero Cleansing Balm i original design. En rensebalsam som effektivt smelter bort smuss og sminkerester uten \u00e5 t\u00f8rke ut huden og kan brukes som et f\u00f8rste trinn i dobbel rens. P\u00e5f\u00f8res i fast form og blir til olje n\u00e5r den masseres inn i huden. Inneholder esterolje og vitamin E som pleier og muliggj\u00f8r bruk for alle hudtyper.<\/p>\n","protected":false},"excerpt":{"rendered":"<p>Banila Co Clean it Zero Cleansing Balm Original 25mlClean It Zero Cleansing Balm i original design. En rensebalsam som effektivt smelter bort smuss og sminkerester uten \u00e5 t\u00f8rke ut huden og kan brukes som et f\u00f8rste trinn i dobbel rens. P\u00e5f\u00f8res i fast form og blir til olje n\u00e5r den masseres inn i huden. Inneholder [&hellip;]<\/p>\n","protected":false},"featured_media":378858,"comment_status":"open","ping_status":"closed","template":"","meta":{"_trash_the_other_posts":false},"product_brand":[],"product_cat":[609,1001],"product_tag":[],"berocket_brand":[1394],"class_list":{"0":"post-378865","1":"product","2":"type-product","3":"status-publish","4":"has-post-thumbnail","6":"product_cat-ansiktsrens","7":"product_cat-k-beauty","8":"pa_brand-banila-co","9":"berocket_brand-banila-co","11":"first","12":"instock","13":"sale","14":"taxable","15":"shipping-taxable","16":"purchasable","17":"product-type-simple"},"_links":{"self":[{"href":"https:\/\/stylingagenten.com\/no\/wp-json\/wp\/v2\/product\/378865","targetHints":{"allow":["GET"]}}],"collection":[{"href":"https:\/\/stylingagenten.com\/no\/wp-json\/wp\/v2\/product"}],"about":[{"href":"https:\/\/stylingagenten.com\/no\/wp-json\/wp\/v2\/types\/product"}],"replies":[{"embeddable":true,"href":"https:\/\/stylingagenten.com\/no\/wp-json\/wp\/v2\/comments?post=378865"}],"version-history":[{"count":0,"href":"https:\/\/stylingagenten.com\/no\/wp-json\/wp\/v2\/product\/378865\/revisions"}],"wp:featuredmedia":[{"embeddable":true,"href":"https:\/\/stylingagenten.com\/no\/wp-json\/wp\/v2\/media\/378858"}],"wp:attachment":[{"href":"https:\/\/stylingagenten.com\/no\/wp-json\/wp\/v2\/media?parent=378865"}],"wp:term":[{"taxonomy":"product_brand","embeddable":true,"href":"https:\/\/stylingagenten.com\/no\/wp-json\/wp\/v2\/product_brand?post=378865"},{"taxonomy":"product_cat","embeddable":true,"href":"https:\/\/stylingagenten.com\/no\/wp-json\/wp\/v2\/product_cat?post=378865"},{"taxonomy":"product_tag","embeddable":true,"href":"https:\/\/stylingagenten.com\/no\/wp-json\/wp\/v2\/product_tag?post=378865"},{"taxonomy":"berocket_brand","embeddable":true,"href":"https:\/\/stylingagenten.com\/no\/wp-json\/wp\/v2\/berocket_brand?post=378865"}],"curies":[{"name":"wp","href":"https:\/\/api.w.org\/{rel}","templated":true}]}}