{"id":378764,"date":"2025-05-18T21:04:03","date_gmt":"2025-05-18T21:04:03","guid":{"rendered":"https:\/\/staging2.stylingagenten.com\/no\/produkt\/purito-from-green-deep-foaming-cleanser-150ml\/"},"modified":"2026-01-26T08:19:18","modified_gmt":"2026-01-26T08:19:18","slug":"purito-from-green-deep-foaming-cleanser-150ml","status":"publish","type":"product","link":"https:\/\/stylingagenten.com\/no\/produkt\/purito-from-green-deep-foaming-cleanser-150ml\/","title":{"rendered":"Purito From Green Deep Foaming Cleanser 150ml"},"content":{"rendered":"<p>Purito From Green Deep Foaming Cleanser er sammensatt med naturlige ingredienser for en hudvennlig opplevelse. Glem kjemiske overflateaktive stoffer som SLS og SLES &#8211; denne rensen er sk\u00e5nsom nok for alle hudtyper, inkludert sensitiv hud.<\/p>\n<p>Etter hver rensing etterlater den huden din fuktet og balansert, klar til \u00e5 m\u00f8te dagen eller natten. Med en optimal pH-verdi p\u00e5 5,5 beskytter den hudbarrieren og bevarer hudens naturlige syremantel.<\/p>\n<p>Det rike skummet fjerner effektivt urenheter fra porene, og Centella Asiatica-ekstrakt styrker ytterligere hudbarrieren for en frisk og str\u00e5lende hud. Perfekt for hudtilstander som t\u00f8rrhet og sensitivitet, samt for hudtyper som t\u00f8rr, sensitiv og normal.<\/p>\n<p>150ml<\/p>\n","protected":false},"excerpt":{"rendered":"<p>Purito From Green Deep Foaming Cleanser er sammensatt med naturlige ingredienser for en hudvennlig opplevelse. Glem kjemiske overflateaktive stoffer som SLS og SLES &#8211; denne rensen er sk\u00e5nsom nok for alle hudtyper, inkludert sensitiv hud. Etter hver rensing etterlater den huden din fuktet og balansert, klar til \u00e5 m\u00f8te dagen eller natten. Med en optimal [&hellip;]<\/p>\n","protected":false},"featured_media":378746,"comment_status":"open","ping_status":"closed","template":"","meta":{"_trash_the_other_posts":false},"product_brand":[],"product_cat":[609,1001],"product_tag":[],"berocket_brand":[1412],"class_list":{"0":"post-378764","1":"product","2":"type-product","3":"status-publish","4":"has-post-thumbnail","6":"product_cat-ansiktsrens","7":"product_cat-k-beauty","8":"pa_brand-purito","9":"berocket_brand-purito","11":"first","12":"instock","13":"sale","14":"taxable","15":"shipping-taxable","16":"purchasable","17":"product-type-simple"},"_links":{"self":[{"href":"https:\/\/stylingagenten.com\/no\/wp-json\/wp\/v2\/product\/378764","targetHints":{"allow":["GET"]}}],"collection":[{"href":"https:\/\/stylingagenten.com\/no\/wp-json\/wp\/v2\/product"}],"about":[{"href":"https:\/\/stylingagenten.com\/no\/wp-json\/wp\/v2\/types\/product"}],"replies":[{"embeddable":true,"href":"https:\/\/stylingagenten.com\/no\/wp-json\/wp\/v2\/comments?post=378764"}],"version-history":[{"count":0,"href":"https:\/\/stylingagenten.com\/no\/wp-json\/wp\/v2\/product\/378764\/revisions"}],"wp:featuredmedia":[{"embeddable":true,"href":"https:\/\/stylingagenten.com\/no\/wp-json\/wp\/v2\/media\/378746"}],"wp:attachment":[{"href":"https:\/\/stylingagenten.com\/no\/wp-json\/wp\/v2\/media?parent=378764"}],"wp:term":[{"taxonomy":"product_brand","embeddable":true,"href":"https:\/\/stylingagenten.com\/no\/wp-json\/wp\/v2\/product_brand?post=378764"},{"taxonomy":"product_cat","embeddable":true,"href":"https:\/\/stylingagenten.com\/no\/wp-json\/wp\/v2\/product_cat?post=378764"},{"taxonomy":"product_tag","embeddable":true,"href":"https:\/\/stylingagenten.com\/no\/wp-json\/wp\/v2\/product_tag?post=378764"},{"taxonomy":"berocket_brand","embeddable":true,"href":"https:\/\/stylingagenten.com\/no\/wp-json\/wp\/v2\/berocket_brand?post=378764"}],"curies":[{"name":"wp","href":"https:\/\/api.w.org\/{rel}","templated":true}]}}