{"id":378762,"date":"2025-05-18T21:04:03","date_gmt":"2025-05-18T21:04:03","guid":{"rendered":"https:\/\/staging2.stylingagenten.com\/no\/produkt\/dermalogica-active-clay-cleanser-150ml\/"},"modified":"2026-04-08T15:29:39","modified_gmt":"2026-04-08T15:29:39","slug":"dermalogica-active-clay-cleanser-150ml","status":"publish","type":"product","link":"https:\/\/stylingagenten.com\/no\/produkt\/dermalogica-active-clay-cleanser-150ml\/","title":{"rendered":"Dermalogica Active Clay Cleanser 150ml"},"content":{"rendered":"<p>Dermalogica Active Clay Cleanser er en dyprensende, mineralrik ansiktsrens med porereduserende kaolinleire og aktivt kull. Rensen inneholder ogs\u00e5 balanserende prebiotika som gir n\u00e6ring til de gode hudbakteriene i den beskyttende mikrofloraen.<\/p>\n<p>I tillegg l\u00f8ser et lipidkompleks opp overfl\u00f8dig fett p\u00e5 hudens overflate, og huden blir skinnende ren\u2014men ogs\u00e5 myk og glatt. Kan brukes som en 5-minutters maske!<\/p>\n<p>150 ml<\/p>\n","protected":false},"excerpt":{"rendered":"<p>Dermalogica Active Clay Cleanser er en dyprensende, mineralrik ansiktsrens med porereduserende kaolinleire og aktivt kull. Rensen inneholder ogs\u00e5 balanserende prebiotika som gir n\u00e6ring til de gode hudbakteriene i den beskyttende mikrofloraen. I tillegg l\u00f8ser et lipidkompleks opp overfl\u00f8dig fett p\u00e5 hudens overflate, og huden blir skinnende ren\u2014men ogs\u00e5 myk og glatt. Kan brukes som en [&hellip;]<\/p>\n","protected":false},"featured_media":378726,"comment_status":"open","ping_status":"closed","template":"","meta":{"_trash_the_other_posts":false},"product_brand":[],"product_cat":[609],"product_tag":[],"berocket_brand":[1420],"class_list":{"0":"post-378762","1":"product","2":"type-product","3":"status-publish","4":"has-post-thumbnail","6":"product_cat-ansiktsrens","7":"pa_brand-dermalogica","8":"berocket_brand-dermalogica","10":"first","11":"outofstock","12":"sale","13":"taxable","14":"shipping-taxable","15":"purchasable","16":"product-type-simple"},"_links":{"self":[{"href":"https:\/\/stylingagenten.com\/no\/wp-json\/wp\/v2\/product\/378762","targetHints":{"allow":["GET"]}}],"collection":[{"href":"https:\/\/stylingagenten.com\/no\/wp-json\/wp\/v2\/product"}],"about":[{"href":"https:\/\/stylingagenten.com\/no\/wp-json\/wp\/v2\/types\/product"}],"replies":[{"embeddable":true,"href":"https:\/\/stylingagenten.com\/no\/wp-json\/wp\/v2\/comments?post=378762"}],"version-history":[{"count":0,"href":"https:\/\/stylingagenten.com\/no\/wp-json\/wp\/v2\/product\/378762\/revisions"}],"wp:featuredmedia":[{"embeddable":true,"href":"https:\/\/stylingagenten.com\/no\/wp-json\/wp\/v2\/media\/378726"}],"wp:attachment":[{"href":"https:\/\/stylingagenten.com\/no\/wp-json\/wp\/v2\/media?parent=378762"}],"wp:term":[{"taxonomy":"product_brand","embeddable":true,"href":"https:\/\/stylingagenten.com\/no\/wp-json\/wp\/v2\/product_brand?post=378762"},{"taxonomy":"product_cat","embeddable":true,"href":"https:\/\/stylingagenten.com\/no\/wp-json\/wp\/v2\/product_cat?post=378762"},{"taxonomy":"product_tag","embeddable":true,"href":"https:\/\/stylingagenten.com\/no\/wp-json\/wp\/v2\/product_tag?post=378762"},{"taxonomy":"berocket_brand","embeddable":true,"href":"https:\/\/stylingagenten.com\/no\/wp-json\/wp\/v2\/berocket_brand?post=378762"}],"curies":[{"name":"wp","href":"https:\/\/api.w.org\/{rel}","templated":true}]}}