{"id":378757,"date":"2025-05-18T21:04:02","date_gmt":"2025-05-18T21:04:02","guid":{"rendered":"https:\/\/staging2.stylingagenten.com\/no\/produkt\/purito-from-green-cleansing-oil-200ml\/"},"modified":"2025-12-18T21:57:08","modified_gmt":"2025-12-18T21:57:08","slug":"purito-from-green-cleansing-oil-200ml","status":"publish","type":"product","link":"https:\/\/stylingagenten.com\/no\/produkt\/purito-from-green-cleansing-oil-200ml\/","title":{"rendered":"Purito From Green Cleansing Oil 200ml"},"content":{"rendered":"<p>Purito From Green Cleansing Oil er en mild og ren oljerens med fem essensielle oljer fra naturen. Det er en naturlig, plante-basert, mild og beroligende rensende olje som fjerner skitt og sminke samtidig som den fukter og mykgj\u00f8r huden. Olivenolje og solsikkeolje fukter mens mandelolje og druekjernolje bidrar til \u00e5 bekjempe synlige aldringstegn og hudskader med sine antioksidantegenskaper. Jojobafr\u00f8olje gir en dyprensende effekt og fjerner urenheter samtidig som den forhindrer tilstopping av porene. Dette hjelper igjen huden med \u00e5 se mer ungdommelig og str\u00e5lende ut innenfra og ut. Passer for alle hudtyper.<br \/>\n<br \/>Fri for etanol, mineraloljer og kunstig duft. Vegansk og ikke testet p\u00e5 dyr.<\/p>\n<p>200 ml<\/p>\n","protected":false},"excerpt":{"rendered":"<p>Purito From Green Cleansing Oil er en mild og ren oljerens med fem essensielle oljer fra naturen. Det er en naturlig, plante-basert, mild og beroligende rensende olje som fjerner skitt og sminke samtidig som den fukter og mykgj\u00f8r huden. Olivenolje og solsikkeolje fukter mens mandelolje og druekjernolje bidrar til \u00e5 bekjempe synlige aldringstegn og hudskader [&hellip;]<\/p>\n","protected":false},"featured_media":378729,"comment_status":"open","ping_status":"closed","template":"","meta":{"_trash_the_other_posts":false},"product_brand":[],"product_cat":[609,1001],"product_tag":[],"berocket_brand":[1412],"class_list":{"0":"post-378757","1":"product","2":"type-product","3":"status-publish","4":"has-post-thumbnail","6":"product_cat-ansiktsrens","7":"product_cat-k-beauty","8":"pa_brand-purito","9":"berocket_brand-purito","11":"first","12":"instock","13":"sale","14":"taxable","15":"shipping-taxable","16":"purchasable","17":"product-type-simple"},"_links":{"self":[{"href":"https:\/\/stylingagenten.com\/no\/wp-json\/wp\/v2\/product\/378757","targetHints":{"allow":["GET"]}}],"collection":[{"href":"https:\/\/stylingagenten.com\/no\/wp-json\/wp\/v2\/product"}],"about":[{"href":"https:\/\/stylingagenten.com\/no\/wp-json\/wp\/v2\/types\/product"}],"replies":[{"embeddable":true,"href":"https:\/\/stylingagenten.com\/no\/wp-json\/wp\/v2\/comments?post=378757"}],"version-history":[{"count":0,"href":"https:\/\/stylingagenten.com\/no\/wp-json\/wp\/v2\/product\/378757\/revisions"}],"wp:featuredmedia":[{"embeddable":true,"href":"https:\/\/stylingagenten.com\/no\/wp-json\/wp\/v2\/media\/378729"}],"wp:attachment":[{"href":"https:\/\/stylingagenten.com\/no\/wp-json\/wp\/v2\/media?parent=378757"}],"wp:term":[{"taxonomy":"product_brand","embeddable":true,"href":"https:\/\/stylingagenten.com\/no\/wp-json\/wp\/v2\/product_brand?post=378757"},{"taxonomy":"product_cat","embeddable":true,"href":"https:\/\/stylingagenten.com\/no\/wp-json\/wp\/v2\/product_cat?post=378757"},{"taxonomy":"product_tag","embeddable":true,"href":"https:\/\/stylingagenten.com\/no\/wp-json\/wp\/v2\/product_tag?post=378757"},{"taxonomy":"berocket_brand","embeddable":true,"href":"https:\/\/stylingagenten.com\/no\/wp-json\/wp\/v2\/berocket_brand?post=378757"}],"curies":[{"name":"wp","href":"https:\/\/api.w.org\/{rel}","templated":true}]}}