{"id":378723,"date":"2025-05-18T21:03:59","date_gmt":"2025-05-18T21:03:59","guid":{"rendered":"https:\/\/staging2.stylingagenten.com\/no\/produkt\/dermalogica-daily-glycolic-cleanser-295ml\/"},"modified":"2026-04-08T15:30:03","modified_gmt":"2026-04-08T15:30:03","slug":"dermalogica-daily-glycolic-cleanser-295ml","status":"publish","type":"product","link":"https:\/\/stylingagenten.com\/no\/produkt\/dermalogica-daily-glycolic-cleanser-295ml\/","title":{"rendered":"Dermalogica Daily Glycolic Cleanser 295ml"},"content":{"rendered":"<p>Dermalogica Daily Glycolic Cleanser er en 2-i-1: rens og eksfoliering i ett steg!<\/p>\n<p>Daily Glycolic Cleanser er en lett skummende rensegel med naturlige planteekstrakter som eksfolierer, renser og samtidig fukter huden din. Den milde og effektive formelen l\u00f8ser sk\u00e5nsomt opp innkapslede urenheter samtidig som hudens fuktighetsbarriere bevares.<\/p>\n<p>Glykolsyre (AHA fra sukkerr\u00f8r): eksfolierer huden for \u00e5 fjerne d\u00f8de hudceller.<br \/>\n<br \/>Ekstrakt fra ringblomst: beroliger huden og er rik p\u00e5 beskyttende antioksidanter.<br \/>\n<br \/>Jojobafr\u00f8olje: gjenoppretter, mykgj\u00f8r og bevarer hudens fuktighetsbarriere.<br \/>\n<br \/>Allantoin (valurt): behandler, beskytter og pleier.<br \/>\n<br \/>295 ml<\/p>\n","protected":false},"excerpt":{"rendered":"<p>Dermalogica Daily Glycolic Cleanser er en 2-i-1: rens og eksfoliering i ett steg! Daily Glycolic Cleanser er en lett skummende rensegel med naturlige planteekstrakter som eksfolierer, renser og samtidig fukter huden din. Den milde og effektive formelen l\u00f8ser sk\u00e5nsomt opp innkapslede urenheter samtidig som hudens fuktighetsbarriere bevares. Glykolsyre (AHA fra sukkerr\u00f8r): eksfolierer huden for \u00e5 [&hellip;]<\/p>\n","protected":false},"featured_media":378713,"comment_status":"open","ping_status":"closed","template":"","meta":{"_trash_the_other_posts":false},"product_brand":[],"product_cat":[609],"product_tag":[2788],"berocket_brand":[1420],"class_list":{"0":"post-378723","1":"product","2":"type-product","3":"status-publish","4":"has-post-thumbnail","6":"product_cat-ansiktsrens","7":"product_tag-dermalogica-daily-glycolic-cleanser","8":"pa_brand-dermalogica","9":"pa_variant-295ml","10":"berocket_brand-dermalogica","12":"first","13":"outofstock","14":"sale","15":"taxable","16":"shipping-taxable","17":"purchasable","18":"product-type-simple"},"_links":{"self":[{"href":"https:\/\/stylingagenten.com\/no\/wp-json\/wp\/v2\/product\/378723","targetHints":{"allow":["GET"]}}],"collection":[{"href":"https:\/\/stylingagenten.com\/no\/wp-json\/wp\/v2\/product"}],"about":[{"href":"https:\/\/stylingagenten.com\/no\/wp-json\/wp\/v2\/types\/product"}],"replies":[{"embeddable":true,"href":"https:\/\/stylingagenten.com\/no\/wp-json\/wp\/v2\/comments?post=378723"}],"version-history":[{"count":0,"href":"https:\/\/stylingagenten.com\/no\/wp-json\/wp\/v2\/product\/378723\/revisions"}],"wp:featuredmedia":[{"embeddable":true,"href":"https:\/\/stylingagenten.com\/no\/wp-json\/wp\/v2\/media\/378713"}],"wp:attachment":[{"href":"https:\/\/stylingagenten.com\/no\/wp-json\/wp\/v2\/media?parent=378723"}],"wp:term":[{"taxonomy":"product_brand","embeddable":true,"href":"https:\/\/stylingagenten.com\/no\/wp-json\/wp\/v2\/product_brand?post=378723"},{"taxonomy":"product_cat","embeddable":true,"href":"https:\/\/stylingagenten.com\/no\/wp-json\/wp\/v2\/product_cat?post=378723"},{"taxonomy":"product_tag","embeddable":true,"href":"https:\/\/stylingagenten.com\/no\/wp-json\/wp\/v2\/product_tag?post=378723"},{"taxonomy":"berocket_brand","embeddable":true,"href":"https:\/\/stylingagenten.com\/no\/wp-json\/wp\/v2\/berocket_brand?post=378723"}],"curies":[{"name":"wp","href":"https:\/\/api.w.org\/{rel}","templated":true}]}}