{"id":378709,"date":"2025-05-18T21:03:57","date_gmt":"2025-05-18T21:03:57","guid":{"rendered":"https:\/\/staging2.stylingagenten.com\/no\/produkt\/dermalogica-micellar-prebiotic-precleanse-150ml\/"},"modified":"2026-04-08T15:29:49","modified_gmt":"2026-04-08T15:29:49","slug":"dermalogica-micellar-prebiotic-precleanse-150ml","status":"publish","type":"product","link":"https:\/\/stylingagenten.com\/no\/produkt\/dermalogica-micellar-prebiotic-precleanse-150ml\/","title":{"rendered":"Dermalogica Micellar Prebiotic PreCleanse 150ml"},"content":{"rendered":"<p>Dermalogica Micellar Prebiotic PreCleanse inneholder en base av rensende havremelk og miceller. Miceller fungerer som magneter som sk\u00e5nsomt, men effektivt l\u00f8fter bort smuss og sminke fra hudens overflate. Med micellar teknologi kan man b\u00e5de l\u00f8se opp og kapsle inn fett- og vannl\u00f8selige partikler. Micellar Prebiotic PreCleanse tar din rengj\u00f8ringsrutine et skritt videre: i tillegg til \u00e5 tiltrekke og l\u00f8se opp sminke og urenheter med sine sk\u00e5nsomme miceller, styrker og gjenoppretter den ogs\u00e5 hudens mikroflora ved hjelp av prebiotika. Dette gj\u00f8r denne forvasken ekstra bra for sensitiv hud.<\/p>\n<p>N\u00f8kkelingredienser<\/p>\n<p>Murumurusm\u00f8r (palmefruktekstrakt) l\u00f8ser opp og kapsler inn fettbaserte smusspartikler.<br \/>\n<br \/>Havremelk med hudkondisjonerende lipider som sk\u00e5nsomt renser.<br \/>\n<br \/>Prebiotisk kompleks gjenoppretter hudens mikroflora og forsterker vevets fuktbindende evne.<br \/>\n<br \/>Aprikoskjerneolje virker antioksidativt og beskytter mot hudirritasjon.<br \/>\n<br \/>Bomullsfr\u00f8ekstrakt er rikt p\u00e5 aminosyrer som styrker hudbarrieren.<br \/>\n<br \/>150 ml<\/p>\n","protected":false},"excerpt":{"rendered":"<p>Dermalogica Micellar Prebiotic PreCleanse inneholder en base av rensende havremelk og miceller. Miceller fungerer som magneter som sk\u00e5nsomt, men effektivt l\u00f8fter bort smuss og sminke fra hudens overflate. Med micellar teknologi kan man b\u00e5de l\u00f8se opp og kapsle inn fett- og vannl\u00f8selige partikler. Micellar Prebiotic PreCleanse tar din rengj\u00f8ringsrutine et skritt videre: i tillegg til [&hellip;]<\/p>\n","protected":false},"featured_media":378678,"comment_status":"open","ping_status":"closed","template":"","meta":{"_trash_the_other_posts":false},"product_brand":[],"product_cat":[609],"product_tag":[],"berocket_brand":[1420],"class_list":{"0":"post-378709","1":"product","2":"type-product","3":"status-publish","4":"has-post-thumbnail","6":"product_cat-ansiktsrens","7":"pa_brand-dermalogica","8":"berocket_brand-dermalogica","10":"first","11":"instock","12":"sale","13":"taxable","14":"shipping-taxable","15":"purchasable","16":"product-type-simple"},"_links":{"self":[{"href":"https:\/\/stylingagenten.com\/no\/wp-json\/wp\/v2\/product\/378709","targetHints":{"allow":["GET"]}}],"collection":[{"href":"https:\/\/stylingagenten.com\/no\/wp-json\/wp\/v2\/product"}],"about":[{"href":"https:\/\/stylingagenten.com\/no\/wp-json\/wp\/v2\/types\/product"}],"replies":[{"embeddable":true,"href":"https:\/\/stylingagenten.com\/no\/wp-json\/wp\/v2\/comments?post=378709"}],"version-history":[{"count":0,"href":"https:\/\/stylingagenten.com\/no\/wp-json\/wp\/v2\/product\/378709\/revisions"}],"wp:featuredmedia":[{"embeddable":true,"href":"https:\/\/stylingagenten.com\/no\/wp-json\/wp\/v2\/media\/378678"}],"wp:attachment":[{"href":"https:\/\/stylingagenten.com\/no\/wp-json\/wp\/v2\/media?parent=378709"}],"wp:term":[{"taxonomy":"product_brand","embeddable":true,"href":"https:\/\/stylingagenten.com\/no\/wp-json\/wp\/v2\/product_brand?post=378709"},{"taxonomy":"product_cat","embeddable":true,"href":"https:\/\/stylingagenten.com\/no\/wp-json\/wp\/v2\/product_cat?post=378709"},{"taxonomy":"product_tag","embeddable":true,"href":"https:\/\/stylingagenten.com\/no\/wp-json\/wp\/v2\/product_tag?post=378709"},{"taxonomy":"berocket_brand","embeddable":true,"href":"https:\/\/stylingagenten.com\/no\/wp-json\/wp\/v2\/berocket_brand?post=378709"}],"curies":[{"name":"wp","href":"https:\/\/api.w.org\/{rel}","templated":true}]}}