{"id":378671,"date":"2025-05-18T21:03:52","date_gmt":"2025-05-18T21:03:52","guid":{"rendered":"https:\/\/staging2.stylingagenten.com\/no\/produkt\/dermalogica-ultracalming-cleanser-250ml\/"},"modified":"2026-04-08T15:30:14","modified_gmt":"2026-04-08T15:30:14","slug":"dermalogica-ultracalming-cleanser-250ml","status":"publish","type":"product","link":"https:\/\/stylingagenten.com\/no\/produkt\/dermalogica-ultracalming-cleanser-250ml\/","title":{"rendered":"Dermalogica UltraCalming Cleanser 250ml"},"content":{"rendered":"<p>Dermalogica UltraCalming Cleanser er en mildt rensende og kj\u00f8lende gelkrem. Fjerner sk\u00e5nsomt bort urenheter, ogs\u00e5 i \u00f8yeomr\u00e5det. Fjernes enkelt med vann eller en myk vaskeklut.<\/p>\n<p>UltraCalming\u2122 Complex (punarnava, havre, ingef\u00e6r, kamille): Reduserer r\u00f8dhet, hudirritasjon og betennelse.<br \/>\n<br \/>Bringeb\u00e6rekstrakt: Lindrer r\u00f8dhet og irritasjon.<br \/>\n<br \/>Lavendelekstrakt: Beroliger og virker rensende.<br \/>\n<br \/>250ml<\/p>\n","protected":false},"excerpt":{"rendered":"<p>Dermalogica UltraCalming Cleanser er en mildt rensende og kj\u00f8lende gelkrem. Fjerner sk\u00e5nsomt bort urenheter, ogs\u00e5 i \u00f8yeomr\u00e5det. Fjernes enkelt med vann eller en myk vaskeklut. UltraCalming\u2122 Complex (punarnava, havre, ingef\u00e6r, kamille): Reduserer r\u00f8dhet, hudirritasjon og betennelse. Bringeb\u00e6rekstrakt: Lindrer r\u00f8dhet og irritasjon. Lavendelekstrakt: Beroliger og virker rensende. 250ml<\/p>\n","protected":false},"featured_media":378644,"comment_status":"open","ping_status":"closed","template":"","meta":{"_trash_the_other_posts":false},"product_brand":[],"product_cat":[609],"product_tag":[2795],"berocket_brand":[1420],"class_list":{"0":"post-378671","1":"product","2":"type-product","3":"status-publish","4":"has-post-thumbnail","6":"product_cat-ansiktsrens","7":"product_tag-dermalogica-ultracalming-cleanser","8":"pa_brand-dermalogica","9":"pa_variant-250ml","10":"berocket_brand-dermalogica","12":"first","13":"instock","14":"sale","15":"taxable","16":"shipping-taxable","17":"purchasable","18":"product-type-simple"},"_links":{"self":[{"href":"https:\/\/stylingagenten.com\/no\/wp-json\/wp\/v2\/product\/378671","targetHints":{"allow":["GET"]}}],"collection":[{"href":"https:\/\/stylingagenten.com\/no\/wp-json\/wp\/v2\/product"}],"about":[{"href":"https:\/\/stylingagenten.com\/no\/wp-json\/wp\/v2\/types\/product"}],"replies":[{"embeddable":true,"href":"https:\/\/stylingagenten.com\/no\/wp-json\/wp\/v2\/comments?post=378671"}],"version-history":[{"count":0,"href":"https:\/\/stylingagenten.com\/no\/wp-json\/wp\/v2\/product\/378671\/revisions"}],"wp:featuredmedia":[{"embeddable":true,"href":"https:\/\/stylingagenten.com\/no\/wp-json\/wp\/v2\/media\/378644"}],"wp:attachment":[{"href":"https:\/\/stylingagenten.com\/no\/wp-json\/wp\/v2\/media?parent=378671"}],"wp:term":[{"taxonomy":"product_brand","embeddable":true,"href":"https:\/\/stylingagenten.com\/no\/wp-json\/wp\/v2\/product_brand?post=378671"},{"taxonomy":"product_cat","embeddable":true,"href":"https:\/\/stylingagenten.com\/no\/wp-json\/wp\/v2\/product_cat?post=378671"},{"taxonomy":"product_tag","embeddable":true,"href":"https:\/\/stylingagenten.com\/no\/wp-json\/wp\/v2\/product_tag?post=378671"},{"taxonomy":"berocket_brand","embeddable":true,"href":"https:\/\/stylingagenten.com\/no\/wp-json\/wp\/v2\/berocket_brand?post=378671"}],"curies":[{"name":"wp","href":"https:\/\/api.w.org\/{rel}","templated":true}]}}