{"id":378656,"date":"2025-05-18T21:03:51","date_gmt":"2025-05-18T21:03:51","guid":{"rendered":"https:\/\/staging2.stylingagenten.com\/no\/produkt\/dermalogica-precleanse-30ml\/"},"modified":"2026-04-08T15:29:53","modified_gmt":"2026-04-08T15:29:53","slug":"dermalogica-precleanse-30ml","status":"publish","type":"product","link":"https:\/\/stylingagenten.com\/no\/produkt\/dermalogica-precleanse-30ml\/","title":{"rendered":"Dermalogica PreCleanse 30ml"},"content":{"rendered":"<p>Dermalogica PreCleanse brukes som en forvask og l\u00f8ser effektivt opp oljebasert smuss, solkrem og vannfast sminke. F\u00f8lg opp med den rensen som din hudterapeut har anbefalt for din spesifikke hudtilstand.<\/p>\n<p>N\u00f8kkelingredienser<br \/>\n<br \/>\u2022 Agurkurtolje: beroliger og binder fuktighet<br \/>\n<br \/>\u2022 Aprikoskjerneolje: styrker hudbarrieren, mykgj\u00f8rende<br \/>\n<br \/>\u2022 Kukui-n\u00f8tteolje: beskytter og binder fuktighet<\/p>\n<p>30ml<\/p>\n","protected":false},"excerpt":{"rendered":"<p>Dermalogica PreCleanse brukes som en forvask og l\u00f8ser effektivt opp oljebasert smuss, solkrem og vannfast sminke. F\u00f8lg opp med den rensen som din hudterapeut har anbefalt for din spesifikke hudtilstand. N\u00f8kkelingredienser \u2022 Agurkurtolje: beroliger og binder fuktighet \u2022 Aprikoskjerneolje: styrker hudbarrieren, mykgj\u00f8rende \u2022 Kukui-n\u00f8tteolje: beskytter og binder fuktighet 30ml<\/p>\n","protected":false},"featured_media":378638,"comment_status":"open","ping_status":"closed","template":"","meta":{"_trash_the_other_posts":false},"product_brand":[],"product_cat":[609],"product_tag":[2792],"berocket_brand":[1420],"class_list":{"0":"post-378656","1":"product","2":"type-product","3":"status-publish","4":"has-post-thumbnail","6":"product_cat-ansiktsrens","7":"product_tag-dermalogica-precleanse","8":"pa_brand-dermalogica","9":"pa_variant-30ml","10":"berocket_brand-dermalogica","12":"first","13":"instock","14":"sale","15":"taxable","16":"shipping-taxable","17":"purchasable","18":"product-type-simple"},"_links":{"self":[{"href":"https:\/\/stylingagenten.com\/no\/wp-json\/wp\/v2\/product\/378656","targetHints":{"allow":["GET"]}}],"collection":[{"href":"https:\/\/stylingagenten.com\/no\/wp-json\/wp\/v2\/product"}],"about":[{"href":"https:\/\/stylingagenten.com\/no\/wp-json\/wp\/v2\/types\/product"}],"replies":[{"embeddable":true,"href":"https:\/\/stylingagenten.com\/no\/wp-json\/wp\/v2\/comments?post=378656"}],"version-history":[{"count":0,"href":"https:\/\/stylingagenten.com\/no\/wp-json\/wp\/v2\/product\/378656\/revisions"}],"wp:featuredmedia":[{"embeddable":true,"href":"https:\/\/stylingagenten.com\/no\/wp-json\/wp\/v2\/media\/378638"}],"wp:attachment":[{"href":"https:\/\/stylingagenten.com\/no\/wp-json\/wp\/v2\/media?parent=378656"}],"wp:term":[{"taxonomy":"product_brand","embeddable":true,"href":"https:\/\/stylingagenten.com\/no\/wp-json\/wp\/v2\/product_brand?post=378656"},{"taxonomy":"product_cat","embeddable":true,"href":"https:\/\/stylingagenten.com\/no\/wp-json\/wp\/v2\/product_cat?post=378656"},{"taxonomy":"product_tag","embeddable":true,"href":"https:\/\/stylingagenten.com\/no\/wp-json\/wp\/v2\/product_tag?post=378656"},{"taxonomy":"berocket_brand","embeddable":true,"href":"https:\/\/stylingagenten.com\/no\/wp-json\/wp\/v2\/berocket_brand?post=378656"}],"curies":[{"name":"wp","href":"https:\/\/api.w.org\/{rel}","templated":true}]}}