{"id":378651,"date":"2025-05-18T21:03:51","date_gmt":"2025-05-18T21:03:51","guid":{"rendered":"https:\/\/staging2.stylingagenten.com\/no\/produkt\/dermalogica-special-cleansing-gel-50ml\/"},"modified":"2026-04-08T15:29:57","modified_gmt":"2026-04-08T15:29:57","slug":"dermalogica-special-cleansing-gel-50ml","status":"publish","type":"product","link":"https:\/\/stylingagenten.com\/no\/produkt\/dermalogica-special-cleansing-gel-50ml\/","title":{"rendered":"Dermalogica Special Cleansing Gel 50ml"},"content":{"rendered":"<p>Dermalogica Special Cleansing Gel er en skummende rengj\u00f8ringsgel som raskt fjerner sminke og smuss uten \u00e5 t\u00f8rke ut huden. Litt rekker lenge!<\/p>\n<p>N\u00f8kkelingredienser:<\/p>\n<p>S\u00e5petre-ekstrakt: naturlig skummende komponent som sk\u00e5nsomt fjerner smuss, sminke og tilstoppninger.<br \/>\n<br \/>Sitronmelisse: renser og beroliger.<br \/>\n<br \/>Lavendel: virker beroligende og rensende.<br \/>\n<br \/>50ml<\/p>\n","protected":false},"excerpt":{"rendered":"<p>Dermalogica Special Cleansing Gel er en skummende rengj\u00f8ringsgel som raskt fjerner sminke og smuss uten \u00e5 t\u00f8rke ut huden. Litt rekker lenge! N\u00f8kkelingredienser: S\u00e5petre-ekstrakt: naturlig skummende komponent som sk\u00e5nsomt fjerner smuss, sminke og tilstoppninger. Sitronmelisse: renser og beroliger. Lavendel: virker beroligende og rensende. 50ml<\/p>\n","protected":false},"featured_media":378634,"comment_status":"open","ping_status":"closed","template":"","meta":{"_trash_the_other_posts":false},"product_brand":[],"product_cat":[609],"product_tag":[2794],"berocket_brand":[1420],"class_list":{"0":"post-378651","1":"product","2":"type-product","3":"status-publish","4":"has-post-thumbnail","6":"product_cat-ansiktsrens","7":"product_tag-dermalogica-special-cleansing-gel","8":"pa_brand-dermalogica","9":"pa_variant-50ml","10":"berocket_brand-dermalogica","12":"first","13":"instock","14":"sale","15":"taxable","16":"shipping-taxable","17":"purchasable","18":"product-type-simple"},"_links":{"self":[{"href":"https:\/\/stylingagenten.com\/no\/wp-json\/wp\/v2\/product\/378651","targetHints":{"allow":["GET"]}}],"collection":[{"href":"https:\/\/stylingagenten.com\/no\/wp-json\/wp\/v2\/product"}],"about":[{"href":"https:\/\/stylingagenten.com\/no\/wp-json\/wp\/v2\/types\/product"}],"replies":[{"embeddable":true,"href":"https:\/\/stylingagenten.com\/no\/wp-json\/wp\/v2\/comments?post=378651"}],"version-history":[{"count":0,"href":"https:\/\/stylingagenten.com\/no\/wp-json\/wp\/v2\/product\/378651\/revisions"}],"wp:featuredmedia":[{"embeddable":true,"href":"https:\/\/stylingagenten.com\/no\/wp-json\/wp\/v2\/media\/378634"}],"wp:attachment":[{"href":"https:\/\/stylingagenten.com\/no\/wp-json\/wp\/v2\/media?parent=378651"}],"wp:term":[{"taxonomy":"product_brand","embeddable":true,"href":"https:\/\/stylingagenten.com\/no\/wp-json\/wp\/v2\/product_brand?post=378651"},{"taxonomy":"product_cat","embeddable":true,"href":"https:\/\/stylingagenten.com\/no\/wp-json\/wp\/v2\/product_cat?post=378651"},{"taxonomy":"product_tag","embeddable":true,"href":"https:\/\/stylingagenten.com\/no\/wp-json\/wp\/v2\/product_tag?post=378651"},{"taxonomy":"berocket_brand","embeddable":true,"href":"https:\/\/stylingagenten.com\/no\/wp-json\/wp\/v2\/berocket_brand?post=378651"}],"curies":[{"name":"wp","href":"https:\/\/api.w.org\/{rel}","templated":true}]}}