{"id":378628,"date":"2025-05-18T21:03:47","date_gmt":"2025-05-18T21:03:47","guid":{"rendered":"https:\/\/staging2.stylingagenten.com\/no\/produkt\/banila-co-clean-it-zero-cleansing-balm-brightening-100ml\/"},"modified":"2025-12-18T21:30:50","modified_gmt":"2025-12-18T21:30:50","slug":"banila-co-clean-it-zero-cleansing-balm-brightening-100ml","status":"publish","type":"product","link":"https:\/\/stylingagenten.com\/no\/produkt\/banila-co-clean-it-zero-cleansing-balm-brightening-100ml\/","title":{"rendered":"Banila Co Clean It Zero Cleansing Balm Brightening 100ml"},"content":{"rendered":"<p>Banila Co Clean It Zero Cleansing Balm Brightening<\/p>\n<p>Dette er en rensebalsam som effektivt smelter bort smuss og sminkerester uten \u00e5 t\u00f8rke ut huden, og kan brukes som f\u00f8rste steg i dobbelrensing. P\u00e5f\u00f8res i fast form og forvandles til olje n\u00e5r den masseres inn i huden.<\/p>\n<p>Mandarin-C\u2122 &#8211; Inneholder mandarinolje og vitaminer for \u00e5 gi en klar hudtone og str\u00e5lende gl\u00f8d etter rensingen.<\/p>\n<p>Den friske og fuktighetsgivende rensebalsamen tilf\u00f8rer vitaminer og fuktighet til huden samtidig som den rengj\u00f8r.<\/p>\n<p>100ml<\/p>\n","protected":false},"excerpt":{"rendered":"<p>Banila Co Clean It Zero Cleansing Balm Brightening Dette er en rensebalsam som effektivt smelter bort smuss og sminkerester uten \u00e5 t\u00f8rke ut huden, og kan brukes som f\u00f8rste steg i dobbelrensing. P\u00e5f\u00f8res i fast form og forvandles til olje n\u00e5r den masseres inn i huden. Mandarin-C\u2122 &#8211; Inneholder mandarinolje og vitaminer for \u00e5 gi [&hellip;]<\/p>\n","protected":false},"featured_media":378585,"comment_status":"open","ping_status":"closed","template":"","meta":{"_trash_the_other_posts":false},"product_brand":[],"product_cat":[609],"product_tag":[],"berocket_brand":[1394],"class_list":{"0":"post-378628","1":"product","2":"type-product","3":"status-publish","4":"has-post-thumbnail","6":"product_cat-ansiktsrens","7":"pa_brand-banila-co","8":"berocket_brand-banila-co","10":"first","11":"instock","12":"sale","13":"taxable","14":"shipping-taxable","15":"purchasable","16":"product-type-simple"},"_links":{"self":[{"href":"https:\/\/stylingagenten.com\/no\/wp-json\/wp\/v2\/product\/378628","targetHints":{"allow":["GET"]}}],"collection":[{"href":"https:\/\/stylingagenten.com\/no\/wp-json\/wp\/v2\/product"}],"about":[{"href":"https:\/\/stylingagenten.com\/no\/wp-json\/wp\/v2\/types\/product"}],"replies":[{"embeddable":true,"href":"https:\/\/stylingagenten.com\/no\/wp-json\/wp\/v2\/comments?post=378628"}],"version-history":[{"count":0,"href":"https:\/\/stylingagenten.com\/no\/wp-json\/wp\/v2\/product\/378628\/revisions"}],"wp:featuredmedia":[{"embeddable":true,"href":"https:\/\/stylingagenten.com\/no\/wp-json\/wp\/v2\/media\/378585"}],"wp:attachment":[{"href":"https:\/\/stylingagenten.com\/no\/wp-json\/wp\/v2\/media?parent=378628"}],"wp:term":[{"taxonomy":"product_brand","embeddable":true,"href":"https:\/\/stylingagenten.com\/no\/wp-json\/wp\/v2\/product_brand?post=378628"},{"taxonomy":"product_cat","embeddable":true,"href":"https:\/\/stylingagenten.com\/no\/wp-json\/wp\/v2\/product_cat?post=378628"},{"taxonomy":"product_tag","embeddable":true,"href":"https:\/\/stylingagenten.com\/no\/wp-json\/wp\/v2\/product_tag?post=378628"},{"taxonomy":"berocket_brand","embeddable":true,"href":"https:\/\/stylingagenten.com\/no\/wp-json\/wp\/v2\/berocket_brand?post=378628"}],"curies":[{"name":"wp","href":"https:\/\/api.w.org\/{rel}","templated":true}]}}