{"id":378627,"date":"2025-05-18T21:03:47","date_gmt":"2025-05-18T21:03:47","guid":{"rendered":"https:\/\/staging2.stylingagenten.com\/no\/produkt\/skin1004-madagascar-centella-poremizing-deep-cleansing-foam-125ml\/"},"modified":"2026-02-05T15:35:31","modified_gmt":"2026-02-05T15:35:31","slug":"skin1004-madagascar-centella-poremizing-deep-cleansing-foam-125ml","status":"publish","type":"product","link":"https:\/\/stylingagenten.com\/no\/produkt\/skin1004-madagascar-centella-poremizing-deep-cleansing-foam-125ml\/","title":{"rendered":"SKIN1004 Madagascar Centella Poremizing Deep Cleansing Foam 125ml"},"content":{"rendered":"<p>SKIN1004 Madagascar Centella Poremizing Deep Cleansing Foam er en alt-i-ett ansiktsrens med rosa Himalayasalt. Den vasker grundig bort solkremrester, d\u00f8de hudceller og overfl\u00f8dig talg. Rosa Himalayasalt og renset kaolin renser porene i dybden. Den klebrige, kremete pastaen forvandles til et rikt skum p\u00e5 huden. Over 80 forskjellige mineraler fra Himalayasaltet skaper osmotisk trykk som effektivt fjerner urenheter fra porene. Inneholder beroligende Centella Asiatica-ekstrakt (cica) fra Madagaskar, SKIN1004s unike signaturingrediens. Papain (et proteinnedbrytende enzym fra papaya) og eddik hjelper med \u00e5 fjerne d\u00f8de hudceller, og etterlater huden glatt og silkeaktig. Kremen er testet for \u00e5 passe alle hudtyper, inkludert sensitiv og lett irritert hud.<\/p>\n<p>125ml<\/p>\n<p><\/p>\n","protected":false},"excerpt":{"rendered":"<p>SKIN1004 Madagascar Centella Poremizing Deep Cleansing Foam er en alt-i-ett ansiktsrens med rosa Himalayasalt. Den vasker grundig bort solkremrester, d\u00f8de hudceller og overfl\u00f8dig talg. Rosa Himalayasalt og renset kaolin renser porene i dybden. Den klebrige, kremete pastaen forvandles til et rikt skum p\u00e5 huden. Over 80 forskjellige mineraler fra Himalayasaltet skaper osmotisk trykk som effektivt [&hellip;]<\/p>\n","protected":false},"featured_media":378598,"comment_status":"open","ping_status":"closed","template":"","meta":{"_trash_the_other_posts":false},"product_brand":[],"product_cat":[609],"product_tag":[],"berocket_brand":[1422],"class_list":{"0":"post-378627","1":"product","2":"type-product","3":"status-publish","4":"has-post-thumbnail","6":"product_cat-ansiktsrens","7":"pa_brand-skin1004","8":"berocket_brand-skin1004","10":"first","11":"instock","12":"sale","13":"taxable","14":"shipping-taxable","15":"purchasable","16":"product-type-simple"},"_links":{"self":[{"href":"https:\/\/stylingagenten.com\/no\/wp-json\/wp\/v2\/product\/378627","targetHints":{"allow":["GET"]}}],"collection":[{"href":"https:\/\/stylingagenten.com\/no\/wp-json\/wp\/v2\/product"}],"about":[{"href":"https:\/\/stylingagenten.com\/no\/wp-json\/wp\/v2\/types\/product"}],"replies":[{"embeddable":true,"href":"https:\/\/stylingagenten.com\/no\/wp-json\/wp\/v2\/comments?post=378627"}],"version-history":[{"count":0,"href":"https:\/\/stylingagenten.com\/no\/wp-json\/wp\/v2\/product\/378627\/revisions"}],"wp:featuredmedia":[{"embeddable":true,"href":"https:\/\/stylingagenten.com\/no\/wp-json\/wp\/v2\/media\/378598"}],"wp:attachment":[{"href":"https:\/\/stylingagenten.com\/no\/wp-json\/wp\/v2\/media?parent=378627"}],"wp:term":[{"taxonomy":"product_brand","embeddable":true,"href":"https:\/\/stylingagenten.com\/no\/wp-json\/wp\/v2\/product_brand?post=378627"},{"taxonomy":"product_cat","embeddable":true,"href":"https:\/\/stylingagenten.com\/no\/wp-json\/wp\/v2\/product_cat?post=378627"},{"taxonomy":"product_tag","embeddable":true,"href":"https:\/\/stylingagenten.com\/no\/wp-json\/wp\/v2\/product_tag?post=378627"},{"taxonomy":"berocket_brand","embeddable":true,"href":"https:\/\/stylingagenten.com\/no\/wp-json\/wp\/v2\/berocket_brand?post=378627"}],"curies":[{"name":"wp","href":"https:\/\/api.w.org\/{rel}","templated":true}]}}