{"id":378617,"date":"2025-05-18T21:03:46","date_gmt":"2025-05-18T21:03:46","guid":{"rendered":"https:\/\/staging2.stylingagenten.com\/no\/produkt\/neutrogena-clear-defend-2-salicylic-acid-face-wash-200ml\/"},"modified":"2026-04-06T09:21:28","modified_gmt":"2026-04-06T09:21:28","slug":"neutrogena-clear-defend-2-salicylic-acid-face-wash-200ml","status":"publish","type":"product","link":"https:\/\/stylingagenten.com\/no\/produkt\/neutrogena-clear-defend-2-salicylic-acid-face-wash-200ml\/","title":{"rendered":"Neutrogena Clear &amp; Defend 2% Salicylic Acid Face Wash 200ml"},"content":{"rendered":"<p>Neutrogena Clear &amp; Defend 2% Salicylic Acid Face Wash er en ansiktsrens som hjelper med \u00e5 forebygge kviser og urenheter. Takket v\u00e6re ClearDefend-teknologi reduseres utbrudd fra f\u00f8rste vask og hudens naturlige forsvar bevares. Sk\u00e5nsom og dyptvirkende, inneholder salisylsyre. Egnet for daglig bruk og sensitiv hud. Parfymert.<br \/>\n<br \/>200ml<\/p>\n","protected":false},"excerpt":{"rendered":"<p>Neutrogena Clear &amp; Defend 2% Salicylic Acid Face Wash er en ansiktsrens som hjelper med \u00e5 forebygge kviser og urenheter. Takket v\u00e6re ClearDefend-teknologi reduseres utbrudd fra f\u00f8rste vask og hudens naturlige forsvar bevares. Sk\u00e5nsom og dyptvirkende, inneholder salisylsyre. Egnet for daglig bruk og sensitiv hud. Parfymert. 200ml<\/p>\n","protected":false},"featured_media":378601,"comment_status":"open","ping_status":"closed","template":"","meta":{"_trash_the_other_posts":false},"product_brand":[],"product_cat":[609],"product_tag":[],"berocket_brand":[1262],"class_list":{"0":"post-378617","1":"product","2":"type-product","3":"status-publish","4":"has-post-thumbnail","6":"product_cat-ansiktsrens","7":"pa_brand-neutrogena","8":"berocket_brand-neutrogena","10":"first","11":"instock","12":"sale","13":"taxable","14":"shipping-taxable","15":"purchasable","16":"product-type-simple"},"_links":{"self":[{"href":"https:\/\/stylingagenten.com\/no\/wp-json\/wp\/v2\/product\/378617","targetHints":{"allow":["GET"]}}],"collection":[{"href":"https:\/\/stylingagenten.com\/no\/wp-json\/wp\/v2\/product"}],"about":[{"href":"https:\/\/stylingagenten.com\/no\/wp-json\/wp\/v2\/types\/product"}],"replies":[{"embeddable":true,"href":"https:\/\/stylingagenten.com\/no\/wp-json\/wp\/v2\/comments?post=378617"}],"version-history":[{"count":0,"href":"https:\/\/stylingagenten.com\/no\/wp-json\/wp\/v2\/product\/378617\/revisions"}],"wp:featuredmedia":[{"embeddable":true,"href":"https:\/\/stylingagenten.com\/no\/wp-json\/wp\/v2\/media\/378601"}],"wp:attachment":[{"href":"https:\/\/stylingagenten.com\/no\/wp-json\/wp\/v2\/media?parent=378617"}],"wp:term":[{"taxonomy":"product_brand","embeddable":true,"href":"https:\/\/stylingagenten.com\/no\/wp-json\/wp\/v2\/product_brand?post=378617"},{"taxonomy":"product_cat","embeddable":true,"href":"https:\/\/stylingagenten.com\/no\/wp-json\/wp\/v2\/product_cat?post=378617"},{"taxonomy":"product_tag","embeddable":true,"href":"https:\/\/stylingagenten.com\/no\/wp-json\/wp\/v2\/product_tag?post=378617"},{"taxonomy":"berocket_brand","embeddable":true,"href":"https:\/\/stylingagenten.com\/no\/wp-json\/wp\/v2\/berocket_brand?post=378617"}],"curies":[{"name":"wp","href":"https:\/\/api.w.org\/{rel}","templated":true}]}}