{"id":378529,"date":"2025-05-18T21:03:34","date_gmt":"2025-05-18T21:03:34","guid":{"rendered":"https:\/\/staging2.stylingagenten.com\/no\/produkt\/peter-thomas-roth-firmx-peeling-gel-100ml\/"},"modified":"2025-12-18T21:57:01","modified_gmt":"2025-12-18T21:57:01","slug":"peter-thomas-roth-firmx-peeling-gel-100ml","status":"publish","type":"product","link":"https:\/\/stylingagenten.com\/no\/produkt\/peter-thomas-roth-firmx-peeling-gel-100ml\/","title":{"rendered":"Peter Thomas Roth FirmX Peeling Gel 100ml"},"content":{"rendered":"<p>Peter Thomas Roth FIRMx Peeling Gel ruller, l\u00f8fter og feier bort urenheter n\u00e5r den masseres inn i; huden.<\/p>\n<p>Fordeler<\/p>\n<p>&#8211; Multi-action ananas, granateple og keratinase enzymer og cellulose eksfolierer effektivt for \u00e5 gi en jevnere, friskere og lysere hud<\/p>\n<p>&#8211; Hjelper med \u00e5 fjerne urenheter og rense porene for et mer ungdommelig, str\u00e5lende og l\u00f8ftet utseende<\/p>\n","protected":false},"excerpt":{"rendered":"<p>Peter Thomas Roth FIRMx Peeling Gel ruller, l\u00f8fter og feier bort urenheter n\u00e5r den masseres inn i; huden. Fordeler &#8211; Multi-action ananas, granateple og keratinase enzymer og cellulose eksfolierer effektivt for \u00e5 gi en jevnere, friskere og lysere hud &#8211; Hjelper med \u00e5 fjerne urenheter og rense porene for et mer ungdommelig, str\u00e5lende og l\u00f8ftet [&hellip;]<\/p>\n","protected":false},"featured_media":378515,"comment_status":"open","ping_status":"closed","template":"","meta":{"_trash_the_other_posts":false},"product_brand":[],"product_cat":[619,1005,717],"product_tag":[],"berocket_brand":[1246],"class_list":{"0":"post-378529","1":"product","2":"type-product","3":"status-publish","4":"has-post-thumbnail","6":"product_cat-ansikts-peeling","7":"product_cat-outlet","8":"product_cat-virale-produkter","9":"pa_brand-peter-thomas-roth","10":"berocket_brand-peter-thomas-roth","12":"first","13":"instock","14":"sale","15":"taxable","16":"shipping-taxable","17":"purchasable","18":"product-type-simple"},"_links":{"self":[{"href":"https:\/\/stylingagenten.com\/no\/wp-json\/wp\/v2\/product\/378529","targetHints":{"allow":["GET"]}}],"collection":[{"href":"https:\/\/stylingagenten.com\/no\/wp-json\/wp\/v2\/product"}],"about":[{"href":"https:\/\/stylingagenten.com\/no\/wp-json\/wp\/v2\/types\/product"}],"replies":[{"embeddable":true,"href":"https:\/\/stylingagenten.com\/no\/wp-json\/wp\/v2\/comments?post=378529"}],"version-history":[{"count":0,"href":"https:\/\/stylingagenten.com\/no\/wp-json\/wp\/v2\/product\/378529\/revisions"}],"wp:featuredmedia":[{"embeddable":true,"href":"https:\/\/stylingagenten.com\/no\/wp-json\/wp\/v2\/media\/378515"}],"wp:attachment":[{"href":"https:\/\/stylingagenten.com\/no\/wp-json\/wp\/v2\/media?parent=378529"}],"wp:term":[{"taxonomy":"product_brand","embeddable":true,"href":"https:\/\/stylingagenten.com\/no\/wp-json\/wp\/v2\/product_brand?post=378529"},{"taxonomy":"product_cat","embeddable":true,"href":"https:\/\/stylingagenten.com\/no\/wp-json\/wp\/v2\/product_cat?post=378529"},{"taxonomy":"product_tag","embeddable":true,"href":"https:\/\/stylingagenten.com\/no\/wp-json\/wp\/v2\/product_tag?post=378529"},{"taxonomy":"berocket_brand","embeddable":true,"href":"https:\/\/stylingagenten.com\/no\/wp-json\/wp\/v2\/berocket_brand?post=378529"}],"curies":[{"name":"wp","href":"https:\/\/api.w.org\/{rel}","templated":true}]}}