{"id":378401,"date":"2025-05-18T21:03:16","date_gmt":"2025-05-18T21:03:16","guid":{"rendered":"https:\/\/staging2.stylingagenten.com\/no\/produkt\/dermalogica-age-smart-daily-superfoliant-57g\/"},"modified":"2026-04-08T15:30:18","modified_gmt":"2026-04-08T15:30:18","slug":"dermalogica-age-smart-daily-superfoliant-57g","status":"publish","type":"product","link":"https:\/\/stylingagenten.com\/no\/produkt\/dermalogica-age-smart-daily-superfoliant-57g\/","title":{"rendered":"Dermalogica AGE Smart Daily Superfoliant 57g"},"content":{"rendered":"<p>Dermalogica AGE Smart Daily Superfoliant\u2122 er en h\u00f8yt aktiv pulvereksfoliant som gj\u00f8r huden ultrajevn og bekjemper milj\u00f8faktorer som akselererer hudaldring. Ved utviklingen av Daily Superfoliant har Dermalogica tatt hensyn til bivirkningene som luftforurensende partikler kan ha p\u00e5 huden. Derfor er det ikke bare inkludert ingredienser som fjerner partiklene, men ogs\u00e5 ingredienser som bidrar til \u00e5 styrke hudcellene og gir en jevn og glatt hud.<\/p>\n<p>Aktivert kull: Jevner ut hudens overflatestruktur og fjerner forurensninger og overskuddsolje.<br \/>\n<br \/>Niacinamid (Vitamin B3): Regulerer talgproduksjonen og gir antioksidantfordeler.<br \/>\n<br \/>En trio av kraftfulle enzymer: Papain eksfolierer, jevner ut hudtonen og gir gl\u00f8d. Lipase bryter raskt og effektivt ned dypere kapslinger av talg, oljebaserte forurensninger og smuss uten \u00e5 p\u00e5virke hudens naturlige barrierelipider. Subtilisin stimulerer cellefornyelsen.<br \/>\n<br \/>57 g<\/p>\n","protected":false},"excerpt":{"rendered":"<p>Dermalogica AGE Smart Daily Superfoliant\u2122 er en h\u00f8yt aktiv pulvereksfoliant som gj\u00f8r huden ultrajevn og bekjemper milj\u00f8faktorer som akselererer hudaldring. Ved utviklingen av Daily Superfoliant har Dermalogica tatt hensyn til bivirkningene som luftforurensende partikler kan ha p\u00e5 huden. Derfor er det ikke bare inkludert ingredienser som fjerner partiklene, men ogs\u00e5 ingredienser som bidrar til \u00e5 [&hellip;]<\/p>\n","protected":false},"featured_media":378381,"comment_status":"open","ping_status":"closed","template":"","meta":{"_trash_the_other_posts":false},"product_brand":[],"product_cat":[619],"product_tag":[],"berocket_brand":[1420],"class_list":{"0":"post-378401","1":"product","2":"type-product","3":"status-publish","4":"has-post-thumbnail","6":"product_cat-ansikts-peeling","7":"pa_brand-dermalogica","8":"berocket_brand-dermalogica","10":"first","11":"instock","12":"sale","13":"taxable","14":"shipping-taxable","15":"purchasable","16":"product-type-simple"},"_links":{"self":[{"href":"https:\/\/stylingagenten.com\/no\/wp-json\/wp\/v2\/product\/378401","targetHints":{"allow":["GET"]}}],"collection":[{"href":"https:\/\/stylingagenten.com\/no\/wp-json\/wp\/v2\/product"}],"about":[{"href":"https:\/\/stylingagenten.com\/no\/wp-json\/wp\/v2\/types\/product"}],"replies":[{"embeddable":true,"href":"https:\/\/stylingagenten.com\/no\/wp-json\/wp\/v2\/comments?post=378401"}],"version-history":[{"count":0,"href":"https:\/\/stylingagenten.com\/no\/wp-json\/wp\/v2\/product\/378401\/revisions"}],"wp:featuredmedia":[{"embeddable":true,"href":"https:\/\/stylingagenten.com\/no\/wp-json\/wp\/v2\/media\/378381"}],"wp:attachment":[{"href":"https:\/\/stylingagenten.com\/no\/wp-json\/wp\/v2\/media?parent=378401"}],"wp:term":[{"taxonomy":"product_brand","embeddable":true,"href":"https:\/\/stylingagenten.com\/no\/wp-json\/wp\/v2\/product_brand?post=378401"},{"taxonomy":"product_cat","embeddable":true,"href":"https:\/\/stylingagenten.com\/no\/wp-json\/wp\/v2\/product_cat?post=378401"},{"taxonomy":"product_tag","embeddable":true,"href":"https:\/\/stylingagenten.com\/no\/wp-json\/wp\/v2\/product_tag?post=378401"},{"taxonomy":"berocket_brand","embeddable":true,"href":"https:\/\/stylingagenten.com\/no\/wp-json\/wp\/v2\/berocket_brand?post=378401"}],"curies":[{"name":"wp","href":"https:\/\/api.w.org\/{rel}","templated":true}]}}