{"id":378079,"date":"2025-05-18T21:02:24","date_gmt":"2025-05-18T21:02:24","guid":{"rendered":"https:\/\/staging2.stylingagenten.com\/no\/produkt\/im-from-honey-mask-120g\/"},"modified":"2025-12-18T21:44:01","modified_gmt":"2025-12-18T21:44:01","slug":"im-from-honey-mask-120g","status":"publish","type":"product","link":"https:\/\/stylingagenten.com\/no\/produkt\/im-from-honey-mask-120g\/","title":{"rendered":"I&#8217;m From Honey Mask 120g"},"content":{"rendered":"<p>Denne masken inneholder 46,44 gram naturlig honning som gir dyp fuktighet og n\u00e6ring. Ekte honning har en antibakteriell effekt og hjelper huden til \u00e5 holde seg smidig samtidig som den gir elastisitet, beroliger og forebygger akne. Masken har ogs\u00e5 en mild eksfolierende effekt som gir en klar hudfarge og virker effektivt mot &#8216;whiteheads&#8217;. Grapefruktekstrakt myker huden, mens sheasm\u00f8r og bivoks etterlater huden myk, hydrert og motvirker irritasjon.<br \/>Inneholder ogs\u00e5 fuktighetsgivende macademia n\u00f8tteolje samt propolis og biegift, som b\u00e5de virker plumpende og bygger opp hudbarrieren .<\/p>\n","protected":false},"excerpt":{"rendered":"<p>Denne masken inneholder 46,44 gram naturlig honning som gir dyp fuktighet og n\u00e6ring. Ekte honning har en antibakteriell effekt og hjelper huden til \u00e5 holde seg smidig samtidig som den gir elastisitet, beroliger og forebygger akne. Masken har ogs\u00e5 en mild eksfolierende effekt som gir en klar hudfarge og virker effektivt mot &#8216;whiteheads&#8217;. Grapefruktekstrakt myker [&hellip;]<\/p>\n","protected":false},"featured_media":378070,"comment_status":"open","ping_status":"closed","template":"","meta":{"_trash_the_other_posts":false},"product_brand":[],"product_cat":[594,1001],"product_tag":[],"berocket_brand":[1407],"class_list":{"0":"post-378079","1":"product","2":"type-product","3":"status-publish","4":"has-post-thumbnail","6":"product_cat-ansiktsmaske","7":"product_cat-k-beauty","8":"pa_brand-im-from","9":"berocket_brand-im-from","11":"first","12":"instock","13":"sale","14":"taxable","15":"shipping-taxable","16":"purchasable","17":"product-type-simple"},"_links":{"self":[{"href":"https:\/\/stylingagenten.com\/no\/wp-json\/wp\/v2\/product\/378079","targetHints":{"allow":["GET"]}}],"collection":[{"href":"https:\/\/stylingagenten.com\/no\/wp-json\/wp\/v2\/product"}],"about":[{"href":"https:\/\/stylingagenten.com\/no\/wp-json\/wp\/v2\/types\/product"}],"replies":[{"embeddable":true,"href":"https:\/\/stylingagenten.com\/no\/wp-json\/wp\/v2\/comments?post=378079"}],"version-history":[{"count":0,"href":"https:\/\/stylingagenten.com\/no\/wp-json\/wp\/v2\/product\/378079\/revisions"}],"wp:featuredmedia":[{"embeddable":true,"href":"https:\/\/stylingagenten.com\/no\/wp-json\/wp\/v2\/media\/378070"}],"wp:attachment":[{"href":"https:\/\/stylingagenten.com\/no\/wp-json\/wp\/v2\/media?parent=378079"}],"wp:term":[{"taxonomy":"product_brand","embeddable":true,"href":"https:\/\/stylingagenten.com\/no\/wp-json\/wp\/v2\/product_brand?post=378079"},{"taxonomy":"product_cat","embeddable":true,"href":"https:\/\/stylingagenten.com\/no\/wp-json\/wp\/v2\/product_cat?post=378079"},{"taxonomy":"product_tag","embeddable":true,"href":"https:\/\/stylingagenten.com\/no\/wp-json\/wp\/v2\/product_tag?post=378079"},{"taxonomy":"berocket_brand","embeddable":true,"href":"https:\/\/stylingagenten.com\/no\/wp-json\/wp\/v2\/berocket_brand?post=378079"}],"curies":[{"name":"wp","href":"https:\/\/api.w.org\/{rel}","templated":true}]}}