{"id":377863,"date":"2025-05-18T21:01:36","date_gmt":"2025-05-18T21:01:36","guid":{"rendered":"https:\/\/staging2.stylingagenten.com\/no\/produkt\/shiseido-benefiance-wrinkle-smoothing-day-emulsion-75ml\/"},"modified":"2026-04-10T14:14:37","modified_gmt":"2026-04-10T14:14:37","slug":"shiseido-benefiance-wrinkle-smoothing-day-emulsion-75ml","status":"publish","type":"product","link":"https:\/\/stylingagenten.com\/no\/produkt\/shiseido-benefiance-wrinkle-smoothing-day-emulsion-75ml\/","title":{"rendered":"Shiseido Benefiance Wrinkle Smoothing Day Emulsion 75ml"},"content":{"rendered":"<p>Shiseido Benefiance Wrinkle Smoothing Day Emulsion er en frisk, silkeaktig krem \u200b\u200bsom reduserer synlige linjer og rynker og tilf\u00f8rer fuktighet samtidig som den beskytter huden mot t\u00f8rrhet og UV-str\u00e5ler. ReNeura Technology + &trade; gj\u00f8r huden mer mottakelig for antialdringsfordelene ved hudpleie. For jevn, elastisk hud med en ungdommelig utstr\u00e5ling.<\/p>\n","protected":false},"excerpt":{"rendered":"<p>Shiseido Benefiance Wrinkle Smoothing Day Emulsion er en frisk, silkeaktig krem \u200b\u200bsom reduserer synlige linjer og rynker og tilf\u00f8rer fuktighet samtidig som den beskytter huden mot t\u00f8rrhet og UV-str\u00e5ler. ReNeura Technology + &trade; gj\u00f8r huden mer mottakelig for antialdringsfordelene ved hudpleie. For jevn, elastisk hud med en ungdommelig utstr\u00e5ling.<\/p>\n","protected":false},"featured_media":469586,"comment_status":"open","ping_status":"closed","template":"","meta":{"_trash_the_other_posts":false},"product_brand":[],"product_cat":[559,584,1003],"product_tag":[],"berocket_brand":[1193],"class_list":{"0":"post-377863","1":"product","2":"type-product","3":"status-publish","4":"has-post-thumbnail","6":"product_cat-ansiktskrem","7":"product_cat-anti-age","8":"product_cat-bestselgere","9":"pa_brand-shiseido","10":"berocket_brand-shiseido","12":"first","13":"instock","14":"sale","15":"taxable","16":"shipping-taxable","17":"purchasable","18":"product-type-simple"},"_links":{"self":[{"href":"https:\/\/stylingagenten.com\/no\/wp-json\/wp\/v2\/product\/377863","targetHints":{"allow":["GET"]}}],"collection":[{"href":"https:\/\/stylingagenten.com\/no\/wp-json\/wp\/v2\/product"}],"about":[{"href":"https:\/\/stylingagenten.com\/no\/wp-json\/wp\/v2\/types\/product"}],"replies":[{"embeddable":true,"href":"https:\/\/stylingagenten.com\/no\/wp-json\/wp\/v2\/comments?post=377863"}],"version-history":[{"count":0,"href":"https:\/\/stylingagenten.com\/no\/wp-json\/wp\/v2\/product\/377863\/revisions"}],"wp:featuredmedia":[{"embeddable":true,"href":"https:\/\/stylingagenten.com\/no\/wp-json\/wp\/v2\/media\/469586"}],"wp:attachment":[{"href":"https:\/\/stylingagenten.com\/no\/wp-json\/wp\/v2\/media?parent=377863"}],"wp:term":[{"taxonomy":"product_brand","embeddable":true,"href":"https:\/\/stylingagenten.com\/no\/wp-json\/wp\/v2\/product_brand?post=377863"},{"taxonomy":"product_cat","embeddable":true,"href":"https:\/\/stylingagenten.com\/no\/wp-json\/wp\/v2\/product_cat?post=377863"},{"taxonomy":"product_tag","embeddable":true,"href":"https:\/\/stylingagenten.com\/no\/wp-json\/wp\/v2\/product_tag?post=377863"},{"taxonomy":"berocket_brand","embeddable":true,"href":"https:\/\/stylingagenten.com\/no\/wp-json\/wp\/v2\/berocket_brand?post=377863"}],"curies":[{"name":"wp","href":"https:\/\/api.w.org\/{rel}","templated":true}]}}