{"id":377845,"date":"2025-05-18T21:01:32","date_gmt":"2025-05-18T21:01:32","guid":{"rendered":"https:\/\/staging2.stylingagenten.com\/no\/produkt\/filorga-universal-cream-100ml\/"},"modified":"2026-03-24T20:07:50","modified_gmt":"2026-03-24T20:07:50","slug":"filorga-universal-cream-100ml","status":"publish","type":"product","link":"https:\/\/stylingagenten.com\/no\/produkt\/filorga-universal-cream-100ml\/","title":{"rendered":"Filorga Universal Cream 100ml"},"content":{"rendered":"<p>Filorga Universal Cream er en daglig multifunksjonskrem som kan brukes i alle situasjoner.<br \/>En eksklusiv multifunksjonell formel som tilf\u00f8rer fuktighet, mykgj\u00f8r, beskytter og reparerer i ett trinn.<\/p>\n<p>P\u00e5f\u00f8res morgen og\/eller kveld til ansikt og\/eller kropp. Perfekt etter soleksponering, barbering eller skade for\u00e5rsaket av ytre stressfaktorer.<\/p>\n","protected":false},"excerpt":{"rendered":"<p>Filorga Universal Cream er en daglig multifunksjonskrem som kan brukes i alle situasjoner.En eksklusiv multifunksjonell formel som tilf\u00f8rer fuktighet, mykgj\u00f8r, beskytter og reparerer i ett trinn. P\u00e5f\u00f8res morgen og\/eller kveld til ansikt og\/eller kropp. Perfekt etter soleksponering, barbering eller skade for\u00e5rsaket av ytre stressfaktorer.<\/p>\n","protected":false},"featured_media":377835,"comment_status":"open","ping_status":"closed","template":"","meta":{"_trash_the_other_posts":false},"product_brand":[],"product_cat":[559],"product_tag":[],"berocket_brand":[1317],"class_list":{"0":"post-377845","1":"product","2":"type-product","3":"status-publish","4":"has-post-thumbnail","6":"product_cat-ansiktskrem","7":"pa_brand-filorga","8":"berocket_brand-filorga","10":"first","11":"outofstock","12":"sale","13":"taxable","14":"shipping-taxable","15":"purchasable","16":"product-type-simple"},"_links":{"self":[{"href":"https:\/\/stylingagenten.com\/no\/wp-json\/wp\/v2\/product\/377845","targetHints":{"allow":["GET"]}}],"collection":[{"href":"https:\/\/stylingagenten.com\/no\/wp-json\/wp\/v2\/product"}],"about":[{"href":"https:\/\/stylingagenten.com\/no\/wp-json\/wp\/v2\/types\/product"}],"replies":[{"embeddable":true,"href":"https:\/\/stylingagenten.com\/no\/wp-json\/wp\/v2\/comments?post=377845"}],"version-history":[{"count":0,"href":"https:\/\/stylingagenten.com\/no\/wp-json\/wp\/v2\/product\/377845\/revisions"}],"wp:featuredmedia":[{"embeddable":true,"href":"https:\/\/stylingagenten.com\/no\/wp-json\/wp\/v2\/media\/377835"}],"wp:attachment":[{"href":"https:\/\/stylingagenten.com\/no\/wp-json\/wp\/v2\/media?parent=377845"}],"wp:term":[{"taxonomy":"product_brand","embeddable":true,"href":"https:\/\/stylingagenten.com\/no\/wp-json\/wp\/v2\/product_brand?post=377845"},{"taxonomy":"product_cat","embeddable":true,"href":"https:\/\/stylingagenten.com\/no\/wp-json\/wp\/v2\/product_cat?post=377845"},{"taxonomy":"product_tag","embeddable":true,"href":"https:\/\/stylingagenten.com\/no\/wp-json\/wp\/v2\/product_tag?post=377845"},{"taxonomy":"berocket_brand","embeddable":true,"href":"https:\/\/stylingagenten.com\/no\/wp-json\/wp\/v2\/berocket_brand?post=377845"}],"curies":[{"name":"wp","href":"https:\/\/api.w.org\/{rel}","templated":true}]}}