{"id":377831,"date":"2025-05-18T21:01:29","date_gmt":"2025-05-18T21:01:29","guid":{"rendered":"https:\/\/staging2.stylingagenten.com\/no\/produkt\/shiseido-treatment-softener-150ml\/"},"modified":"2026-01-05T13:25:00","modified_gmt":"2026-01-05T13:25:00","slug":"shiseido-treatment-softener-150ml","status":"publish","type":"product","link":"https:\/\/stylingagenten.com\/no\/produkt\/shiseido-treatment-softener-150ml\/","title":{"rendered":"Shiseido Treatment Softener 150ml"},"content":{"rendered":"<p>En lett, glatt lotion beriket med effektive ingredienser for \u00e5 fjerne talg og forfine huden. Huden f\u00f8les frisk, glatt og str\u00e5lende, noe som gj\u00f8r den mottakelig for ytterligere hudpleie.<\/p>\n<p>&nbsp;<\/p>\n<p>Eksklusiv InternalPowerResist-teknologi styrker og beskytter huden mens japanske signaturingredienser gir oljefjernende fordeler . Dette mykgj\u00f8ringsmiddelet er ideelt for fet \/ normal \/ normal kombinasjonshud. Oljefjerner for jevn, raffinert hud<\/p>\n<p>&nbsp;<\/p>\n<p>Fet \/ Normal \/ Normal kombinasjonshud. DERMATOLOGISK TESTET.<\/p>\n","protected":false},"excerpt":{"rendered":"<p>En lett, glatt lotion beriket med effektive ingredienser for \u00e5 fjerne talg og forfine huden. Huden f\u00f8les frisk, glatt og str\u00e5lende, noe som gj\u00f8r den mottakelig for ytterligere hudpleie. &nbsp; Eksklusiv InternalPowerResist-teknologi styrker og beskytter huden mens japanske signaturingredienser gir oljefjernende fordeler . Dette mykgj\u00f8ringsmiddelet er ideelt for fet \/ normal \/ normal kombinasjonshud. Oljefjerner [&hellip;]<\/p>\n","protected":false},"featured_media":377829,"comment_status":"open","ping_status":"closed","template":"","meta":{"_trash_the_other_posts":false},"product_brand":[],"product_cat":[559],"product_tag":[],"berocket_brand":[1193],"class_list":{"0":"post-377831","1":"product","2":"type-product","3":"status-publish","4":"has-post-thumbnail","6":"product_cat-ansiktskrem","7":"pa_brand-shiseido","8":"berocket_brand-shiseido","10":"first","11":"instock","12":"sale","13":"taxable","14":"shipping-taxable","15":"purchasable","16":"product-type-simple"},"_links":{"self":[{"href":"https:\/\/stylingagenten.com\/no\/wp-json\/wp\/v2\/product\/377831","targetHints":{"allow":["GET"]}}],"collection":[{"href":"https:\/\/stylingagenten.com\/no\/wp-json\/wp\/v2\/product"}],"about":[{"href":"https:\/\/stylingagenten.com\/no\/wp-json\/wp\/v2\/types\/product"}],"replies":[{"embeddable":true,"href":"https:\/\/stylingagenten.com\/no\/wp-json\/wp\/v2\/comments?post=377831"}],"version-history":[{"count":0,"href":"https:\/\/stylingagenten.com\/no\/wp-json\/wp\/v2\/product\/377831\/revisions"}],"wp:featuredmedia":[{"embeddable":true,"href":"https:\/\/stylingagenten.com\/no\/wp-json\/wp\/v2\/media\/377829"}],"wp:attachment":[{"href":"https:\/\/stylingagenten.com\/no\/wp-json\/wp\/v2\/media?parent=377831"}],"wp:term":[{"taxonomy":"product_brand","embeddable":true,"href":"https:\/\/stylingagenten.com\/no\/wp-json\/wp\/v2\/product_brand?post=377831"},{"taxonomy":"product_cat","embeddable":true,"href":"https:\/\/stylingagenten.com\/no\/wp-json\/wp\/v2\/product_cat?post=377831"},{"taxonomy":"product_tag","embeddable":true,"href":"https:\/\/stylingagenten.com\/no\/wp-json\/wp\/v2\/product_tag?post=377831"},{"taxonomy":"berocket_brand","embeddable":true,"href":"https:\/\/stylingagenten.com\/no\/wp-json\/wp\/v2\/berocket_brand?post=377831"}],"curies":[{"name":"wp","href":"https:\/\/api.w.org\/{rel}","templated":true}]}}