{"id":377490,"date":"2025-05-18T21:00:15","date_gmt":"2025-05-18T21:00:15","guid":{"rendered":"https:\/\/staging2.stylingagenten.com\/no\/produkt\/elizabeth-arden-white-tea-skin-purifying-cleanser-125-ml\/"},"modified":"2025-11-19T09:24:28","modified_gmt":"2025-11-19T09:24:28","slug":"elizabeth-arden-white-tea-skin-purifying-cleanser-125-ml","status":"publish","type":"product","link":"https:\/\/stylingagenten.com\/no\/produkt\/elizabeth-arden-white-tea-skin-purifying-cleanser-125-ml\/","title":{"rendered":"Elizabeth Arden White Tea Skin Purifying Cleanser 125 ml"},"content":{"rendered":"<p>Elizabeth Arden White Tea Skin Purifying Cleanser 125 ml<br \/>White Tea Skin Solutions er en vegansk hudpleieserie fra Elizabeth Arden laget med naturens potente antioksidant EGCG som finnes i hvit te, for \u00e5 gi huden ungdommelig vitalitet og for \u00e5 styrke hudens forsvar. Hver formel er n\u00f8ye designet med EGCG, bioteknologi for \u00e5 styrke det naturlige kollagenet i huden p\u00e5 bare 6 timer. Opplev sensoriske teksturer og rene formler med b\u00e6rekraftig produserte ingredienser og emballasje. Sk\u00e5nsom hudpleie som passer alle &#8211; ogs\u00e5 de med sensitiv hud.<br \/>&#8211;<br \/>White Tea Skin Solutions Gentle Purifying Cleanser er beriket med antioksidantrikt EGCG* for \u00e5 effektivt l\u00f8se opp sminke, urenheter og overfl\u00f8dig talg. Denne forfriskende rensegelen er ogs\u00e5 beriket med rensende Myrtle, som etterlater huden din myk og frisk uten \u00e5 fjerne n\u00f8dvendig fuktighet. Huden f\u00f8les umiddelbart mer rolig og balansert, og synlig mer str\u00e5lende og sunn** Rensemidlet passer for alle hudtyper, ogs\u00e5 sensitiv hud. Vegansk formel.<br \/>&#8211;<br \/>* Epigallocatechin gallate glucoside, et aktivt molekyl i hvit te.<br \/>** Basert p\u00e5 en instrumentell evaluering av 34 kvinner i alderen 25-60 \u00e5r etter den f\u00f8rste p\u00e5f\u00f8ringen, inkludert de med sensitiv hud .<\/p>\n","protected":false},"excerpt":{"rendered":"<p>Elizabeth Arden White Tea Skin Purifying Cleanser 125 mlWhite Tea Skin Solutions er en vegansk hudpleieserie fra Elizabeth Arden laget med naturens potente antioksidant EGCG som finnes i hvit te, for \u00e5 gi huden ungdommelig vitalitet og for \u00e5 styrke hudens forsvar. Hver formel er n\u00f8ye designet med EGCG, bioteknologi for \u00e5 styrke det naturlige [&hellip;]<\/p>\n","protected":false},"featured_media":377475,"comment_status":"open","ping_status":"closed","template":"","meta":{"_trash_the_other_posts":false},"product_brand":[],"product_cat":[609],"product_tag":[],"berocket_brand":[1303],"class_list":{"0":"post-377490","1":"product","2":"type-product","3":"status-publish","4":"has-post-thumbnail","6":"product_cat-ansiktsrens","7":"pa_brand-elizabeth-arden","8":"berocket_brand-elizabeth-arden","10":"first","11":"instock","12":"sale","13":"taxable","14":"shipping-taxable","15":"purchasable","16":"product-type-simple"},"_links":{"self":[{"href":"https:\/\/stylingagenten.com\/no\/wp-json\/wp\/v2\/product\/377490","targetHints":{"allow":["GET"]}}],"collection":[{"href":"https:\/\/stylingagenten.com\/no\/wp-json\/wp\/v2\/product"}],"about":[{"href":"https:\/\/stylingagenten.com\/no\/wp-json\/wp\/v2\/types\/product"}],"replies":[{"embeddable":true,"href":"https:\/\/stylingagenten.com\/no\/wp-json\/wp\/v2\/comments?post=377490"}],"version-history":[{"count":0,"href":"https:\/\/stylingagenten.com\/no\/wp-json\/wp\/v2\/product\/377490\/revisions"}],"wp:featuredmedia":[{"embeddable":true,"href":"https:\/\/stylingagenten.com\/no\/wp-json\/wp\/v2\/media\/377475"}],"wp:attachment":[{"href":"https:\/\/stylingagenten.com\/no\/wp-json\/wp\/v2\/media?parent=377490"}],"wp:term":[{"taxonomy":"product_brand","embeddable":true,"href":"https:\/\/stylingagenten.com\/no\/wp-json\/wp\/v2\/product_brand?post=377490"},{"taxonomy":"product_cat","embeddable":true,"href":"https:\/\/stylingagenten.com\/no\/wp-json\/wp\/v2\/product_cat?post=377490"},{"taxonomy":"product_tag","embeddable":true,"href":"https:\/\/stylingagenten.com\/no\/wp-json\/wp\/v2\/product_tag?post=377490"},{"taxonomy":"berocket_brand","embeddable":true,"href":"https:\/\/stylingagenten.com\/no\/wp-json\/wp\/v2\/berocket_brand?post=377490"}],"curies":[{"name":"wp","href":"https:\/\/api.w.org\/{rel}","templated":true}]}}