{"id":377466,"date":"2025-05-18T21:00:12","date_gmt":"2025-05-18T21:00:12","guid":{"rendered":"https:\/\/staging2.stylingagenten.com\/no\/produkt\/cosrx-the-retinol-0-1-cream-20ml\/"},"modified":"2025-11-19T09:28:12","modified_gmt":"2025-11-19T09:28:12","slug":"cosrx-the-retinol-0-1-cream-20ml","status":"publish","type":"product","link":"https:\/\/stylingagenten.com\/no\/produkt\/cosrx-the-retinol-0-1-cream-20ml\/","title":{"rendered":"COSRX The Retinol 0.1 Cream 20ml"},"content":{"rendered":"<p>COSRX The Retinol 0.1 Cream 20ml<br \/>Bekjemp aldringstegnene med denne kraftige ansiktskremen som inneholder 0,1 % ren retinol for \u00e5 \u00f8ke hudens elastisitet, redusere rynker og gjenopprette hudens gl\u00f8d. Ansiktskremen inneholder ogs\u00e5 panthenol for \u00e5 redusere irritasjon, adenosin for \u00e5 motvirke slapp hud og tokotrienol (en form for vitamin E) for \u00e5 avverge frie radikaler.<br \/>\u2022Inneholder 0,1 % retinol for \u00e5 gjenopprette hudens elastisitet.<br \/>\u2022Pakket med aktive ingredienser som retinol, panthenol, adenosin og tokotrienol.<br \/>\u2022Hjelper med \u00e5 jevne ut rynker og fine linjer.<\/p>\n","protected":false},"excerpt":{"rendered":"<p>COSRX The Retinol 0.1 Cream 20mlBekjemp aldringstegnene med denne kraftige ansiktskremen som inneholder 0,1 % ren retinol for \u00e5 \u00f8ke hudens elastisitet, redusere rynker og gjenopprette hudens gl\u00f8d. Ansiktskremen inneholder ogs\u00e5 panthenol for \u00e5 redusere irritasjon, adenosin for \u00e5 motvirke slapp hud og tokotrienol (en form for vitamin E) for \u00e5 avverge frie radikaler.\u2022Inneholder 0,1 [&hellip;]<\/p>\n","protected":false},"featured_media":377448,"comment_status":"open","ping_status":"closed","template":"","meta":{"_trash_the_other_posts":false},"product_brand":[],"product_cat":[559,1001],"product_tag":[],"berocket_brand":[1396],"class_list":{"0":"post-377466","1":"product","2":"type-product","3":"status-publish","4":"has-post-thumbnail","6":"product_cat-ansiktskrem","7":"product_cat-k-beauty","8":"pa_brand-cosrx","9":"berocket_brand-cosrx","11":"first","12":"outofstock","13":"sale","14":"taxable","15":"shipping-taxable","16":"purchasable","17":"product-type-simple"},"_links":{"self":[{"href":"https:\/\/stylingagenten.com\/no\/wp-json\/wp\/v2\/product\/377466","targetHints":{"allow":["GET"]}}],"collection":[{"href":"https:\/\/stylingagenten.com\/no\/wp-json\/wp\/v2\/product"}],"about":[{"href":"https:\/\/stylingagenten.com\/no\/wp-json\/wp\/v2\/types\/product"}],"replies":[{"embeddable":true,"href":"https:\/\/stylingagenten.com\/no\/wp-json\/wp\/v2\/comments?post=377466"}],"version-history":[{"count":0,"href":"https:\/\/stylingagenten.com\/no\/wp-json\/wp\/v2\/product\/377466\/revisions"}],"wp:featuredmedia":[{"embeddable":true,"href":"https:\/\/stylingagenten.com\/no\/wp-json\/wp\/v2\/media\/377448"}],"wp:attachment":[{"href":"https:\/\/stylingagenten.com\/no\/wp-json\/wp\/v2\/media?parent=377466"}],"wp:term":[{"taxonomy":"product_brand","embeddable":true,"href":"https:\/\/stylingagenten.com\/no\/wp-json\/wp\/v2\/product_brand?post=377466"},{"taxonomy":"product_cat","embeddable":true,"href":"https:\/\/stylingagenten.com\/no\/wp-json\/wp\/v2\/product_cat?post=377466"},{"taxonomy":"product_tag","embeddable":true,"href":"https:\/\/stylingagenten.com\/no\/wp-json\/wp\/v2\/product_tag?post=377466"},{"taxonomy":"berocket_brand","embeddable":true,"href":"https:\/\/stylingagenten.com\/no\/wp-json\/wp\/v2\/berocket_brand?post=377466"}],"curies":[{"name":"wp","href":"https:\/\/api.w.org\/{rel}","templated":true}]}}