{"id":377407,"date":"2025-05-18T21:00:02","date_gmt":"2025-05-18T21:00:02","guid":{"rendered":"https:\/\/staging2.stylingagenten.com\/no\/produkt\/make-prem-safe-me-relief-watery-cream-80ml\/"},"modified":"2025-12-18T21:52:40","modified_gmt":"2025-12-18T21:52:40","slug":"make-prem-safe-me-relief-watery-cream-80ml","status":"publish","type":"product","link":"https:\/\/stylingagenten.com\/no\/produkt\/make-prem-safe-me-relief-watery-cream-80ml\/","title":{"rendered":"Make P:rem Safe Me. Relief Watery Cream 80ml"},"content":{"rendered":"<p>En fuktighetskrem for daglig bruk, egnet for b\u00e5de fet og t\u00f8rr hud. Trekker raskt inn i huden og gir en deilig, avkj\u00f8lende f\u00f8lelse p\u00e5 huden. Har en lett gel-lignende tekstur som gir rask hydrering.<\/p>\n<p>Inneholder 80 % Opuntia Ficus-Indica (Cactus) stammeekstrakt fra Jeju-\u00f8yene, hyaluronsyre og panthenol som gir umiddelbar hydrering og beroliger irritert hud. Jobber ogs\u00e5 aktivt for \u00e5 styrke hudbarrieren.<\/p>\n<p>Kan ogs\u00e5 brukes p\u00e5 kroppen.<\/p>\n<p>Helt fri for silikoner, parabener, mineralolje og syntetiske dufter<\/p>\n","protected":false},"excerpt":{"rendered":"<p>En fuktighetskrem for daglig bruk, egnet for b\u00e5de fet og t\u00f8rr hud. Trekker raskt inn i huden og gir en deilig, avkj\u00f8lende f\u00f8lelse p\u00e5 huden. Har en lett gel-lignende tekstur som gir rask hydrering. Inneholder 80 % Opuntia Ficus-Indica (Cactus) stammeekstrakt fra Jeju-\u00f8yene, hyaluronsyre og panthenol som gir umiddelbar hydrering og beroliger irritert hud. Jobber [&hellip;]<\/p>\n","protected":false},"featured_media":377389,"comment_status":"open","ping_status":"closed","template":"","meta":{"_trash_the_other_posts":false},"product_brand":[],"product_cat":[559,1001],"product_tag":[],"berocket_brand":[1408],"class_list":{"0":"post-377407","1":"product","2":"type-product","3":"status-publish","4":"has-post-thumbnail","6":"product_cat-ansiktskrem","7":"product_cat-k-beauty","8":"pa_brand-make-prem","9":"berocket_brand-make-prem","11":"first","12":"instock","13":"sale","14":"taxable","15":"shipping-taxable","16":"purchasable","17":"product-type-simple"},"_links":{"self":[{"href":"https:\/\/stylingagenten.com\/no\/wp-json\/wp\/v2\/product\/377407","targetHints":{"allow":["GET"]}}],"collection":[{"href":"https:\/\/stylingagenten.com\/no\/wp-json\/wp\/v2\/product"}],"about":[{"href":"https:\/\/stylingagenten.com\/no\/wp-json\/wp\/v2\/types\/product"}],"replies":[{"embeddable":true,"href":"https:\/\/stylingagenten.com\/no\/wp-json\/wp\/v2\/comments?post=377407"}],"version-history":[{"count":0,"href":"https:\/\/stylingagenten.com\/no\/wp-json\/wp\/v2\/product\/377407\/revisions"}],"wp:featuredmedia":[{"embeddable":true,"href":"https:\/\/stylingagenten.com\/no\/wp-json\/wp\/v2\/media\/377389"}],"wp:attachment":[{"href":"https:\/\/stylingagenten.com\/no\/wp-json\/wp\/v2\/media?parent=377407"}],"wp:term":[{"taxonomy":"product_brand","embeddable":true,"href":"https:\/\/stylingagenten.com\/no\/wp-json\/wp\/v2\/product_brand?post=377407"},{"taxonomy":"product_cat","embeddable":true,"href":"https:\/\/stylingagenten.com\/no\/wp-json\/wp\/v2\/product_cat?post=377407"},{"taxonomy":"product_tag","embeddable":true,"href":"https:\/\/stylingagenten.com\/no\/wp-json\/wp\/v2\/product_tag?post=377407"},{"taxonomy":"berocket_brand","embeddable":true,"href":"https:\/\/stylingagenten.com\/no\/wp-json\/wp\/v2\/berocket_brand?post=377407"}],"curies":[{"name":"wp","href":"https:\/\/api.w.org\/{rel}","templated":true}]}}