{"id":377359,"date":"2025-05-18T20:59:56","date_gmt":"2025-05-18T20:59:56","guid":{"rendered":"https:\/\/staging2.stylingagenten.com\/no\/produkt\/purito-wonder-releaf-centella-cream-unscented-50ml\/"},"modified":"2026-02-12T13:46:36","modified_gmt":"2026-02-12T13:46:36","slug":"purito-wonder-releaf-centella-cream-unscented-50ml","status":"publish","type":"product","link":"https:\/\/stylingagenten.com\/no\/produkt\/purito-wonder-releaf-centella-cream-unscented-50ml\/","title":{"rendered":"Purito Wonder Releaf Centella Cream Unscented 50ml"},"content":{"rendered":"<p>Purito Wonder Releaf Centella Cream Unscented &#8211; din n\u00f8kkel til en hud som str\u00e5ler av helse og vitalitet uten dufter som kan irritere sensitiv hud.<\/p>\n<p>Denne sv\u00e6rt konsentrerte ansiktskremen er beriket med hele 50% Centella Asiatica-ekstrakt, som beroliger og styrker hudbarrieren samtidig som den gir dyp fuktighet og elastisitet til huden. Kremen trenger mykt inn i huden og opprettholder vann- og oljebalansen for en balansert og frisk hud.<\/p>\n<p>Spesielt designet for \u00e5 berolige og fukte irritert hud, er denne kremen en livredder for \u00e5 h\u00e5ndtere r\u00f8dhet og urenheter. Med ingredienser som squalaneolje, hyaluronsyre, vitamin E og ceramider, gjenoppbygger og styrker den hudens naturlige barriere, noe som resulterer i en klarere og mer motstandsdyktig hud.<\/p>\n<p>Laget av organiske EWG-godkjente ingredienser og grundig testet for hudirritasjon, er denne kremen fri for parfymer og essensielle oljer for \u00e5 sikre maksimal st\u00f8tte for huden din uten irritasjon.<\/p>\n<p>50 ml<\/p>\n","protected":false},"excerpt":{"rendered":"<p>Purito Wonder Releaf Centella Cream Unscented &#8211; din n\u00f8kkel til en hud som str\u00e5ler av helse og vitalitet uten dufter som kan irritere sensitiv hud. Denne sv\u00e6rt konsentrerte ansiktskremen er beriket med hele 50% Centella Asiatica-ekstrakt, som beroliger og styrker hudbarrieren samtidig som den gir dyp fuktighet og elastisitet til huden. Kremen trenger mykt inn [&hellip;]<\/p>\n","protected":false},"featured_media":377310,"comment_status":"open","ping_status":"closed","template":"","meta":{"_trash_the_other_posts":false},"product_brand":[],"product_cat":[559,1001],"product_tag":[],"berocket_brand":[1412],"class_list":{"0":"post-377359","1":"product","2":"type-product","3":"status-publish","4":"has-post-thumbnail","6":"product_cat-ansiktskrem","7":"product_cat-k-beauty","8":"pa_brand-purito","9":"berocket_brand-purito","11":"first","12":"instock","13":"sale","14":"taxable","15":"shipping-taxable","16":"purchasable","17":"product-type-simple"},"_links":{"self":[{"href":"https:\/\/stylingagenten.com\/no\/wp-json\/wp\/v2\/product\/377359","targetHints":{"allow":["GET"]}}],"collection":[{"href":"https:\/\/stylingagenten.com\/no\/wp-json\/wp\/v2\/product"}],"about":[{"href":"https:\/\/stylingagenten.com\/no\/wp-json\/wp\/v2\/types\/product"}],"replies":[{"embeddable":true,"href":"https:\/\/stylingagenten.com\/no\/wp-json\/wp\/v2\/comments?post=377359"}],"version-history":[{"count":0,"href":"https:\/\/stylingagenten.com\/no\/wp-json\/wp\/v2\/product\/377359\/revisions"}],"wp:featuredmedia":[{"embeddable":true,"href":"https:\/\/stylingagenten.com\/no\/wp-json\/wp\/v2\/media\/377310"}],"wp:attachment":[{"href":"https:\/\/stylingagenten.com\/no\/wp-json\/wp\/v2\/media?parent=377359"}],"wp:term":[{"taxonomy":"product_brand","embeddable":true,"href":"https:\/\/stylingagenten.com\/no\/wp-json\/wp\/v2\/product_brand?post=377359"},{"taxonomy":"product_cat","embeddable":true,"href":"https:\/\/stylingagenten.com\/no\/wp-json\/wp\/v2\/product_cat?post=377359"},{"taxonomy":"product_tag","embeddable":true,"href":"https:\/\/stylingagenten.com\/no\/wp-json\/wp\/v2\/product_tag?post=377359"},{"taxonomy":"berocket_brand","embeddable":true,"href":"https:\/\/stylingagenten.com\/no\/wp-json\/wp\/v2\/berocket_brand?post=377359"}],"curies":[{"name":"wp","href":"https:\/\/api.w.org\/{rel}","templated":true}]}}