{"id":377300,"date":"2025-05-18T20:59:48","date_gmt":"2025-05-18T20:59:48","guid":{"rendered":"https:\/\/staging2.stylingagenten.com\/no\/produkt\/nuxe-aquabella-beauty-revealing-moisturising-emulsion-50ml\/"},"modified":"2025-12-18T21:55:02","modified_gmt":"2025-12-18T21:55:02","slug":"nuxe-aquabella-beauty-revealing-moisturising-emulsion-50ml","status":"publish","type":"product","link":"https:\/\/stylingagenten.com\/no\/produkt\/nuxe-aquabella-beauty-revealing-moisturising-emulsion-50ml\/","title":{"rendered":"Nuxe Aquabella Beauty Revealing Moisturising Emulsion 50ml"},"content":{"rendered":"<p>Nuxe Aquabella Beauty Revealing Moisturising Emulsion er en lett krem som tilpasser seg ansiktets ulike behov, tilf\u00f8rer fuktighet til t\u00f8rre omr\u00e5der med hvit vannlilje samtidig som den holder oljete omr\u00e5der matte med silikapulver, som ogs\u00e5 eksfolierer.<\/p>\n<p>50ml<\/p>\n","protected":false},"excerpt":{"rendered":"<p>Nuxe Aquabella Beauty Revealing Moisturising Emulsion er en lett krem som tilpasser seg ansiktets ulike behov, tilf\u00f8rer fuktighet til t\u00f8rre omr\u00e5der med hvit vannlilje samtidig som den holder oljete omr\u00e5der matte med silikapulver, som ogs\u00e5 eksfolierer. 50ml<\/p>\n","protected":false},"featured_media":377282,"comment_status":"open","ping_status":"closed","template":"","meta":{"_trash_the_other_posts":false},"product_brand":[],"product_cat":[559],"product_tag":[],"berocket_brand":[1024],"class_list":{"0":"post-377300","1":"product","2":"type-product","3":"status-publish","4":"has-post-thumbnail","6":"product_cat-ansiktskrem","7":"pa_brand-nuxe","8":"berocket_brand-nuxe","10":"first","11":"instock","12":"sale","13":"taxable","14":"shipping-taxable","15":"purchasable","16":"product-type-simple"},"_links":{"self":[{"href":"https:\/\/stylingagenten.com\/no\/wp-json\/wp\/v2\/product\/377300","targetHints":{"allow":["GET"]}}],"collection":[{"href":"https:\/\/stylingagenten.com\/no\/wp-json\/wp\/v2\/product"}],"about":[{"href":"https:\/\/stylingagenten.com\/no\/wp-json\/wp\/v2\/types\/product"}],"replies":[{"embeddable":true,"href":"https:\/\/stylingagenten.com\/no\/wp-json\/wp\/v2\/comments?post=377300"}],"version-history":[{"count":0,"href":"https:\/\/stylingagenten.com\/no\/wp-json\/wp\/v2\/product\/377300\/revisions"}],"wp:featuredmedia":[{"embeddable":true,"href":"https:\/\/stylingagenten.com\/no\/wp-json\/wp\/v2\/media\/377282"}],"wp:attachment":[{"href":"https:\/\/stylingagenten.com\/no\/wp-json\/wp\/v2\/media?parent=377300"}],"wp:term":[{"taxonomy":"product_brand","embeddable":true,"href":"https:\/\/stylingagenten.com\/no\/wp-json\/wp\/v2\/product_brand?post=377300"},{"taxonomy":"product_cat","embeddable":true,"href":"https:\/\/stylingagenten.com\/no\/wp-json\/wp\/v2\/product_cat?post=377300"},{"taxonomy":"product_tag","embeddable":true,"href":"https:\/\/stylingagenten.com\/no\/wp-json\/wp\/v2\/product_tag?post=377300"},{"taxonomy":"berocket_brand","embeddable":true,"href":"https:\/\/stylingagenten.com\/no\/wp-json\/wp\/v2\/berocket_brand?post=377300"}],"curies":[{"name":"wp","href":"https:\/\/api.w.org\/{rel}","templated":true}]}}