{"id":377258,"date":"2025-05-18T20:59:43","date_gmt":"2025-05-18T20:59:43","guid":{"rendered":"https:\/\/staging2.stylingagenten.com\/no\/produkt\/dermalogica-ultracalming-calm-water-gel-50ml\/"},"modified":"2026-04-08T15:30:32","modified_gmt":"2026-04-08T15:30:32","slug":"dermalogica-ultracalming-calm-water-gel-50ml","status":"publish","type":"product","link":"https:\/\/stylingagenten.com\/no\/produkt\/dermalogica-ultracalming-calm-water-gel-50ml\/","title":{"rendered":"Dermalogica UltraCalming Calm Water Gel 50ml"},"content":{"rendered":"<p>Dermalogica UltraCalming Calm Water har avkj\u00f8lende og dempende egenskaper, noe som gj\u00f8r at denne gelbaserte fuktighetskremen f\u00f8les nesten vektl\u00f8s n\u00e5r den smelter inn i huden. Det er et sv\u00e6rt lett, transparent produkt som f\u00f8les som et avkj\u00f8lende glass vann for t\u00f8rst hud. Gir umiddelbar lindring for fuktfattig, sensitiv hud.<\/p>\n<p>Epleekstrakt (Pyrus Malus) og glyserin: fukter og mykgj\u00f8r samtidig som det motvirker utt\u00f8rking. Fikenkaktus (Opuntia Ficus-Indica): stamekstrakt som demper sensitivitet og forbedrer hudens fuktbindende evne. Natriumhyaluronat og hydrolysert natriumhyaluronat: et kompleks med forskjellige st\u00f8rrelser av hyaluronsyremolekyler. Denne unike teknologien optimaliserer fuktigheten i vevet i mange timer.<\/p>\n<p>50 ml<\/p>\n","protected":false},"excerpt":{"rendered":"<p>Dermalogica UltraCalming Calm Water har avkj\u00f8lende og dempende egenskaper, noe som gj\u00f8r at denne gelbaserte fuktighetskremen f\u00f8les nesten vektl\u00f8s n\u00e5r den smelter inn i huden. Det er et sv\u00e6rt lett, transparent produkt som f\u00f8les som et avkj\u00f8lende glass vann for t\u00f8rst hud. Gir umiddelbar lindring for fuktfattig, sensitiv hud. Epleekstrakt (Pyrus Malus) og glyserin: fukter [&hellip;]<\/p>\n","protected":false},"featured_media":377239,"comment_status":"open","ping_status":"closed","template":"","meta":{"_trash_the_other_posts":false},"product_brand":[],"product_cat":[559],"product_tag":[],"berocket_brand":[1420],"class_list":{"0":"post-377258","1":"product","2":"type-product","3":"status-publish","4":"has-post-thumbnail","6":"product_cat-ansiktskrem","7":"pa_brand-dermalogica","8":"berocket_brand-dermalogica","10":"first","11":"instock","12":"sale","13":"taxable","14":"shipping-taxable","15":"purchasable","16":"product-type-simple"},"_links":{"self":[{"href":"https:\/\/stylingagenten.com\/no\/wp-json\/wp\/v2\/product\/377258","targetHints":{"allow":["GET"]}}],"collection":[{"href":"https:\/\/stylingagenten.com\/no\/wp-json\/wp\/v2\/product"}],"about":[{"href":"https:\/\/stylingagenten.com\/no\/wp-json\/wp\/v2\/types\/product"}],"replies":[{"embeddable":true,"href":"https:\/\/stylingagenten.com\/no\/wp-json\/wp\/v2\/comments?post=377258"}],"version-history":[{"count":0,"href":"https:\/\/stylingagenten.com\/no\/wp-json\/wp\/v2\/product\/377258\/revisions"}],"wp:featuredmedia":[{"embeddable":true,"href":"https:\/\/stylingagenten.com\/no\/wp-json\/wp\/v2\/media\/377239"}],"wp:attachment":[{"href":"https:\/\/stylingagenten.com\/no\/wp-json\/wp\/v2\/media?parent=377258"}],"wp:term":[{"taxonomy":"product_brand","embeddable":true,"href":"https:\/\/stylingagenten.com\/no\/wp-json\/wp\/v2\/product_brand?post=377258"},{"taxonomy":"product_cat","embeddable":true,"href":"https:\/\/stylingagenten.com\/no\/wp-json\/wp\/v2\/product_cat?post=377258"},{"taxonomy":"product_tag","embeddable":true,"href":"https:\/\/stylingagenten.com\/no\/wp-json\/wp\/v2\/product_tag?post=377258"},{"taxonomy":"berocket_brand","embeddable":true,"href":"https:\/\/stylingagenten.com\/no\/wp-json\/wp\/v2\/berocket_brand?post=377258"}],"curies":[{"name":"wp","href":"https:\/\/api.w.org\/{rel}","templated":true}]}}