{"id":377245,"date":"2025-05-18T20:59:41","date_gmt":"2025-05-18T20:59:41","guid":{"rendered":"https:\/\/staging2.stylingagenten.com\/no\/produkt\/dermalogica-powerbright-overnight-cream-50ml\/"},"modified":"2026-04-08T15:30:37","modified_gmt":"2026-04-08T15:30:37","slug":"dermalogica-powerbright-overnight-cream-50ml","status":"publish","type":"product","link":"https:\/\/stylingagenten.com\/no\/produkt\/dermalogica-powerbright-overnight-cream-50ml\/","title":{"rendered":"Dermalogica PowerBright Overnight Cream 50ml"},"content":{"rendered":"<p>Dermalogica PowerBright Overnight Cream er en pigmentutjevnende fuktighetskrem som drar nytte av hudens reparasjonsprosess om natten, styrker hudens beskyttelse mot frie radikaler og reduserer hyperpigmentering.<\/p>\n<p>Niacinamid og Hexylresorcinol: demper hyperpigmentering og normaliserer pigmentproduksjonen. Magnesiumaskorbylfosfat (Vitamin C): en kraftfull lysnende form av Vitamin C. Papain (enzym fra papaya): l\u00f8ser opp d\u00f8de hudceller, jevner ut tekstur. Lakrisrot-ekstrakt: beroliger og demper hudirritasjon. Traneb\u00e6r- og bringeb\u00e6rfr\u00f8olje: motvirker effekten av frie radikaler fra luftb\u00e5rne forurensninger. Mykgj\u00f8r og tilf\u00f8rer fuktighet.<\/p>\n<p>50 ml<\/p>\n","protected":false},"excerpt":{"rendered":"<p>Dermalogica PowerBright Overnight Cream er en pigmentutjevnende fuktighetskrem som drar nytte av hudens reparasjonsprosess om natten, styrker hudens beskyttelse mot frie radikaler og reduserer hyperpigmentering. Niacinamid og Hexylresorcinol: demper hyperpigmentering og normaliserer pigmentproduksjonen. Magnesiumaskorbylfosfat (Vitamin C): en kraftfull lysnende form av Vitamin C. Papain (enzym fra papaya): l\u00f8ser opp d\u00f8de hudceller, jevner ut tekstur. Lakrisrot-ekstrakt: [&hellip;]<\/p>\n","protected":false},"featured_media":377213,"comment_status":"open","ping_status":"closed","template":"","meta":{"_trash_the_other_posts":false},"product_brand":[],"product_cat":[559],"product_tag":[],"berocket_brand":[1420],"class_list":{"0":"post-377245","1":"product","2":"type-product","3":"status-publish","4":"has-post-thumbnail","6":"product_cat-ansiktskrem","7":"pa_brand-dermalogica","8":"berocket_brand-dermalogica","10":"first","11":"instock","12":"sale","13":"taxable","14":"shipping-taxable","15":"purchasable","16":"product-type-simple"},"_links":{"self":[{"href":"https:\/\/stylingagenten.com\/no\/wp-json\/wp\/v2\/product\/377245","targetHints":{"allow":["GET"]}}],"collection":[{"href":"https:\/\/stylingagenten.com\/no\/wp-json\/wp\/v2\/product"}],"about":[{"href":"https:\/\/stylingagenten.com\/no\/wp-json\/wp\/v2\/types\/product"}],"replies":[{"embeddable":true,"href":"https:\/\/stylingagenten.com\/no\/wp-json\/wp\/v2\/comments?post=377245"}],"version-history":[{"count":0,"href":"https:\/\/stylingagenten.com\/no\/wp-json\/wp\/v2\/product\/377245\/revisions"}],"wp:featuredmedia":[{"embeddable":true,"href":"https:\/\/stylingagenten.com\/no\/wp-json\/wp\/v2\/media\/377213"}],"wp:attachment":[{"href":"https:\/\/stylingagenten.com\/no\/wp-json\/wp\/v2\/media?parent=377245"}],"wp:term":[{"taxonomy":"product_brand","embeddable":true,"href":"https:\/\/stylingagenten.com\/no\/wp-json\/wp\/v2\/product_brand?post=377245"},{"taxonomy":"product_cat","embeddable":true,"href":"https:\/\/stylingagenten.com\/no\/wp-json\/wp\/v2\/product_cat?post=377245"},{"taxonomy":"product_tag","embeddable":true,"href":"https:\/\/stylingagenten.com\/no\/wp-json\/wp\/v2\/product_tag?post=377245"},{"taxonomy":"berocket_brand","embeddable":true,"href":"https:\/\/stylingagenten.com\/no\/wp-json\/wp\/v2\/berocket_brand?post=377245"}],"curies":[{"name":"wp","href":"https:\/\/api.w.org\/{rel}","templated":true}]}}